{"id":771514,"date":"2025-08-28T15:07:57","date_gmt":"2025-08-28T12:07:57","guid":{"rendered":"https:\/\/roveyayinevi.com.tr\/index.php\/urun\/mohac-muharebesi-1526\/"},"modified":"2026-04-15T03:37:48","modified_gmt":"2026-04-15T00:37:48","slug":"mohac-muharebesi-1526","status":"publish","type":"product","link":"https:\/\/roveyayinevi.com.tr\/index.php\/urun\/mohac-muharebesi-1526\/","title":{"rendered":"Moha\u00e7 Muharebesi 1526"},"content":{"rendered":"<p>29 A\u011fustos 1526\u2019da cereyan eden Moha\u00e7 Muharebesi, diplomatik ve ideolojik arka plan\u0131yla Avrupa tarihinin en \u00f6nemli sava\u015flar\u0131ndan biridir. T\u00fcrkler bu sava\u015f sonras\u0131nda Tuna\u2019y\u0131 a\u015f\u0131p Orta \u00c7a\u011f\u2019\u0131n en kudretli devletlerinden Macar Krall\u0131\u011f\u0131\u2019n\u0131n y\u0131k\u0131lmas\u0131n\u0131n \u00f6n\u00fcn\u00fc a\u00e7m\u0131\u015f ve Orta Avrupa\u2019da iki asra yak\u0131n h\u00fck\u00fcm s\u00fcrm\u00fc\u015ft\u00fcr. Osmanl\u0131lar\u0131n Macaristan\u2019a yerle\u015fmesiyle uzak iki akraba millet olan Macarlar ve T\u00fcrkler aras\u0131nda k\u00fclt\u00fcrel yak\u0131nla\u015fma ba\u015flam\u0131\u015f, g\u00fcn\u00fcm\u00fcze kadar devam eden T\u00fcrk-Macar dostlu\u011funun da temelleri at\u0131lm\u0131\u015ft\u0131r. Avrupa\u2019daki b\u00fct\u00fcn dengeleri de\u011fi\u015ftiren Moha\u00e7 Muharebesi, iki g\u00f6rkemli imparatorluk, Osmanl\u0131lar ile Habsburglar\u0131 kar\u015f\u0131 kar\u015f\u0131ya getirmi\u015f, bir anlamda V. Karl ile Kanuni Sultan S\u00fcleyman aras\u0131nda cihangirlik m\u00fccadelesini ba\u015flatm\u0131\u015ft\u0131r.Asker\u00ee tarih uzman\u0131 Prof. Dr. Mehmet Ya\u015far Erta\u015f\u2019\u0131n ak\u0131c\u0131 bir \u00fcslupla kaleme ald\u0131\u011f\u0131 bu kitapta, b\u00f6lgesel ve k\u00fcresel d\u00fczeyde derin etkileri olan Moha\u00e7 Muharebesi\u2019nin politik ve ideolojik arka plan\u0131, konjonkt\u00fcrel dinamikleri, siyasi akt\u00f6rleri, sava\u015fa yol a\u00e7an geli\u015fmeleri, sefer haz\u0131rl\u0131klar\u0131, stratejileri ve taktikleri, sava\u015f alan\u0131 ve sava\u015f\u0131n sonu\u00e7lar\u0131 ayr\u0131nt\u0131l\u0131 bir \u015fekilde ele al\u0131nm\u0131\u015ft\u0131r. Sava\u015f\u0131n b\u00fct\u00fcn safhalar\u0131n\u0131n tamam\u0131 renkli haritalar, minyat\u00fcrler, resimler, foto\u011fraflar ve planlarla desteklenerek anlat\u0131ld\u0131\u011f\u0131 bu eser, merakl\u0131 tarih okurlar\u0131n\u0131n her t\u00fcr sorusuna cevap bulacaklar\u0131 bir i\u00e7erikte haz\u0131rlanm\u0131\u015ft\u0131r.<\/p>\n","protected":false},"excerpt":{"rendered":"<p>29 A\u011fustos 1526\u2019da cereyan eden Moha\u00e7 Muharebesi, diplomatik ve ideolojik arka plan\u0131yla Avrupa tarihinin en \u00f6nemli sava\u015flar\u0131ndan biridir. T\u00fcrkler bu sava\u015f sonras\u0131nda Tuna\u2019y\u0131 a\u015f\u0131p Orta \u00c7a\u011f\u2019\u0131n<span class=\"excerpt-hellip\"> [\u2026]<\/span><\/p>\n","protected":false},"featured_media":0,"template":"","meta":{"_monsterinsights_skip_tracking":false,"_monsterinsights_sitenote_active":false,"_monsterinsights_sitenote_note":"","_monsterinsights_sitenote_category":0},"product_brand":[],"product_cat":[12370,12304],"product_tag":[],"class_list":{"0":"post-771514","1":"product","2":"type-product","3":"status-publish","5":"product_cat-arastirma-inceleme","6":"product_cat-tarih","7":"pa_cilt-ciltsiz","8":"pa_tur-kitap","9":"pa_yayinevi-timas-yayinlari","10":"pa_yazar-mehmet-yasar-ertas","12":"first","13":"instock","14":"sale","15":"shipping-taxable","16":"purchasable","17":"product-type-simple"},"_links":{"self":[{"href":"https:\/\/roveyayinevi.com.tr\/index.php\/wp-json\/wp\/v2\/product\/771514","targetHints":{"allow":["GET"]}}],"collection":[{"href":"https:\/\/roveyayinevi.com.tr\/index.php\/wp-json\/wp\/v2\/product"}],"about":[{"href":"https:\/\/roveyayinevi.com.tr\/index.php\/wp-json\/wp\/v2\/types\/product"}],"wp:attachment":[{"href":"https:\/\/roveyayinevi.com.tr\/index.php\/wp-json\/wp\/v2\/media?parent=771514"}],"wp:term":[{"taxonomy":"product_brand","embeddable":true,"href":"https:\/\/roveyayinevi.com.tr\/index.php\/wp-json\/wp\/v2\/product_brand?post=771514"},{"taxonomy":"product_cat","embeddable":true,"href":"https:\/\/roveyayinevi.com.tr\/index.php\/wp-json\/wp\/v2\/product_cat?post=771514"},{"taxonomy":"product_tag","embeddable":true,"href":"https:\/\/roveyayinevi.com.tr\/index.php\/wp-json\/wp\/v2\/product_tag?post=771514"}],"curies":[{"name":"wp","href":"https:\/\/api.w.org\/{rel}","templated":true}]}}