{"id":771513,"date":"2025-08-28T15:07:56","date_gmt":"2025-08-28T12:07:56","guid":{"rendered":"https:\/\/roveyayinevi.com.tr\/index.php\/urun\/ruhsal-akil\/"},"modified":"2026-04-15T03:37:48","modified_gmt":"2026-04-15T00:37:48","slug":"ruhsal-akil","status":"publish","type":"product","link":"https:\/\/roveyayinevi.com.tr\/index.php\/urun\/ruhsal-akil\/","title":{"rendered":"Ruhsal Ak\u0131l"},"content":{"rendered":"<p>Ruhsal ak\u0131l; bilinmeyen, g\u00f6r\u00fcnmeyen fakat alg\u0131lanabilen bir kavramd\u0131r ve somut \u015feylere bakarak ya\u015famda bir yarat\u0131l\u0131\u015f amac\u0131 oldu\u011funu sezmemize yard\u0131mc\u0131 olur. Ya\u015fam\u0131n do\u011fumla ba\u015flayan, \u00f6l\u00fcmle biten bir s\u00fcre\u00e7 olmad\u0131\u011f\u0131n\u0131; \u00f6ncesi ve sonras\u0131 olabilece\u011fini; bedenden ayr\u0131ld\u0131\u011f\u0131 zaman as\u0131l varl\u0131k olan \u2018\u00f6z&#8217;\u00fcn devaml\u0131l\u0131\u011f\u0131n\u0131 s\u00fcrd\u00fcrd\u00fc\u011f\u00fcn\u00fc fark etmektir.\u0130htiya\u00e7lar\u0131 anlamak, kendini geli\u015ftirmek, sevmek, iradeli olmak, \u00e7al\u0131\u015fkan olmak, vicdan\u0131n sesini duymak gibi \u00f6z\u00fcnde gizli bulunan ruhsal erdemleri geli\u015ftirmek ve yeni yetenekleri ortaya \u00e7\u0131karabilmek; ruhsal zek\u00e2n\u0131n i\u015flevlerindendir.Dengeli bir ya\u015fam i\u00e7in \u00f6nemli olan ruhumuza ihtiyac\u0131 olan g\u0131day\u0131 vererek hayat\u0131m\u0131z\u0131 dengede tutmak ve akl\u0131 ruhla bulu\u015fturarak birlikte ya\u015famakt\u0131r.<\/p>\n","protected":false},"excerpt":{"rendered":"<p>Ruhsal ak\u0131l; bilinmeyen, g\u00f6r\u00fcnmeyen fakat alg\u0131lanabilen bir kavramd\u0131r ve somut \u015feylere bakarak ya\u015famda bir yarat\u0131l\u0131\u015f amac\u0131 oldu\u011funu sezmemize yard\u0131mc\u0131 olur. Ya\u015fam\u0131n do\u011fumla ba\u015flayan, \u00f6l\u00fcmle biten bir<span class=\"excerpt-hellip\"> [\u2026]<\/span><\/p>\n","protected":false},"featured_media":0,"template":"","meta":{"_monsterinsights_skip_tracking":false,"_monsterinsights_sitenote_active":false,"_monsterinsights_sitenote_note":"","_monsterinsights_sitenote_category":0},"product_brand":[],"product_cat":[12364,12376],"product_tag":[],"class_list":{"0":"post-771513","1":"product","2":"type-product","3":"status-publish","5":"product_cat-genel-konular","6":"product_cat-kisisel-gelisim","7":"pa_cilt-ciltsiz","8":"pa_tur-kitap","9":"pa_yayinevi-yediveren-yayinlari","10":"pa_yazar-salman-jayesh-khanna","12":"first","13":"instock","14":"sale","15":"shipping-taxable","16":"purchasable","17":"product-type-simple"},"_links":{"self":[{"href":"https:\/\/roveyayinevi.com.tr\/index.php\/wp-json\/wp\/v2\/product\/771513","targetHints":{"allow":["GET"]}}],"collection":[{"href":"https:\/\/roveyayinevi.com.tr\/index.php\/wp-json\/wp\/v2\/product"}],"about":[{"href":"https:\/\/roveyayinevi.com.tr\/index.php\/wp-json\/wp\/v2\/types\/product"}],"wp:attachment":[{"href":"https:\/\/roveyayinevi.com.tr\/index.php\/wp-json\/wp\/v2\/media?parent=771513"}],"wp:term":[{"taxonomy":"product_brand","embeddable":true,"href":"https:\/\/roveyayinevi.com.tr\/index.php\/wp-json\/wp\/v2\/product_brand?post=771513"},{"taxonomy":"product_cat","embeddable":true,"href":"https:\/\/roveyayinevi.com.tr\/index.php\/wp-json\/wp\/v2\/product_cat?post=771513"},{"taxonomy":"product_tag","embeddable":true,"href":"https:\/\/roveyayinevi.com.tr\/index.php\/wp-json\/wp\/v2\/product_tag?post=771513"}],"curies":[{"name":"wp","href":"https:\/\/api.w.org\/{rel}","templated":true}]}}