{"id":771510,"date":"2025-08-28T15:07:49","date_gmt":"2025-08-28T12:07:49","guid":{"rendered":"https:\/\/roveyayinevi.com.tr\/index.php\/urun\/kafi\/"},"modified":"2026-04-15T03:37:48","modified_gmt":"2026-04-15T00:37:48","slug":"kafi","status":"publish","type":"product","link":"https:\/\/roveyayinevi.com.tr\/index.php\/urun\/kafi\/","title":{"rendered":"Kafi"},"content":{"rendered":"<p>Kitab\u0131 bitirdi\u011fim g\u00fcn \u00fczerimde b\u00fct\u00fcn siyah bulutlar da\u011f\u0131ld\u0131, g\u00fcne\u015f do\u011fdu ruhuma.  G\u00fcl\u00fcmsemeyi bir ya\u015fam tarz\u0131 haline getirmeyi ba\u015fard\u0131m. Her \u015feyi herkesi sevmeyi ba\u015flad\u0131m. Ge\u00e7mi\u015fimi s\u0131rt\u0131mdan \u00e7\u0131kar\u0131p att\u0131m, ruhumu tazeledim, g\u00fczelle\u015ftirdim, \u00f6z\u00fcne yara\u015f\u0131r bir ruhum oldu. Gelece\u011fe dair umutlar\u0131m yeniden ye\u015ferdi. Me\u011fer ya\u015famak kolaym\u0131\u015f ve g\u00fczelmi\u015f.  Kendini bulmak i\u00e7in Kaf da\u011f\u0131na gitmeye gerek olmad\u0131\u011f\u0131n\u0131 \u00f6\u011frendim. Kitab\u0131 bitirdi\u011fim g\u00fcn insan\u0131n kendine k\u00e2fi oldu\u011funu farkettim!  Art\u0131k kimseye ihtiya\u00e7 duymadan her \u015feye K\u00e2fi olanla birlikte huzurla ya\u015f\u0131yorum. Ve kalbime \u015funu f\u0131s\u0131ldad\u0131m; &#8220;Senin ilac\u0131n sevgidir, sevgi dert al\u0131r, derman satar!&#8221;<\/p>\n","protected":false},"excerpt":{"rendered":"<p>Kitab\u0131 bitirdi\u011fim g\u00fcn \u00fczerimde b\u00fct\u00fcn siyah bulutlar da\u011f\u0131ld\u0131, g\u00fcne\u015f do\u011fdu ruhuma. G\u00fcl\u00fcmsemeyi bir ya\u015fam tarz\u0131 haline getirmeyi ba\u015fard\u0131m. Her \u015feyi herkesi sevmeyi ba\u015flad\u0131m. Ge\u00e7mi\u015fimi s\u0131rt\u0131mdan \u00e7\u0131kar\u0131p<span class=\"excerpt-hellip\"> [\u2026]<\/span><\/p>\n","protected":false},"featured_media":0,"template":"","meta":{"_monsterinsights_skip_tracking":false,"_monsterinsights_sitenote_active":false,"_monsterinsights_sitenote_note":"","_monsterinsights_sitenote_category":0},"product_brand":[],"product_cat":[12291,12711],"product_tag":[],"class_list":{"0":"post-771510","1":"product","2":"type-product","3":"status-publish","5":"product_cat-edebiyat","6":"product_cat-roman-oyku","7":"pa_cilt-ciltsiz","8":"pa_tur-kitap","9":"pa_yayinevi-yediveren-yayinlari","10":"pa_yazar-bilal-civelek","12":"first","13":"instock","14":"sale","15":"shipping-taxable","16":"purchasable","17":"product-type-simple"},"_links":{"self":[{"href":"https:\/\/roveyayinevi.com.tr\/index.php\/wp-json\/wp\/v2\/product\/771510","targetHints":{"allow":["GET"]}}],"collection":[{"href":"https:\/\/roveyayinevi.com.tr\/index.php\/wp-json\/wp\/v2\/product"}],"about":[{"href":"https:\/\/roveyayinevi.com.tr\/index.php\/wp-json\/wp\/v2\/types\/product"}],"wp:attachment":[{"href":"https:\/\/roveyayinevi.com.tr\/index.php\/wp-json\/wp\/v2\/media?parent=771510"}],"wp:term":[{"taxonomy":"product_brand","embeddable":true,"href":"https:\/\/roveyayinevi.com.tr\/index.php\/wp-json\/wp\/v2\/product_brand?post=771510"},{"taxonomy":"product_cat","embeddable":true,"href":"https:\/\/roveyayinevi.com.tr\/index.php\/wp-json\/wp\/v2\/product_cat?post=771510"},{"taxonomy":"product_tag","embeddable":true,"href":"https:\/\/roveyayinevi.com.tr\/index.php\/wp-json\/wp\/v2\/product_tag?post=771510"}],"curies":[{"name":"wp","href":"https:\/\/api.w.org\/{rel}","templated":true}]}}