{"id":771508,"date":"2025-08-28T15:07:44","date_gmt":"2025-08-28T12:07:44","guid":{"rendered":"https:\/\/roveyayinevi.com.tr\/index.php\/urun\/doguyla-batinin-konya-macerasi\/"},"modified":"2026-04-15T03:37:48","modified_gmt":"2026-04-15T00:37:48","slug":"doguyla-batinin-konya-macerasi","status":"publish","type":"product","link":"https:\/\/roveyayinevi.com.tr\/index.php\/urun\/doguyla-batinin-konya-macerasi\/","title":{"rendered":"Do\u011fu&#8217;yla Bat\u0131&#8217;n\u0131n Konya Maceras\u0131"},"content":{"rendered":"<p>Her yaz oldu\u011fu gibi bu yaz da gezi maceralar\u0131m\u0131z devam ediyor. Yine yerimizde duramad\u0131k ve bu sefer rotam\u0131z\u0131 Konya&#8217;ya \u00e7evirdik. Konya&#8217;da gezerken kimi zaman bizi \u015fa\u015f\u0131rtan ve g\u00fcld\u00fcren kimi zaman \u00f6\u011freten ve duyguland\u0131ran maceralar ya\u015fad\u0131k. Bizim gibi seyahat etmeyi seven ilgin\u00e7 insanlarla tan\u0131\u015ft\u0131k, arkada\u015f olduk.Elinde tutu\u011fun bu kitapta gezilerimizin yan\u0131 s\u0131ra bulmacalar, testler, \u015fa\u015f\u0131rt\u0131c\u0131 bilgiler de seni bekliyor.Bol gezmeler ve keyifli okumalar.<\/p>\n","protected":false},"excerpt":{"rendered":"<p>Her yaz oldu\u011fu gibi bu yaz da gezi maceralar\u0131m\u0131z devam ediyor. Yine yerimizde duramad\u0131k ve bu sefer rotam\u0131z\u0131 Konya&#8217;ya \u00e7evirdik. Konya&#8217;da gezerken kimi zaman bizi \u015fa\u015f\u0131rtan<span class=\"excerpt-hellip\"> [\u2026]<\/span><\/p>\n","protected":false},"featured_media":0,"template":"","meta":{"_monsterinsights_skip_tracking":false,"_monsterinsights_sitenote_active":false,"_monsterinsights_sitenote_note":"","_monsterinsights_sitenote_category":0},"product_brand":[],"product_cat":[12274,12284],"product_tag":[],"class_list":{"0":"post-771508","1":"product","2":"type-product","3":"status-publish","5":"product_cat-cocuk-ve-genclik-kitaplari","6":"product_cat-hikayeler","7":"pa_cilt-ciltsiz","8":"pa_tur-kitap","9":"pa_yayinevi-yediveren-cocuk","10":"pa_yazar-asena-meric","12":"first","13":"instock","14":"sale","15":"shipping-taxable","16":"purchasable","17":"product-type-simple"},"_links":{"self":[{"href":"https:\/\/roveyayinevi.com.tr\/index.php\/wp-json\/wp\/v2\/product\/771508","targetHints":{"allow":["GET"]}}],"collection":[{"href":"https:\/\/roveyayinevi.com.tr\/index.php\/wp-json\/wp\/v2\/product"}],"about":[{"href":"https:\/\/roveyayinevi.com.tr\/index.php\/wp-json\/wp\/v2\/types\/product"}],"wp:attachment":[{"href":"https:\/\/roveyayinevi.com.tr\/index.php\/wp-json\/wp\/v2\/media?parent=771508"}],"wp:term":[{"taxonomy":"product_brand","embeddable":true,"href":"https:\/\/roveyayinevi.com.tr\/index.php\/wp-json\/wp\/v2\/product_brand?post=771508"},{"taxonomy":"product_cat","embeddable":true,"href":"https:\/\/roveyayinevi.com.tr\/index.php\/wp-json\/wp\/v2\/product_cat?post=771508"},{"taxonomy":"product_tag","embeddable":true,"href":"https:\/\/roveyayinevi.com.tr\/index.php\/wp-json\/wp\/v2\/product_tag?post=771508"}],"curies":[{"name":"wp","href":"https:\/\/api.w.org\/{rel}","templated":true}]}}