{"id":771506,"date":"2025-08-28T15:07:37","date_gmt":"2025-08-28T12:07:37","guid":{"rendered":"https:\/\/roveyayinevi.com.tr\/index.php\/urun\/metehan\/"},"modified":"2026-04-15T03:37:48","modified_gmt":"2026-04-15T00:37:48","slug":"metehan","status":"publish","type":"product","link":"https:\/\/roveyayinevi.com.tr\/index.php\/urun\/metehan\/","title":{"rendered":"Metehan"},"content":{"rendered":"<p>Mete elini k\u0131l\u0131c\u0131na att\u0131 bu defa, \u201cBabam\u0131za sayg\u0131m\u0131z sonsuzdur fakat itaatimiz bundan b\u00f6yle Hun milletinin takendisinedir! Babam\u0131z art\u0131k g\u00fc\u00e7s\u00fcz h\u00e2le getirdi\u011fi devletimize bizi de eklemek istiyorsa yan\u0131l\u0131yor. Bizi \u00f6ld\u00fcrtmek istedi amatalihi yaver gitmedi. \u015eimdi de dostluk yoluyla yeni bir tuzak aray\u0131\u015f\u0131ndad\u0131r. Ya ba\u011f\u0131ms\u0131z ya\u015far\u0131z ya da \u00f6l\u00fcr\u00fcz! Daha fazlas\u0131s\u00f6z harman\u0131 savurmakt\u0131r.\u201d Teoman Han, g\u00f6zde o\u011fluna rakip oldu\u011fu i\u00e7in di\u011fer o\u011flu Mete\u2019yi kendi elleriyle bizzat d\u00fc\u015fmana rehin verir. Mete, s\u00fcrg\u00fcnko\u015fullar\u0131na ra\u011fmen umudunu kaybetmez. Dillere destan yi\u011fitli\u011fi ve sava\u015f\u00e7\u0131l\u0131\u011f\u0131yla tutsak edildi\u011fi \u00fclkeden ka\u00e7ar. Ancakkendi \u00fclkesinde de etraf\u0131 d\u00fc\u015fmanlarla \u00e7evrilidir. T\u00fcrk halklar\u0131n\u0131n efsanevi atas\u0131, O\u011fuz Ka\u011fan olarak da bilinen Mete Han\u2019\u0131n destans\u0131 kahramanl\u0131\u011f\u0131 Okay Tiryakio\u011flu\u2019nun\u00f6zg\u00fcn \u00fcslubuyla birle\u015fiyor. Asya\u2019n\u0131n kurdu Mete\u2019nin s\u00fcrg\u00fcnde bir tutsakken nas\u0131l bozk\u0131r\u0131n en b\u00fcy\u00fck imparatorlu\u011funaKa\u011fan oldu\u011funun s\u00fcr\u00fckleyici \u00f6yk\u00fcs\u00fc. Eserleri dokuz dile \u00e7evrilen, T\u00fcrkiye\u2019nin en \u00e7ok okunan tarih\u00ee romanlar\u0131n\u0131n yazar\u0131, \u201cG\u00fcn\u00fcm\u00fcz\u00fcn Peyami Safa\u2019s\u0131\u201d olarakan\u0131lan Okay Tiryakio\u011flu\u2019nun kaleminden T\u00fcrk tarihinin en \u00f6nemli b\u00fcy\u00fcklerinden olan Mete Han\u2019\u0131n nefes kesen hik\u00e2yesi\u2026<\/p>\n","protected":false},"excerpt":{"rendered":"<p>Mete elini k\u0131l\u0131c\u0131na att\u0131 bu defa, \u201cBabam\u0131za sayg\u0131m\u0131z sonsuzdur fakat itaatimiz bundan b\u00f6yle Hun milletinin takendisinedir! Babam\u0131z art\u0131k g\u00fc\u00e7s\u00fcz h\u00e2le getirdi\u011fi devletimize bizi de eklemek istiyorsa<span class=\"excerpt-hellip\"> [\u2026]<\/span><\/p>\n","protected":false},"featured_media":0,"template":"","meta":{"_monsterinsights_skip_tracking":false,"_monsterinsights_sitenote_active":false,"_monsterinsights_sitenote_note":"","_monsterinsights_sitenote_category":0},"product_brand":[],"product_cat":[12291,12711],"product_tag":[],"class_list":{"0":"post-771506","1":"product","2":"type-product","3":"status-publish","5":"product_cat-edebiyat","6":"product_cat-roman-oyku","7":"pa_cilt-ciltsiz","8":"pa_tur-kitap","9":"pa_yayinevi-timas-yayinlari","10":"pa_yazar-okay-tiryakioglu","12":"first","13":"instock","14":"sale","15":"shipping-taxable","16":"purchasable","17":"product-type-simple"},"_links":{"self":[{"href":"https:\/\/roveyayinevi.com.tr\/index.php\/wp-json\/wp\/v2\/product\/771506","targetHints":{"allow":["GET"]}}],"collection":[{"href":"https:\/\/roveyayinevi.com.tr\/index.php\/wp-json\/wp\/v2\/product"}],"about":[{"href":"https:\/\/roveyayinevi.com.tr\/index.php\/wp-json\/wp\/v2\/types\/product"}],"wp:attachment":[{"href":"https:\/\/roveyayinevi.com.tr\/index.php\/wp-json\/wp\/v2\/media?parent=771506"}],"wp:term":[{"taxonomy":"product_brand","embeddable":true,"href":"https:\/\/roveyayinevi.com.tr\/index.php\/wp-json\/wp\/v2\/product_brand?post=771506"},{"taxonomy":"product_cat","embeddable":true,"href":"https:\/\/roveyayinevi.com.tr\/index.php\/wp-json\/wp\/v2\/product_cat?post=771506"},{"taxonomy":"product_tag","embeddable":true,"href":"https:\/\/roveyayinevi.com.tr\/index.php\/wp-json\/wp\/v2\/product_tag?post=771506"}],"curies":[{"name":"wp","href":"https:\/\/api.w.org\/{rel}","templated":true}]}}