{"id":771505,"date":"2025-08-28T15:07:35","date_gmt":"2025-08-28T12:07:35","guid":{"rendered":"https:\/\/roveyayinevi.com.tr\/index.php\/urun\/ali-kuscu-iz-birakanlar\/"},"modified":"2026-04-15T03:37:48","modified_gmt":"2026-04-15T00:37:48","slug":"ali-kuscu-iz-birakanlar","status":"publish","type":"product","link":"https:\/\/roveyayinevi.com.tr\/index.php\/urun\/ali-kuscu-iz-birakanlar\/","title":{"rendered":"Ali Ku\u015fcu &#8211; \u0130z B\u0131rakanlar"},"content":{"rendered":"<p>Astronomi ve matematik alan\u0131nda yapt\u0131\u011f\u0131 \u00e7al\u0131\u015fmalar ile bu ilimlerin Anadolu&#8217;da yay\u0131lmas\u0131na b\u00fcy\u00fck katk\u0131 sa\u011flayan Ali Ku\u015f\u00e7u&#8217;yu daha yak\u0131ndan tan\u0131yaca\u011f\u0131n muhte\u015fem bir yolculu\u011fa \u00e7\u0131kmaya haz\u0131r m\u0131s\u0131n?Tarihte iz b\u0131rakan ger\u00e7ek kahramanlarla tan\u0131\u015fmak i\u00e7in sayfalar\u0131 \u00e7evirmeye ba\u015fla ve kat\u0131l aram\u0131za!<\/p>\n","protected":false},"excerpt":{"rendered":"<p>Astronomi ve matematik alan\u0131nda yapt\u0131\u011f\u0131 \u00e7al\u0131\u015fmalar ile bu ilimlerin Anadolu&#8217;da yay\u0131lmas\u0131na b\u00fcy\u00fck katk\u0131 sa\u011flayan Ali Ku\u015f\u00e7u&#8217;yu daha yak\u0131ndan tan\u0131yaca\u011f\u0131n muhte\u015fem bir yolculu\u011fa \u00e7\u0131kmaya haz\u0131r m\u0131s\u0131n?Tarihte iz<span class=\"excerpt-hellip\"> [\u2026]<\/span><\/p>\n","protected":false},"featured_media":0,"template":"","meta":{"_monsterinsights_skip_tracking":false,"_monsterinsights_sitenote_active":false,"_monsterinsights_sitenote_note":"","_monsterinsights_sitenote_category":0},"product_brand":[],"product_cat":[12274,12284],"product_tag":[],"class_list":{"0":"post-771505","1":"product","2":"type-product","3":"status-publish","5":"product_cat-cocuk-ve-genclik-kitaplari","6":"product_cat-hikayeler","7":"pa_cilt-ciltsiz","8":"pa_tur-kitap","9":"pa_yayinevi-yediveren-cocuk","10":"pa_yazar-eda-bayrak","12":"first","13":"instock","14":"sale","15":"shipping-taxable","16":"purchasable","17":"product-type-simple"},"_links":{"self":[{"href":"https:\/\/roveyayinevi.com.tr\/index.php\/wp-json\/wp\/v2\/product\/771505","targetHints":{"allow":["GET"]}}],"collection":[{"href":"https:\/\/roveyayinevi.com.tr\/index.php\/wp-json\/wp\/v2\/product"}],"about":[{"href":"https:\/\/roveyayinevi.com.tr\/index.php\/wp-json\/wp\/v2\/types\/product"}],"wp:attachment":[{"href":"https:\/\/roveyayinevi.com.tr\/index.php\/wp-json\/wp\/v2\/media?parent=771505"}],"wp:term":[{"taxonomy":"product_brand","embeddable":true,"href":"https:\/\/roveyayinevi.com.tr\/index.php\/wp-json\/wp\/v2\/product_brand?post=771505"},{"taxonomy":"product_cat","embeddable":true,"href":"https:\/\/roveyayinevi.com.tr\/index.php\/wp-json\/wp\/v2\/product_cat?post=771505"},{"taxonomy":"product_tag","embeddable":true,"href":"https:\/\/roveyayinevi.com.tr\/index.php\/wp-json\/wp\/v2\/product_tag?post=771505"}],"curies":[{"name":"wp","href":"https:\/\/api.w.org\/{rel}","templated":true}]}}