{"id":771504,"date":"2025-08-28T15:07:33","date_gmt":"2025-08-28T12:07:33","guid":{"rendered":"https:\/\/roveyayinevi.com.tr\/index.php\/urun\/allaha-birak-olmus-bil\/"},"modified":"2026-04-15T03:37:48","modified_gmt":"2026-04-15T00:37:48","slug":"allaha-birak-olmus-bil","status":"publish","type":"product","link":"https:\/\/roveyayinevi.com.tr\/index.php\/urun\/allaha-birak-olmus-bil\/","title":{"rendered":"Allah&#8217;a B\u0131rak Olmu\u015f Bil"},"content":{"rendered":"<p>D\u00fcnya bir tuz y\u00fck\u00fcd\u00fcr insano\u011flunun s\u0131rt\u0131nda. Kimi y\u00fck, a\u011f\u0131r belimizi b\u00fcker, kimi akl\u0131n s\u0131n\u0131rlar\u0131n\u0131 zorlar, kimi bu s\u0131navda, nefesimizi keser&#8230;Bu zorlu s\u0131nav kulvar\u0131n\u0131 kolayla\u015ft\u0131ran tek g\u00fc\u00e7 duad\u0131r.  Dua; kudret sahibini yard\u0131ma \u00e7a\u011f\u0131rmakt\u0131r, O&#8217;nu anmakt\u0131r, O&#8217;na y\u00fcre\u011fimizle yazd\u0131\u011f\u0131m\u0131z dilek\u00e7edir.Mutlaka cevap yaz\u0131lan bir yakar\u0131\u015ft\u0131r. Yeter ki yakar\u0131\u015f\u0131n \u015feklini ve dozaj\u0131n\u0131 bilelim.Gel birlikte yakaral\u0131m! \u00d6ylesine tek d\u00fcze, s\u0131radan bir yakar\u0131\u015f de\u011fil, istedi\u011fimizi alan y\u00fcrekten bir yakar\u0131\u015f olsun!Ne dersin? Omuzlar\u0131ndaki y\u00fck\u00fc Allah&#8217;a b\u0131rakmaya var m\u0131s\u0131n?<\/p>\n","protected":false},"excerpt":{"rendered":"<p>D\u00fcnya bir tuz y\u00fck\u00fcd\u00fcr insano\u011flunun s\u0131rt\u0131nda. Kimi y\u00fck, a\u011f\u0131r belimizi b\u00fcker, kimi akl\u0131n s\u0131n\u0131rlar\u0131n\u0131 zorlar, kimi bu s\u0131navda, nefesimizi keser&#8230;Bu zorlu s\u0131nav kulvar\u0131n\u0131 kolayla\u015ft\u0131ran tek g\u00fc\u00e7<span class=\"excerpt-hellip\"> [\u2026]<\/span><\/p>\n","protected":false},"featured_media":0,"template":"","meta":{"_monsterinsights_skip_tracking":false,"_monsterinsights_sitenote_active":false,"_monsterinsights_sitenote_note":"","_monsterinsights_sitenote_category":0},"product_brand":[],"product_cat":[12718,12719,12720],"product_tag":[],"class_list":{"0":"post-771504","1":"product","2":"type-product","3":"status-publish","5":"product_cat-din","6":"product_cat-islam","7":"product_cat-tasavvuf-mezhepler-tarikatlar","8":"pa_cilt-ciltsiz","9":"pa_tur-kitap","10":"pa_yayinevi-yediveren-yayinlari","11":"pa_yazar-bilal-civelek","13":"first","14":"instock","15":"sale","16":"shipping-taxable","17":"purchasable","18":"product-type-simple"},"_links":{"self":[{"href":"https:\/\/roveyayinevi.com.tr\/index.php\/wp-json\/wp\/v2\/product\/771504","targetHints":{"allow":["GET"]}}],"collection":[{"href":"https:\/\/roveyayinevi.com.tr\/index.php\/wp-json\/wp\/v2\/product"}],"about":[{"href":"https:\/\/roveyayinevi.com.tr\/index.php\/wp-json\/wp\/v2\/types\/product"}],"wp:attachment":[{"href":"https:\/\/roveyayinevi.com.tr\/index.php\/wp-json\/wp\/v2\/media?parent=771504"}],"wp:term":[{"taxonomy":"product_brand","embeddable":true,"href":"https:\/\/roveyayinevi.com.tr\/index.php\/wp-json\/wp\/v2\/product_brand?post=771504"},{"taxonomy":"product_cat","embeddable":true,"href":"https:\/\/roveyayinevi.com.tr\/index.php\/wp-json\/wp\/v2\/product_cat?post=771504"},{"taxonomy":"product_tag","embeddable":true,"href":"https:\/\/roveyayinevi.com.tr\/index.php\/wp-json\/wp\/v2\/product_tag?post=771504"}],"curies":[{"name":"wp","href":"https:\/\/api.w.org\/{rel}","templated":true}]}}