{"id":771503,"date":"2025-08-28T15:07:32","date_gmt":"2025-08-28T12:07:32","guid":{"rendered":"https:\/\/roveyayinevi.com.tr\/index.php\/urun\/dert-etme-allah-biliyor\/"},"modified":"2026-04-15T03:37:48","modified_gmt":"2026-04-15T00:37:48","slug":"dert-etme-allah-biliyor","status":"publish","type":"product","link":"https:\/\/roveyayinevi.com.tr\/index.php\/urun\/dert-etme-allah-biliyor\/","title":{"rendered":"Dert Etme Allah Biliyor"},"content":{"rendered":"<p>G\u00f6zya\u015flar\u0131n\u0131 sil karde\u015fim!G\u00f6nl\u00fcnde k\u0131r\u0131lan h\u00fcsran testisini d\u00fc\u015f\u00fcnme!Gel, i\u00e7inde k\u0131r\u0131lan ne varsa temizleyelim, yerine hi\u00e7 k\u0131r\u0131lmayacak, Allah a\u015fk\u0131n, yerle\u015ftirelim!Allah yolunda ne h\u00fcsran vard\u0131r ne de k\u0131r\u0131lacak testi!&#8217;Allah beni kabul eder mi? diyorsan, gel birlikte bir demet menek\u015fe toplayal\u0131m! Allah&#8217;\u0131n kap\u0131s\u0131na dayanal\u0131m.O&#8217; kimseyi bo\u015f \u00e7evirmez!\u00c7\u00fcnk\u00fc bizi \u00e7ok seviyor.Bir annenin \u00e7ocu\u011funa \u015fefkati mum ise, Allah&#8217;\u0131n kuluna \u015fefkati g\u00fcne\u015f gibidir.O&#8217;nun kap\u0131s\u0131ndan eli bo\u015f d\u00f6nen daha olmam\u0131\u015ft\u0131r!Sen kalbindeki h\u00fcz\u00fcnle yanaklar\u0131nda s\u00fcz\u00fclen ya\u015flar\u0131 silerken, Allah seni bah\u00e7esine davet ediyor.Hi\u00e7 \u00fcz\u00fclme!Gel ger\u00e7ek &#8216;yar&#8221; \u0131n bah\u00e7esine girelim! Dertlerini ver, derman\u0131n\u0131 al !<\/p>\n","protected":false},"excerpt":{"rendered":"<p>G\u00f6zya\u015flar\u0131n\u0131 sil karde\u015fim!G\u00f6nl\u00fcnde k\u0131r\u0131lan h\u00fcsran testisini d\u00fc\u015f\u00fcnme!Gel, i\u00e7inde k\u0131r\u0131lan ne varsa temizleyelim, yerine hi\u00e7 k\u0131r\u0131lmayacak, Allah a\u015fk\u0131n, yerle\u015ftirelim!Allah yolunda ne h\u00fcsran vard\u0131r ne de k\u0131r\u0131lacak testi!&#8217;Allah<span class=\"excerpt-hellip\"> [\u2026]<\/span><\/p>\n","protected":false},"featured_media":0,"template":"","meta":{"_monsterinsights_skip_tracking":false,"_monsterinsights_sitenote_active":false,"_monsterinsights_sitenote_note":"","_monsterinsights_sitenote_category":0},"product_brand":[],"product_cat":[12718,12719,12720],"product_tag":[],"class_list":{"0":"post-771503","1":"product","2":"type-product","3":"status-publish","5":"product_cat-din","6":"product_cat-islam","7":"product_cat-tasavvuf-mezhepler-tarikatlar","8":"pa_cilt-ciltsiz","9":"pa_tur-kitap","10":"pa_yayinevi-yediveren-yayinlari","11":"pa_yazar-bilal-civelek","13":"first","14":"instock","15":"sale","16":"shipping-taxable","17":"purchasable","18":"product-type-simple"},"_links":{"self":[{"href":"https:\/\/roveyayinevi.com.tr\/index.php\/wp-json\/wp\/v2\/product\/771503","targetHints":{"allow":["GET"]}}],"collection":[{"href":"https:\/\/roveyayinevi.com.tr\/index.php\/wp-json\/wp\/v2\/product"}],"about":[{"href":"https:\/\/roveyayinevi.com.tr\/index.php\/wp-json\/wp\/v2\/types\/product"}],"wp:attachment":[{"href":"https:\/\/roveyayinevi.com.tr\/index.php\/wp-json\/wp\/v2\/media?parent=771503"}],"wp:term":[{"taxonomy":"product_brand","embeddable":true,"href":"https:\/\/roveyayinevi.com.tr\/index.php\/wp-json\/wp\/v2\/product_brand?post=771503"},{"taxonomy":"product_cat","embeddable":true,"href":"https:\/\/roveyayinevi.com.tr\/index.php\/wp-json\/wp\/v2\/product_cat?post=771503"},{"taxonomy":"product_tag","embeddable":true,"href":"https:\/\/roveyayinevi.com.tr\/index.php\/wp-json\/wp\/v2\/product_tag?post=771503"}],"curies":[{"name":"wp","href":"https:\/\/api.w.org\/{rel}","templated":true}]}}