{"id":771501,"date":"2025-08-28T15:07:27","date_gmt":"2025-08-28T12:07:27","guid":{"rendered":"https:\/\/roveyayinevi.com.tr\/index.php\/urun\/basariya-goturen-anne-baba\/"},"modified":"2026-04-15T03:37:48","modified_gmt":"2026-04-15T00:37:48","slug":"basariya-goturen-anne-baba","status":"publish","type":"product","link":"https:\/\/roveyayinevi.com.tr\/index.php\/urun\/basariya-goturen-anne-baba\/","title":{"rendered":"Ba\u015far\u0131ya G\u00f6t\u00fcren Anne Baba"},"content":{"rendered":"<p>De\u011ferli anne ve babalar!Her \u00e7ocuk, d\u00fcnyaya b\u0131rakt\u0131\u011f\u0131n\u0131z tohum ve sonras\u0131nda besleyip b\u00fcy\u00fctt\u00fc\u011f\u00fcn\u00fcz bir fidand\u0131r. Bu fidanlar\u0131n memleketine faydal\u0131 meyveler veren dev a\u011fa\u00e7lar olmas\u0131 yine sizlerin iradesindedir. Bir \u00e7ocu\u011fun ya\u015fam\u0131 birka\u00e7 saatte sorulan s\u0131nav sorular\u0131ndan, birka\u00e7 milyon ya\u015f\u0131t\u0131yla yar\u0131\u015f\u0131r gibi girdi\u011fi s\u0131navdan ibaret de\u011fildir. Ya\u015fam\u0131n kendisi de bir s\u0131navken bu s\u0131nav\u0131n i\u00e7inde daha bir\u00e7ok s\u0131navlara \u015fahit olursunuz. \u00d6nemli olan bu s\u0131navlar\u0131 yar\u0131nlar\u0131na de\u011fer katacak \u015fekilde ge\u00e7ebilmesidir.Unutmay\u0131n! \u00c7ocu\u011funuzun \u00fcniversite d\u00e2hil 16 y\u0131ll\u0131k okul hayat\u0131, geriye kalan hayat\u0131n\u0131n tamam\u0131 demek de\u011fildir. Girdi\u011fi s\u0131navlar yaln\u0131zca onu yar\u0131nlara haz\u0131rlayan \u00f6nemli tecr\u00fcbelerdir. \u0130\u015fte bu kitapta bu tecr\u00fcbeleri edinmesinde \u00e7ocu\u011funuza ger\u00e7ek anlamda nas\u0131l yard\u0131mc\u0131 olabilece\u011finizi bulacaks\u0131n\u0131z.<\/p>\n","protected":false},"excerpt":{"rendered":"<p>De\u011ferli anne ve babalar!Her \u00e7ocuk, d\u00fcnyaya b\u0131rakt\u0131\u011f\u0131n\u0131z tohum ve sonras\u0131nda besleyip b\u00fcy\u00fctt\u00fc\u011f\u00fcn\u00fcz bir fidand\u0131r. Bu fidanlar\u0131n memleketine faydal\u0131 meyveler veren dev a\u011fa\u00e7lar olmas\u0131 yine sizlerin iradesindedir.<span class=\"excerpt-hellip\"> [\u2026]<\/span><\/p>\n","protected":false},"featured_media":0,"template":"","meta":{"_monsterinsights_skip_tracking":false,"_monsterinsights_sitenote_active":false,"_monsterinsights_sitenote_note":"","_monsterinsights_sitenote_category":0},"product_brand":[],"product_cat":[12831,12324],"product_tag":[],"class_list":{"0":"post-771501","1":"product","2":"type-product","3":"status-publish","5":"product_cat-aile-ve-cocuk","6":"product_cat-sosyoloji","7":"pa_cilt-ciltsiz","8":"pa_tur-kitap","9":"pa_yayinevi-yediveren-yayinlari","10":"pa_yazar-murat-tunali","12":"first","13":"instock","14":"sale","15":"shipping-taxable","16":"purchasable","17":"product-type-simple"},"_links":{"self":[{"href":"https:\/\/roveyayinevi.com.tr\/index.php\/wp-json\/wp\/v2\/product\/771501","targetHints":{"allow":["GET"]}}],"collection":[{"href":"https:\/\/roveyayinevi.com.tr\/index.php\/wp-json\/wp\/v2\/product"}],"about":[{"href":"https:\/\/roveyayinevi.com.tr\/index.php\/wp-json\/wp\/v2\/types\/product"}],"wp:attachment":[{"href":"https:\/\/roveyayinevi.com.tr\/index.php\/wp-json\/wp\/v2\/media?parent=771501"}],"wp:term":[{"taxonomy":"product_brand","embeddable":true,"href":"https:\/\/roveyayinevi.com.tr\/index.php\/wp-json\/wp\/v2\/product_brand?post=771501"},{"taxonomy":"product_cat","embeddable":true,"href":"https:\/\/roveyayinevi.com.tr\/index.php\/wp-json\/wp\/v2\/product_cat?post=771501"},{"taxonomy":"product_tag","embeddable":true,"href":"https:\/\/roveyayinevi.com.tr\/index.php\/wp-json\/wp\/v2\/product_tag?post=771501"}],"curies":[{"name":"wp","href":"https:\/\/api.w.org\/{rel}","templated":true}]}}