{"id":771498,"date":"2025-08-28T15:07:22","date_gmt":"2025-08-28T12:07:22","guid":{"rendered":"https:\/\/roveyayinevi.com.tr\/index.php\/urun\/gok-kubbe-yanarken\/"},"modified":"2026-04-15T03:37:47","modified_gmt":"2026-04-15T00:37:47","slug":"gok-kubbe-yanarken","status":"publish","type":"product","link":"https:\/\/roveyayinevi.com.tr\/index.php\/urun\/gok-kubbe-yanarken\/","title":{"rendered":"G\u00f6k Kubbe Yanarken"},"content":{"rendered":"<p>\u2018Ola\u011fan\u00fcst\u00fc bir kurgu eseri\u2019 AnThony McGowan  Y\u0131l 1940. Sava\u015f \u015fiddetleniyor ve \u00f6fkeli bir \u00e7ocuk, bombard\u0131man u\u00e7aklar\u0131n\u0131n g\u00f6ky\u00fcz\u00fcne h\u00fckmetti\u011fi \u015fehre g\u00f6nderiliyor. Joseph, orada \u00e7ocuklara kar\u015f\u0131 hi\u00e7bir d\u00fc\u015fk\u00fcnl\u00fc\u011f\u00fc olmayan sert bir kad\u0131n olan Bayan F ile ya\u015fayacak. Tek a\u015fk\u0131, sahip oldu\u011fu bak\u0131ms\u0131z hayvanat bah\u00e7esi ve g\u00fc\u00e7l\u00fc g\u00fcm\u00fc\u015f s\u0131rtl\u0131 gorili Adonis. Haftalar ge\u00e7tik\u00e7e ba\u011flar derinle\u015fiyor ve s\u0131rlar ortaya \u00e7\u0131k\u0131yor, ancak bombard\u0131man u\u00e7aklar\u0131 Adonis&#8217;i \u00e7\u0131lg\u0131nca serbest b\u0131rak\u0131rsa, ikisi de ger\u00e7ekten sevdikleri tek \u015feyin hayat\u0131na son verebilecek mi?  \u2018G\u00fc\u00e7l\u00fc, nazik ve heyecan verici\u2019 Lauren St John<\/p>\n","protected":false},"excerpt":{"rendered":"<p>\u2018Ola\u011fan\u00fcst\u00fc bir kurgu eseri\u2019 AnThony McGowan Y\u0131l 1940. Sava\u015f \u015fiddetleniyor ve \u00f6fkeli bir \u00e7ocuk, bombard\u0131man u\u00e7aklar\u0131n\u0131n g\u00f6ky\u00fcz\u00fcne h\u00fckmetti\u011fi \u015fehre g\u00f6nderiliyor. Joseph, orada \u00e7ocuklara kar\u015f\u0131 hi\u00e7bir d\u00fc\u015fk\u00fcnl\u00fc\u011f\u00fc<span class=\"excerpt-hellip\"> [\u2026]<\/span><\/p>\n","protected":false},"featured_media":0,"template":"","meta":{"_monsterinsights_skip_tracking":false,"_monsterinsights_sitenote_active":false,"_monsterinsights_sitenote_note":"","_monsterinsights_sitenote_category":0},"product_brand":[],"product_cat":[12291,12711],"product_tag":[],"class_list":{"0":"post-771498","1":"product","2":"type-product","3":"status-publish","5":"product_cat-edebiyat","6":"product_cat-roman-oyku","7":"pa_cilt-ciltsiz","8":"pa_tur-kitap","9":"pa_yayinevi-yediveren-yayinlari","10":"pa_yazar-phil-earle","12":"first","13":"instock","14":"sale","15":"shipping-taxable","16":"purchasable","17":"product-type-simple"},"_links":{"self":[{"href":"https:\/\/roveyayinevi.com.tr\/index.php\/wp-json\/wp\/v2\/product\/771498","targetHints":{"allow":["GET"]}}],"collection":[{"href":"https:\/\/roveyayinevi.com.tr\/index.php\/wp-json\/wp\/v2\/product"}],"about":[{"href":"https:\/\/roveyayinevi.com.tr\/index.php\/wp-json\/wp\/v2\/types\/product"}],"wp:attachment":[{"href":"https:\/\/roveyayinevi.com.tr\/index.php\/wp-json\/wp\/v2\/media?parent=771498"}],"wp:term":[{"taxonomy":"product_brand","embeddable":true,"href":"https:\/\/roveyayinevi.com.tr\/index.php\/wp-json\/wp\/v2\/product_brand?post=771498"},{"taxonomy":"product_cat","embeddable":true,"href":"https:\/\/roveyayinevi.com.tr\/index.php\/wp-json\/wp\/v2\/product_cat?post=771498"},{"taxonomy":"product_tag","embeddable":true,"href":"https:\/\/roveyayinevi.com.tr\/index.php\/wp-json\/wp\/v2\/product_tag?post=771498"}],"curies":[{"name":"wp","href":"https:\/\/api.w.org\/{rel}","templated":true}]}}