{"id":771495,"date":"2025-08-28T15:07:13","date_gmt":"2025-08-28T12:07:13","guid":{"rendered":"https:\/\/roveyayinevi.com.tr\/index.php\/urun\/dirilis-9\/"},"modified":"2026-04-11T03:36:29","modified_gmt":"2026-04-11T00:36:29","slug":"dirilis-9","status":"publish","type":"product","link":"https:\/\/roveyayinevi.com.tr\/index.php\/urun\/dirilis-9\/","title":{"rendered":"Dirili\u015f"},"content":{"rendered":"<p>Tolstoy\u2019un b\u00fcy\u00fcleyici kaleminden \u00e7\u0131kan \u201cDirili\u015f\u201d, insan\u0131n i\u00e7 d\u00fcnyas\u0131ndaki derin sorgulamalar\u0131yla vicdan\u0131n sesini dinleme cesaretini ve ger\u00e7ek adaletin aray\u0131\u015f\u0131n\u0131 anlatan unutulmaz bir ba\u015fyap\u0131t. Tolstoy\u2019un ustal\u0131kla i\u015fledi\u011fi karakterler ve \u00e7arp\u0131c\u0131 tasvirler, okuyucuyu 19. y\u00fczy\u0131l Rusya\u2019s\u0131n\u0131n \u00e7alkant\u0131l\u0131 atmosferine \u00e7ekerken, insan\u0131n i\u00e7sel m\u00fccadeleleri ve aray\u0131\u015flar\u0131na dokunuyor. Tolstoy, \u201cDirili\u015f\u201d ile d\u00f6nemin toplumsal ve ahlaki sorunlar\u0131na \u0131\u015f\u0131k tutarken, insan\u0131n i\u00e7sel yolculu\u011funu ve ruhsal d\u00f6n\u00fc\u015f\u00fcm\u00fcn\u00fc de anlatarak okuyucuyu etkileyici bir yolculu\u011fa \u00e7\u0131kar\u0131yor.<\/p>\n","protected":false},"excerpt":{"rendered":"<p>Tolstoy\u2019un b\u00fcy\u00fcleyici kaleminden \u00e7\u0131kan \u201cDirili\u015f\u201d, insan\u0131n i\u00e7 d\u00fcnyas\u0131ndaki derin sorgulamalar\u0131yla vicdan\u0131n sesini dinleme cesaretini ve ger\u00e7ek adaletin aray\u0131\u015f\u0131n\u0131 anlatan unutulmaz bir ba\u015fyap\u0131t. Tolstoy\u2019un ustal\u0131kla i\u015fledi\u011fi karakterler<span class=\"excerpt-hellip\"> [\u2026]<\/span><\/p>\n","protected":false},"featured_media":0,"template":"","meta":{"_monsterinsights_skip_tracking":false,"_monsterinsights_sitenote_active":false,"_monsterinsights_sitenote_note":"","_monsterinsights_sitenote_category":0},"product_brand":[],"product_cat":[12291,12711],"product_tag":[],"class_list":{"0":"post-771495","1":"product","2":"type-product","3":"status-publish","5":"product_cat-edebiyat","6":"product_cat-roman-oyku","7":"pa_cilt-ciltsiz","8":"pa_tur-kitap","9":"pa_yayinevi-yediveren-yayinlari","10":"pa_yazar-lev-nikolayevic-tolstoy","12":"first","13":"instock","14":"sale","15":"shipping-taxable","16":"purchasable","17":"product-type-simple"},"_links":{"self":[{"href":"https:\/\/roveyayinevi.com.tr\/index.php\/wp-json\/wp\/v2\/product\/771495","targetHints":{"allow":["GET"]}}],"collection":[{"href":"https:\/\/roveyayinevi.com.tr\/index.php\/wp-json\/wp\/v2\/product"}],"about":[{"href":"https:\/\/roveyayinevi.com.tr\/index.php\/wp-json\/wp\/v2\/types\/product"}],"wp:attachment":[{"href":"https:\/\/roveyayinevi.com.tr\/index.php\/wp-json\/wp\/v2\/media?parent=771495"}],"wp:term":[{"taxonomy":"product_brand","embeddable":true,"href":"https:\/\/roveyayinevi.com.tr\/index.php\/wp-json\/wp\/v2\/product_brand?post=771495"},{"taxonomy":"product_cat","embeddable":true,"href":"https:\/\/roveyayinevi.com.tr\/index.php\/wp-json\/wp\/v2\/product_cat?post=771495"},{"taxonomy":"product_tag","embeddable":true,"href":"https:\/\/roveyayinevi.com.tr\/index.php\/wp-json\/wp\/v2\/product_tag?post=771495"}],"curies":[{"name":"wp","href":"https:\/\/api.w.org\/{rel}","templated":true}]}}