{"id":771492,"date":"2025-08-28T15:07:08","date_gmt":"2025-08-28T12:07:08","guid":{"rendered":"https:\/\/roveyayinevi.com.tr\/index.php\/urun\/duan-varsa-duyan-var\/"},"modified":"2026-04-15T03:37:47","modified_gmt":"2026-04-15T00:37:47","slug":"duan-varsa-duyan-var","status":"publish","type":"product","link":"https:\/\/roveyayinevi.com.tr\/index.php\/urun\/duan-varsa-duyan-var\/","title":{"rendered":"Duan Varsa Duyan Var"},"content":{"rendered":"<p>Duam\u0131z neden kabul olmuyor? En etkili dua nas\u0131l edilmeli? Duan\u0131n kabul\u00fc i\u00e7in gereken \u015fartlar nelerdir? Dua hangi durumlarda kabul edilmez? Hangi dertlerimize hangi dualar\u0131 veya hangi sureleri okumam\u0131z gerekir? Makbul dualarla dua etmek nas\u0131l olur? Dua kaderi de\u011fi\u015ftirir mi? Hangi vakitlerde hangi mekanlarda dua etmeliyiz? \u2026 Bu ve bunun gibi sorular\u0131n cevab\u0131n\u0131 hadis ve ayetlerin \u0131\u015f\u0131\u011f\u0131nda aramaya \u00e7al\u0131\u015ft\u0131\u011f\u0131m\u0131z bu kitap, duas\u0131yla insanl\u0131\u011f\u0131n \u00f6n\u00fcnde cennet baharlar\u0131n\u0131n yolunu a\u00e7an G\u00fczeller G\u00fczeli Peygamberimiz (sav) ve Onun zikir halkas\u0131nda bulunan her asr\u0131n ba\u015f\u0131nda dualar\u0131yla bizlere rehberlik eden Peygamberler, \u015eehitler, S\u0131dd\u0131klar, Salihler, Sahabe ve Evliyalar\u0131n ruhlar\u0131na Fatiha vesilesi olsun in\u015fallah<\/p>\n","protected":false},"excerpt":{"rendered":"<p>Duam\u0131z neden kabul olmuyor? En etkili dua nas\u0131l edilmeli? Duan\u0131n kabul\u00fc i\u00e7in gereken \u015fartlar nelerdir? Dua hangi durumlarda kabul edilmez? Hangi dertlerimize hangi dualar\u0131 veya hangi<span class=\"excerpt-hellip\"> [\u2026]<\/span><\/p>\n","protected":false},"featured_media":0,"template":"","meta":{"_monsterinsights_skip_tracking":false,"_monsterinsights_sitenote_active":false,"_monsterinsights_sitenote_note":"","_monsterinsights_sitenote_category":0},"product_brand":[],"product_cat":[12718,12719],"product_tag":[],"class_list":{"0":"post-771492","1":"product","2":"type-product","3":"status-publish","5":"product_cat-din","6":"product_cat-islam","7":"pa_cilt-ciltsiz","8":"pa_tur-kitap","9":"pa_yayinevi-yediveren-yayinlari","10":"pa_yazar-osman-sungur-yeken","12":"first","13":"instock","14":"sale","15":"shipping-taxable","16":"purchasable","17":"product-type-simple"},"_links":{"self":[{"href":"https:\/\/roveyayinevi.com.tr\/index.php\/wp-json\/wp\/v2\/product\/771492","targetHints":{"allow":["GET"]}}],"collection":[{"href":"https:\/\/roveyayinevi.com.tr\/index.php\/wp-json\/wp\/v2\/product"}],"about":[{"href":"https:\/\/roveyayinevi.com.tr\/index.php\/wp-json\/wp\/v2\/types\/product"}],"wp:attachment":[{"href":"https:\/\/roveyayinevi.com.tr\/index.php\/wp-json\/wp\/v2\/media?parent=771492"}],"wp:term":[{"taxonomy":"product_brand","embeddable":true,"href":"https:\/\/roveyayinevi.com.tr\/index.php\/wp-json\/wp\/v2\/product_brand?post=771492"},{"taxonomy":"product_cat","embeddable":true,"href":"https:\/\/roveyayinevi.com.tr\/index.php\/wp-json\/wp\/v2\/product_cat?post=771492"},{"taxonomy":"product_tag","embeddable":true,"href":"https:\/\/roveyayinevi.com.tr\/index.php\/wp-json\/wp\/v2\/product_tag?post=771492"}],"curies":[{"name":"wp","href":"https:\/\/api.w.org\/{rel}","templated":true}]}}