{"id":771491,"date":"2025-08-28T15:07:05","date_gmt":"2025-08-28T12:07:05","guid":{"rendered":"https:\/\/roveyayinevi.com.tr\/index.php\/urun\/teskilat-i-mahsusa-cumhuriyet\/"},"modified":"2026-04-15T03:37:47","modified_gmt":"2026-04-15T00:37:47","slug":"teskilat-i-mahsusa-cumhuriyet","status":"publish","type":"product","link":"https:\/\/roveyayinevi.com.tr\/index.php\/urun\/teskilat-i-mahsusa-cumhuriyet\/","title":{"rendered":"Te\u015fkilat-I Mahsusa Cumhuriyet"},"content":{"rendered":"<p>\u201cAyasofya, cami oldu, \u015f\u00fck\u00fcr namaz\u0131m\u0131z\u0131 da k\u0131ld\u0131k hamdolsun!\u201d \u201cPa\u015fam, sen olmasayd\u0131n biz olmazd\u0131k\u2026 Bize emanetin olan Cumhuriyet ilelebet payidar kalacakt\u0131r!\u201d \u201cTek bayrak, tek millet, tek devlet\u2026 T\u00fcrkiye y\u00fczy\u0131l\u0131 ba\u015fl\u0131yor elhamd\u00fclillah\u2026\u201d \u201cT\u00fcrk Devletleri Te\u015fkilat\u0131\u2019n\u0131 neden kurduk san\u0131yorsunuz? Dilde, fikirde, i\u015fte birlik zaman\u0131. Cumhuriyetin ikinci y\u00fczy\u0131l\u0131 \u201cT\u00fcrk Asr\u0131\u201d olacakt\u0131r! Ya\u015fas\u0131n devlet, var olsun millet! Ne mutlu T\u00fcrk\u2019\u00fcm diyene!\u201d \u201cAman bana ne! Paran varsa her \u015fey m\u00fcmk\u00fcn! Bir daha m\u0131 gelece\u011fiz d\u00fcnyaya! Ben yoluma bakar\u0131m arkada\u015f\u2026\u201d Te\u015fkilat-\u0131 Mahsusa Cumhuriyet\u2026 \u201cAlg\u0131\u201d ve \u201c\u0130kna\u201d silahlar\u0131n\u0131 kullanan derin g\u00fc\u00e7lerin \u201c\u0130nsanl\u0131k\u201d \u00fczerinde yapt\u0131klar\u0131 b\u00fcy\u00fck sava\u015f\u0131, bir delinin g\u00f6z\u00fcyle okuyucuya sunuyor. Serinin 4. kitab\u0131 size kim oldu\u011funuzu hat\u0131rlatacak.<\/p>\n","protected":false},"excerpt":{"rendered":"<p>\u201cAyasofya, cami oldu, \u015f\u00fck\u00fcr namaz\u0131m\u0131z\u0131 da k\u0131ld\u0131k hamdolsun!\u201d \u201cPa\u015fam, sen olmasayd\u0131n biz olmazd\u0131k\u2026 Bize emanetin olan Cumhuriyet ilelebet payidar kalacakt\u0131r!\u201d \u201cTek bayrak, tek millet, tek devlet\u2026<span class=\"excerpt-hellip\"> [\u2026]<\/span><\/p>\n","protected":false},"featured_media":0,"template":"","meta":{"_monsterinsights_skip_tracking":false,"_monsterinsights_sitenote_active":false,"_monsterinsights_sitenote_note":"","_monsterinsights_sitenote_category":0},"product_brand":[],"product_cat":[12291,12745],"product_tag":[],"class_list":{"0":"post-771491","1":"product","2":"type-product","3":"status-publish","5":"product_cat-edebiyat","6":"product_cat-tarihi-roman","7":"pa_cilt-ciltsiz","8":"pa_tur-kitap","9":"pa_yayinevi-yediveren-yayinlari","10":"pa_yazar-mehmet-isik","12":"first","13":"instock","14":"sale","15":"shipping-taxable","16":"purchasable","17":"product-type-simple"},"_links":{"self":[{"href":"https:\/\/roveyayinevi.com.tr\/index.php\/wp-json\/wp\/v2\/product\/771491","targetHints":{"allow":["GET"]}}],"collection":[{"href":"https:\/\/roveyayinevi.com.tr\/index.php\/wp-json\/wp\/v2\/product"}],"about":[{"href":"https:\/\/roveyayinevi.com.tr\/index.php\/wp-json\/wp\/v2\/types\/product"}],"wp:attachment":[{"href":"https:\/\/roveyayinevi.com.tr\/index.php\/wp-json\/wp\/v2\/media?parent=771491"}],"wp:term":[{"taxonomy":"product_brand","embeddable":true,"href":"https:\/\/roveyayinevi.com.tr\/index.php\/wp-json\/wp\/v2\/product_brand?post=771491"},{"taxonomy":"product_cat","embeddable":true,"href":"https:\/\/roveyayinevi.com.tr\/index.php\/wp-json\/wp\/v2\/product_cat?post=771491"},{"taxonomy":"product_tag","embeddable":true,"href":"https:\/\/roveyayinevi.com.tr\/index.php\/wp-json\/wp\/v2\/product_tag?post=771491"}],"curies":[{"name":"wp","href":"https:\/\/api.w.org\/{rel}","templated":true}]}}