{"id":771490,"date":"2025-08-28T15:07:02","date_gmt":"2025-08-28T12:07:02","guid":{"rendered":"https:\/\/roveyayinevi.com.tr\/index.php\/urun\/kurt-gecesi-imparatoryum\/"},"modified":"2026-04-15T03:37:47","modified_gmt":"2026-04-15T00:37:47","slug":"kurt-gecesi-imparatoryum","status":"publish","type":"product","link":"https:\/\/roveyayinevi.com.tr\/index.php\/urun\/kurt-gecesi-imparatoryum\/","title":{"rendered":"Kurt Gecesi-\u0130mparatoryum"},"content":{"rendered":"<p>\u201cIsparta\u2019da d\u00fc\u015fen yolcu u\u00e7a\u011f\u0131nda, 57 ki\u015fi ya\u015fam\u0131n\u0131 yitirdi. U\u00e7akta, T\u00fcrkiye\u2019de toryum ve CERNs\u00fcreciyle ilgili \u00f6nemli \u00e7al\u0131\u015fmalar\u0131 olan Prof. Dr. Engin Ar\u0131k ve be\u015f akademisyen daha vard\u0131.\u201dTelevizyonlar\u0131n tamam\u0131, benzer c\u00fcmlelerle son dakika olarak duyuruyordu ya\u015fan\u0131lan faciay\u0131.Bir yerlerden T\u00fcrkiye i\u00e7in d\u00fc\u011fmeye bas\u0131lm\u0131\u015ft\u0131. Tap\u0131nak\u00e7\u0131lar, Masonlar, \u00dcst Loca ve daha bir\u00e7ok\u00f6rg\u00fct\u00fcn bir araya gelerek olu\u015fturdu\u011fu hain yap\u0131, B\u00fcy\u00fck Ev\u2019i masaya s\u00fcrm\u00fc\u015ft\u00fc. Ancak yaln\u0131zcabir \u015feyi hesaba katmam\u0131\u015flard\u0131, T\u00fcrk devleti her \u015feyin fark\u0131ndayd\u0131.\u201c-Toryum denilen bir maden var ve \u00fclkeler bunu normal yollarla konu\u015fmak yerine, gizli g\u00fc\u00e7lerinidevreye sokuyorlar.Abel Gregor g\u00fcl\u00fcmsedi:-Feridun Bey, bahsetti\u011fimiz element petrol, do\u011falgaz ya da ba\u015fka bir \u015fey gibi de\u011fil, d\u00fcnyan\u0131nger\u00e7ek sahibini belirleyecek bir element bu.\u201dYa\u015fanm\u0131\u015f ger\u00e7ek olay ve ki\u015filerden esinlenerek kaleme al\u0131nan bu roman;T\u00fcrk devlet akl\u0131n\u0131,kendine \u00f6zg\u00fc bir kurgu ve karakterlerle okurla tan\u0131\u015ft\u0131r\u0131yor.\u201cKonu\u015facak derman\u0131 kalmam\u0131\u015ft\u0131, korku dolu bak\u0131\u015flarla bo\u011faz\u0131nda ki namlunun sahibini tan\u0131maya\u00e7al\u0131\u015ft\u0131. Kendisine cevab\u0131 yine Lider verdi:-T\u00fcrkler, yanl\u0131\u015f yapan\u0131 asla affetmezler.\u201d<\/p>\n","protected":false},"excerpt":{"rendered":"<p>\u201cIsparta\u2019da d\u00fc\u015fen yolcu u\u00e7a\u011f\u0131nda, 57 ki\u015fi ya\u015fam\u0131n\u0131 yitirdi. U\u00e7akta, T\u00fcrkiye\u2019de toryum ve CERNs\u00fcreciyle ilgili \u00f6nemli \u00e7al\u0131\u015fmalar\u0131 olan Prof. Dr. Engin Ar\u0131k ve be\u015f akademisyen daha vard\u0131.\u201dTelevizyonlar\u0131n<span class=\"excerpt-hellip\"> [\u2026]<\/span><\/p>\n","protected":false},"featured_media":0,"template":"","meta":{"_monsterinsights_skip_tracking":false,"_monsterinsights_sitenote_active":false,"_monsterinsights_sitenote_note":"","_monsterinsights_sitenote_category":0},"product_brand":[],"product_cat":[12291,14777],"product_tag":[],"class_list":{"0":"post-771490","1":"product","2":"type-product","3":"status-publish","5":"product_cat-edebiyat","6":"product_cat-fantastik","7":"pa_cilt-ciltsiz","8":"pa_tur-kitap","9":"pa_yayinevi-yediveren-yayinlari","10":"pa_yazar-gokhan-celik","12":"first","13":"instock","14":"sale","15":"shipping-taxable","16":"purchasable","17":"product-type-simple"},"_links":{"self":[{"href":"https:\/\/roveyayinevi.com.tr\/index.php\/wp-json\/wp\/v2\/product\/771490","targetHints":{"allow":["GET"]}}],"collection":[{"href":"https:\/\/roveyayinevi.com.tr\/index.php\/wp-json\/wp\/v2\/product"}],"about":[{"href":"https:\/\/roveyayinevi.com.tr\/index.php\/wp-json\/wp\/v2\/types\/product"}],"wp:attachment":[{"href":"https:\/\/roveyayinevi.com.tr\/index.php\/wp-json\/wp\/v2\/media?parent=771490"}],"wp:term":[{"taxonomy":"product_brand","embeddable":true,"href":"https:\/\/roveyayinevi.com.tr\/index.php\/wp-json\/wp\/v2\/product_brand?post=771490"},{"taxonomy":"product_cat","embeddable":true,"href":"https:\/\/roveyayinevi.com.tr\/index.php\/wp-json\/wp\/v2\/product_cat?post=771490"},{"taxonomy":"product_tag","embeddable":true,"href":"https:\/\/roveyayinevi.com.tr\/index.php\/wp-json\/wp\/v2\/product_tag?post=771490"}],"curies":[{"name":"wp","href":"https:\/\/api.w.org\/{rel}","templated":true}]}}