{"id":771489,"date":"2025-08-28T15:06:59","date_gmt":"2025-08-28T12:06:59","guid":{"rendered":"https:\/\/roveyayinevi.com.tr\/index.php\/urun\/leblebi-tozu\/"},"modified":"2026-04-15T03:37:47","modified_gmt":"2026-04-15T00:37:47","slug":"leblebi-tozu","status":"publish","type":"product","link":"https:\/\/roveyayinevi.com.tr\/index.php\/urun\/leblebi-tozu\/","title":{"rendered":"Leblebi Tozu"},"content":{"rendered":"<p>\u201cYorgun \u00e7ocuklar\u0131 nerede g\u00f6rsem tan\u0131r\u0131m. Onlar\u0131n bak\u0131\u015flar\u0131ndan bellidir \u00e7aresiz erken b\u00fcy\u00fcm\u00fc\u015f olu\u015flar\u0131. S\u0131kl\u0131kla dalar giderler uzaklara. \u00c7ok kalamazlar orada da h\u0131zla \u00e7\u0131k\u0131verirler derinlerden. Denizde bile uza\u011fa y\u00fczemezler. A\u00e7\u0131lmaya bile haklar\u0131 yokmu\u015f gibi, g\u00f6zleri hep k\u0131y\u0131dad\u0131r. S\u00fcrekli aileleri i\u00e7in boy verirler. Ayaklar\u0131 yere de\u011fiyor mu diye test eder dururlar hayat\u0131. K\u00fc\u00e7\u00fcc\u00fck sularda bo\u011fulma tehlikesi ya\u015fat\u0131rlar kendilerine, okyanuslarda ise k\u00f6pek bal\u0131\u011f\u0131d\u0131r onlar. Ve yaln\u0131z de\u011fil, tek ba\u015f\u0131nad\u0131rlar. Se\u00e7me \u015fans\u0131 verilmemi\u015ftir ama olmu\u015flard\u0131r bir \u015fekilde. Yorgunluklar\u0131 bir tek anla\u015f\u0131lmakla ge\u00e7er. \u00d6ylece \u015fezlongda uzan\u0131p, g\u00fcne\u015flenerek de\u011fil. Alt yaz\u0131lar\u0131 okunsun diye dua ederler uyku \u00f6ncesi umutla. Hayat bu, diyerek kapat\u0131rlar t\u00fcm hesaplar\u0131.  Zorlamazlar kimseleri sevilmek i\u00e7in. \u00c7akt\u0131rmadan yan ceplerine koymal\u0131s\u0131n\u0131z sevmeleri\u2026\u201d<\/p>\n","protected":false},"excerpt":{"rendered":"<p>\u201cYorgun \u00e7ocuklar\u0131 nerede g\u00f6rsem tan\u0131r\u0131m. Onlar\u0131n bak\u0131\u015flar\u0131ndan bellidir \u00e7aresiz erken b\u00fcy\u00fcm\u00fc\u015f olu\u015flar\u0131. S\u0131kl\u0131kla dalar giderler uzaklara. \u00c7ok kalamazlar orada da h\u0131zla \u00e7\u0131k\u0131verirler derinlerden. Denizde bile uza\u011fa<span class=\"excerpt-hellip\"> [\u2026]<\/span><\/p>\n","protected":false},"featured_media":0,"template":"","meta":{"_monsterinsights_skip_tracking":false,"_monsterinsights_sitenote_active":false,"_monsterinsights_sitenote_note":"","_monsterinsights_sitenote_category":0},"product_brand":[],"product_cat":[12291,12711],"product_tag":[],"class_list":{"0":"post-771489","1":"product","2":"type-product","3":"status-publish","5":"product_cat-edebiyat","6":"product_cat-roman-oyku","7":"pa_cilt-ciltsiz","8":"pa_tur-kitap","9":"pa_yayinevi-yediveren-yayinlari","10":"pa_yazar-yudum-gulari","12":"first","13":"instock","14":"sale","15":"shipping-taxable","16":"purchasable","17":"product-type-simple"},"_links":{"self":[{"href":"https:\/\/roveyayinevi.com.tr\/index.php\/wp-json\/wp\/v2\/product\/771489","targetHints":{"allow":["GET"]}}],"collection":[{"href":"https:\/\/roveyayinevi.com.tr\/index.php\/wp-json\/wp\/v2\/product"}],"about":[{"href":"https:\/\/roveyayinevi.com.tr\/index.php\/wp-json\/wp\/v2\/types\/product"}],"wp:attachment":[{"href":"https:\/\/roveyayinevi.com.tr\/index.php\/wp-json\/wp\/v2\/media?parent=771489"}],"wp:term":[{"taxonomy":"product_brand","embeddable":true,"href":"https:\/\/roveyayinevi.com.tr\/index.php\/wp-json\/wp\/v2\/product_brand?post=771489"},{"taxonomy":"product_cat","embeddable":true,"href":"https:\/\/roveyayinevi.com.tr\/index.php\/wp-json\/wp\/v2\/product_cat?post=771489"},{"taxonomy":"product_tag","embeddable":true,"href":"https:\/\/roveyayinevi.com.tr\/index.php\/wp-json\/wp\/v2\/product_tag?post=771489"}],"curies":[{"name":"wp","href":"https:\/\/api.w.org\/{rel}","templated":true}]}}