{"id":771487,"date":"2025-08-28T15:06:55","date_gmt":"2025-08-28T12:06:55","guid":{"rendered":"https:\/\/roveyayinevi.com.tr\/index.php\/urun\/kendini-iyi-hisset\/"},"modified":"2026-04-12T03:28:40","modified_gmt":"2026-04-12T00:28:40","slug":"kendini-iyi-hisset","status":"publish","type":"product","link":"https:\/\/roveyayinevi.com.tr\/index.php\/urun\/kendini-iyi-hisset\/","title":{"rendered":"Kendini \u0130yi Hisset"},"content":{"rendered":"<p>Hayat\u0131n ak\u0131\u015f\u0131nda bazen kendimizi kaybolmu\u015f hissederiz. \u0130\u00e7imizdeki g\u00fcc\u00fc ke\u015ffetmek, ayaklar\u0131m\u0131z\u0131 sa\u011flam bir \u015fekilde yere basabilmek i\u00e7in ruhumuza dalmak gereklidir. Kendini tan\u0131mak, i\u00e7sel huzuru yakalamak i\u00e7in at\u0131lan \u00f6nemli bir ad\u0131md\u0131r.&#8221;Kendini \u0130yi Hisset&#8221; seni, kendi i\u00e7indeki derin sulara do\u011fru bir yolculu\u011fa \u00e7a\u011f\u0131r\u0131yor. Kendinle bar\u0131\u015f\u0131k olmak, ge\u00e7mi\u015fin y\u00fck\u00fcnden kurtulmak ve gelece\u011fe umutla bakmak i\u00e7in bu kitab\u0131n sundu\u011fu tavsiyeler ad\u0131mlar\u0131n\u0131 atmaya haz\u0131r olGer\u00e7ek mutlulu\u011fun pe\u015finde ko\u015farken i\u00e7sel dengenin ve huzurun \u00f6nemini unutmamak gerekir. Kendi i\u00e7indeki dengeyi bulmak, hayat\u0131n ak\u0131\u015f\u0131nda sakin kalmak ve ger\u00e7ek mutlulu\u011fu yakalamak i\u00e7in kalbindeki \u0131\u015f\u0131\u011f\u0131 bul, negatif enerjiden ar\u0131n ve ger\u00e7ek potansiyelini ortaya \u00e7\u0131kar.&#8221;Her yeni g\u00fcn, i\u00e7indeki potansiyeli yeniden ke\u015ffetme f\u0131rsat\u0131d\u0131r.\u201d Ralph Waldo Emerson<\/p>\n","protected":false},"excerpt":{"rendered":"<p>Hayat\u0131n ak\u0131\u015f\u0131nda bazen kendimizi kaybolmu\u015f hissederiz. \u0130\u00e7imizdeki g\u00fcc\u00fc ke\u015ffetmek, ayaklar\u0131m\u0131z\u0131 sa\u011flam bir \u015fekilde yere basabilmek i\u00e7in ruhumuza dalmak gereklidir. Kendini tan\u0131mak, i\u00e7sel huzuru yakalamak i\u00e7in at\u0131lan<span class=\"excerpt-hellip\"> [\u2026]<\/span><\/p>\n","protected":false},"featured_media":0,"template":"","meta":{"_monsterinsights_skip_tracking":false,"_monsterinsights_sitenote_active":false,"_monsterinsights_sitenote_note":"","_monsterinsights_sitenote_category":0},"product_brand":[],"product_cat":[12364,12376],"product_tag":[],"class_list":{"0":"post-771487","1":"product","2":"type-product","3":"status-publish","5":"product_cat-genel-konular","6":"product_cat-kisisel-gelisim","7":"pa_cilt-ciltsiz","8":"pa_tur-kitap","9":"pa_yayinevi-yediveren-yayinlari","10":"pa_yazar-alexander-winterman","12":"first","13":"instock","14":"sale","15":"shipping-taxable","16":"purchasable","17":"product-type-simple"},"_links":{"self":[{"href":"https:\/\/roveyayinevi.com.tr\/index.php\/wp-json\/wp\/v2\/product\/771487","targetHints":{"allow":["GET"]}}],"collection":[{"href":"https:\/\/roveyayinevi.com.tr\/index.php\/wp-json\/wp\/v2\/product"}],"about":[{"href":"https:\/\/roveyayinevi.com.tr\/index.php\/wp-json\/wp\/v2\/types\/product"}],"wp:attachment":[{"href":"https:\/\/roveyayinevi.com.tr\/index.php\/wp-json\/wp\/v2\/media?parent=771487"}],"wp:term":[{"taxonomy":"product_brand","embeddable":true,"href":"https:\/\/roveyayinevi.com.tr\/index.php\/wp-json\/wp\/v2\/product_brand?post=771487"},{"taxonomy":"product_cat","embeddable":true,"href":"https:\/\/roveyayinevi.com.tr\/index.php\/wp-json\/wp\/v2\/product_cat?post=771487"},{"taxonomy":"product_tag","embeddable":true,"href":"https:\/\/roveyayinevi.com.tr\/index.php\/wp-json\/wp\/v2\/product_tag?post=771487"}],"curies":[{"name":"wp","href":"https:\/\/api.w.org\/{rel}","templated":true}]}}