{"id":771486,"date":"2025-08-28T15:06:53","date_gmt":"2025-08-28T12:06:53","guid":{"rendered":"https:\/\/roveyayinevi.com.tr\/index.php\/urun\/sen-yanlis-degilsin\/"},"modified":"2026-04-15T03:37:47","modified_gmt":"2026-04-15T00:37:47","slug":"sen-yanlis-degilsin","status":"publish","type":"product","link":"https:\/\/roveyayinevi.com.tr\/index.php\/urun\/sen-yanlis-degilsin\/","title":{"rendered":"Sen Yanl\u0131\u015f De\u011filsin"},"content":{"rendered":"<p>E\u011fer, bunald\u0131ysan.E\u011fer sorunlar bir yumak gibi etraf\u0131n\u0131 sard\u0131ysa.E\u011fer art\u0131k dayanacak g\u00fcc\u00fcn kalmad\u0131ysa.E\u011fer kaz\u0131k \u00fczerine kaz\u0131k yediysen.E\u011fer kader sana hep nanik yapt\u0131ysa ve hi\u00e7 g\u00fclmediyse.Dur ve d\u00fc\u015f\u00fcn.Bu kitaba ba\u015flamadan \u00f6nce her \u015fey yanl\u0131\u015f olabilir ancak sen de\u011filsin. Her \u015fey \u00fcst \u00fcste gelebilirancak problem sen de\u011filsin. Sen ba\u015fkalar\u0131n\u0131n ve hayat\u0131n ko\u015fullar\u0131n\u0131n \u00e7izdi\u011fi bir karakter de\u011filsin.Sen e\u011fer neye m\u00fcsaade ediyorsan o olacaks\u0131n.Yanl\u0131\u015flar\u0131n ve yanl\u0131\u015fl\u0131klar\u0131n i\u00e7inde adeta kaybolduysan belki de do\u011fru rotay\u0131 bulamam\u0131\u015fs\u0131nd\u0131r.\u2026\u015eimdi\u2026Bir karar vereceksin. Ya meydan okumaya cesaret edemeyecek ve bu kitab\u0131n normal seyrindeyaz\u0131ld\u0131\u011f\u0131 kadar\u0131yla bu k\u0131sma kadar bilgin olsun diye okuyup veya g\u00f6z at\u0131p b\u0131rakacaks\u0131n. Ya da.Etraf\u0131nda sarmal halini alm\u0131\u015f yanl\u0131\u015flar kar\u015f\u0131s\u0131nda bir duru\u015f sergileyip bir meydan okumager\u00e7ekle\u015ftirip cesaretle sayfalar\u0131 \u00e7evirip kitab\u0131 okumay\u0131 ba\u015faran ayr\u0131cal\u0131kl\u0131 bir gruba daihlolaacks\u0131n.<\/p>\n","protected":false},"excerpt":{"rendered":"<p>E\u011fer, bunald\u0131ysan.E\u011fer sorunlar bir yumak gibi etraf\u0131n\u0131 sard\u0131ysa.E\u011fer art\u0131k dayanacak g\u00fcc\u00fcn kalmad\u0131ysa.E\u011fer kaz\u0131k \u00fczerine kaz\u0131k yediysen.E\u011fer kader sana hep nanik yapt\u0131ysa ve hi\u00e7 g\u00fclmediyse.Dur ve d\u00fc\u015f\u00fcn.Bu<span class=\"excerpt-hellip\"> [\u2026]<\/span><\/p>\n","protected":false},"featured_media":0,"template":"","meta":{"_monsterinsights_skip_tracking":false,"_monsterinsights_sitenote_active":false,"_monsterinsights_sitenote_note":"","_monsterinsights_sitenote_category":0},"product_brand":[],"product_cat":[12364,12376],"product_tag":[],"class_list":{"0":"post-771486","1":"product","2":"type-product","3":"status-publish","5":"product_cat-genel-konular","6":"product_cat-kisisel-gelisim","7":"pa_cilt-ciltsiz","8":"pa_tur-kitap","9":"pa_yayinevi-yediveren-yayinlari","10":"pa_yazar-murat-tunali","12":"first","13":"instock","14":"sale","15":"shipping-taxable","16":"purchasable","17":"product-type-simple"},"_links":{"self":[{"href":"https:\/\/roveyayinevi.com.tr\/index.php\/wp-json\/wp\/v2\/product\/771486","targetHints":{"allow":["GET"]}}],"collection":[{"href":"https:\/\/roveyayinevi.com.tr\/index.php\/wp-json\/wp\/v2\/product"}],"about":[{"href":"https:\/\/roveyayinevi.com.tr\/index.php\/wp-json\/wp\/v2\/types\/product"}],"wp:attachment":[{"href":"https:\/\/roveyayinevi.com.tr\/index.php\/wp-json\/wp\/v2\/media?parent=771486"}],"wp:term":[{"taxonomy":"product_brand","embeddable":true,"href":"https:\/\/roveyayinevi.com.tr\/index.php\/wp-json\/wp\/v2\/product_brand?post=771486"},{"taxonomy":"product_cat","embeddable":true,"href":"https:\/\/roveyayinevi.com.tr\/index.php\/wp-json\/wp\/v2\/product_cat?post=771486"},{"taxonomy":"product_tag","embeddable":true,"href":"https:\/\/roveyayinevi.com.tr\/index.php\/wp-json\/wp\/v2\/product_tag?post=771486"}],"curies":[{"name":"wp","href":"https:\/\/api.w.org\/{rel}","templated":true}]}}