{"id":771485,"date":"2025-08-28T15:06:51","date_gmt":"2025-08-28T12:06:51","guid":{"rendered":"https:\/\/roveyayinevi.com.tr\/index.php\/urun\/cumhuriyet-kurulurken-kutuphane-okuyan-adam\/"},"modified":"2026-04-03T03:29:29","modified_gmt":"2026-04-03T00:29:29","slug":"cumhuriyet-kurulurken-kutuphane-okuyan-adam","status":"publish","type":"product","link":"https:\/\/roveyayinevi.com.tr\/index.php\/urun\/cumhuriyet-kurulurken-kutuphane-okuyan-adam\/","title":{"rendered":"Cumhuriyet Kurulurken K\u00fct\u00fcphane Okuyan Adam"},"content":{"rendered":"<p>Kitap Tan\u0131t\u0131m Yaz\u0131s\u0131 :  Anadolu\u2019nun tam kalbinde, bir sonbahar ay\u0131n\u0131n son g\u00fcnlerinde ilan edilen Cumhuriyetin \u00f6ncesi ve sonras\u0131 vard\u0131r. Cumhuriyet kurulurken ya\u015fanan heng\u00e2me, de\u011fi\u015fim ve d\u00f6n\u00fc\u015f\u00fcm, \u015fehir ya da k\u00f6y ay\u0131rmaks\u0131z\u0131n Anadolu\u2019nun her bir k\u00f6\u015fesinde kendisini g\u00f6sterir. \u0130nsana \u00f6zg\u00fc yeni hik\u00e2yeler do\u011far, g\u00fcne dair yeni \u015fahitlikler birbirini takip eder. Bazen de\u011fi\u015fim sanc\u0131l\u0131 olur bazen ise d\u00fc\u011f\u00fcn bayram havas\u0131nda olur d\u00f6n\u00fc\u015f\u00fcmler.  Ve i\u015fte o zaman insanlar \u201cCumhuriyeti\u201d bir olay de\u011fil olgu olarak kabul eder. Nihayetinde dudaklardan \u201cCumhuriyet Kurulurken\u2026\u201d s\u00f6zc\u00fckleri istemsizce d\u00f6k\u00fcl\u00fcr. G\u00f6zleri \u00f6n\u00fcnde ailesi Ermeni Komitac\u0131lar taraf\u0131ndan katledilen \u00e7ocuk ruhunu bir \u00f6m\u00fcr ta\u015f\u0131yan, \u00f6mr\u00fcn\u00fc kitap de\u011fil k\u00fct\u00fcphaneye okumaya vakfeden tarih\u00e7i, Ord. Prof. M\u00fckrimin Halil Yinan\u00e7\u2019\u0131n bazen \u00fczen, bazen \u015fa\u015f\u0131rtan bazen ise d\u00fc\u015f\u00fcnd\u00fcren hayat hik\u00e2yesinden kesitler \u00f6n\u00fcn\u00fcze serilecek, bu eserde.Bin dokuz y\u00fcz otuzlar\u0131n T\u00fcrkiye\u2019sinden II. D\u00fcnya Sava\u015f\u0131\u2019n\u0131n perde arkas\u0131na, Adnan Menderes\u2019in idam\u0131ndan Bulgaristan T\u00fcrklerinin ya\u015fad\u0131\u011f\u0131 mezalime ve daha bir\u00e7ok konuya dair \u00f6zg\u00fcn hik\u00e2yeleri;  \u201cCumhuriyet Kurulurken K\u00fct\u00fcphane Okuyan Adam\u201d adl\u0131 bu eserin sayfalar\u0131 aras\u0131nda, perdeye yans\u0131t\u0131lm\u0131\u015f bir aksiyon filmi izliyormu\u015f hissiyat\u0131yla okuyacaks\u0131n\u0131z.<\/p>\n","protected":false},"excerpt":{"rendered":"<p>Kitap Tan\u0131t\u0131m Yaz\u0131s\u0131 : Anadolu\u2019nun tam kalbinde, bir sonbahar ay\u0131n\u0131n son g\u00fcnlerinde ilan edilen Cumhuriyetin \u00f6ncesi ve sonras\u0131 vard\u0131r. Cumhuriyet kurulurken ya\u015fanan heng\u00e2me, de\u011fi\u015fim ve d\u00f6n\u00fc\u015f\u00fcm,<span class=\"excerpt-hellip\"> [\u2026]<\/span><\/p>\n","protected":false},"featured_media":0,"template":"","meta":{"_monsterinsights_skip_tracking":false,"_monsterinsights_sitenote_active":false,"_monsterinsights_sitenote_note":"","_monsterinsights_sitenote_category":0},"product_brand":[],"product_cat":[12291,12711],"product_tag":[],"class_list":{"0":"post-771485","1":"product","2":"type-product","3":"status-publish","5":"product_cat-edebiyat","6":"product_cat-roman-oyku","7":"pa_cilt-ciltsiz","8":"pa_tur-kitap","9":"pa_yayinevi-yediveren-yayinlari","10":"pa_yazar-mehmet-isik","12":"first","13":"instock","14":"sale","15":"shipping-taxable","16":"purchasable","17":"product-type-simple"},"_links":{"self":[{"href":"https:\/\/roveyayinevi.com.tr\/index.php\/wp-json\/wp\/v2\/product\/771485","targetHints":{"allow":["GET"]}}],"collection":[{"href":"https:\/\/roveyayinevi.com.tr\/index.php\/wp-json\/wp\/v2\/product"}],"about":[{"href":"https:\/\/roveyayinevi.com.tr\/index.php\/wp-json\/wp\/v2\/types\/product"}],"wp:attachment":[{"href":"https:\/\/roveyayinevi.com.tr\/index.php\/wp-json\/wp\/v2\/media?parent=771485"}],"wp:term":[{"taxonomy":"product_brand","embeddable":true,"href":"https:\/\/roveyayinevi.com.tr\/index.php\/wp-json\/wp\/v2\/product_brand?post=771485"},{"taxonomy":"product_cat","embeddable":true,"href":"https:\/\/roveyayinevi.com.tr\/index.php\/wp-json\/wp\/v2\/product_cat?post=771485"},{"taxonomy":"product_tag","embeddable":true,"href":"https:\/\/roveyayinevi.com.tr\/index.php\/wp-json\/wp\/v2\/product_tag?post=771485"}],"curies":[{"name":"wp","href":"https:\/\/api.w.org\/{rel}","templated":true}]}}