{"id":771484,"date":"2025-08-28T15:06:49","date_gmt":"2025-08-28T12:06:49","guid":{"rendered":"https:\/\/roveyayinevi.com.tr\/index.php\/urun\/huawei-cinin-en-guclu-sirketinin-gizli-tarihi\/"},"modified":"2026-04-15T03:37:47","modified_gmt":"2026-04-15T00:37:47","slug":"huawei-cinin-en-guclu-sirketinin-gizli-tarihi","status":"publish","type":"product","link":"https:\/\/roveyayinevi.com.tr\/index.php\/urun\/huawei-cinin-en-guclu-sirketinin-gizli-tarihi\/","title":{"rendered":"Huawei &#8211; \u00c7in&#8217;in En G\u00fc\u00e7l\u00fc \u015eirketinin Gizli Tarihi"},"content":{"rendered":"<p>D\u00fcnya yine bir Sputnik an\u0131na tan\u0131kl\u0131k ediyordu ve bu sefer Sputnik, Huawei\u2019ydi. Huawei d\u00fcnyadaki di\u011fer t\u00fcm \u015firketlerdendaha fazla patent ba\u015fvurusu yap\u0131yordu. Huawei 5G teknolojisinde liderdi. Huawei internet ve telefon \u015febekelerinind\u00fcnyadaki en b\u00fcy\u00fck tedarik\u00e7isiydi. Ak\u0131ll\u0131 telefonlardan yapay zek\u00e2ya, devre ve \u00e7iplerden g\u00f6zetim sistemlerine kadarHuawei her yerde liderli\u011fe oynuyordu. Huawei\u2019nin senelik sat\u0131\u015flar\u0131 Disney ve Nike\u2019\u0131n senelik sat\u0131\u015flar\u0131n\u0131n toplam\u0131ndanfazlayd\u0131 ve \u00e7al\u0131\u015fan say\u0131s\u0131 Apple\u2019dan bile fazlayd\u0131. \u00c7in ve Amerika aras\u0131ndaki ticaret rekabeti gittik\u00e7e art\u0131yor, uluslararas\u0131 d\u00fczeyde gerilim her y\u0131l daha da y\u00fckseliyor.S\u00fcregiden rekabetin sembolleri ise Amerika\u2019da g\u00fc\u00e7lenmeye devam eden \u00c7inli \u015firketler. Bu \u015firketlerden en \u00f6ne \u00e7\u0131kan\u0131 da\u015f\u00fcphesiz Huawei. 2018 y\u0131l\u0131nda \u015firketin birinci ismi Meng Wanzhou\u2019nun Amerika\u2019da tutuklanmas\u0131yla daha \u00e7ok g\u00fcndemegelen \u015firkete dair bilinenler olduk\u00e7a az. Y\u0131llarca \u00c7in ve Tayvan \u00fczerine teknoloji ve siyaset haberleri yapan Eva DouHuawei kitab\u0131nda, bu gizemli teknoloji imparatorlu\u011funu mercek alt\u0131na al\u0131yor. Huawei ailesinin k\u00f6kl\u00fc tarihini takipederken ayn\u0131 zamanda \u0130\u00e7 Sava\u015f\u2019tan Mao\u2019nun Kom\u00fcnist Devrimi\u2019ne, ekonomik reformdan globalle\u015fen ekonomisine kadar\u00c7in\u2019in son 100 y\u0131ll\u0131k tarihini de inceliyor.Y\u00fckselen \u00c7in ve Amerika rekabetiyle beraber uluslararas\u0131 siyasette daha da \u00f6nemli hale gelen bu kitap; teknoloji,ekonomi ve siyaset \u00fc\u00e7geninde derinlikli bir bak\u0131\u015f a\u00e7\u0131s\u0131 ortaya koyuyor.<\/p>\n","protected":false},"excerpt":{"rendered":"<p>D\u00fcnya yine bir Sputnik an\u0131na tan\u0131kl\u0131k ediyordu ve bu sefer Sputnik, Huawei\u2019ydi. Huawei d\u00fcnyadaki di\u011fer t\u00fcm \u015firketlerdendaha fazla patent ba\u015fvurusu yap\u0131yordu. Huawei 5G teknolojisinde liderdi. Huawei<span class=\"excerpt-hellip\"> [\u2026]<\/span><\/p>\n","protected":false},"featured_media":0,"template":"","meta":{"_monsterinsights_skip_tracking":false,"_monsterinsights_sitenote_active":false,"_monsterinsights_sitenote_note":"","_monsterinsights_sitenote_category":0},"product_brand":[],"product_cat":[13043,17647],"product_tag":[],"class_list":{"0":"post-771484","1":"product","2":"type-product","3":"status-publish","5":"product_cat-ekonomi","6":"product_cat-is-dunyasi","7":"pa_cilt-ciltsiz","8":"pa_tur-kitap","9":"pa_yayinevi-timas-yayinlari","10":"pa_yazar-eva-dou","12":"first","13":"instock","14":"sale","15":"shipping-taxable","16":"purchasable","17":"product-type-simple"},"_links":{"self":[{"href":"https:\/\/roveyayinevi.com.tr\/index.php\/wp-json\/wp\/v2\/product\/771484","targetHints":{"allow":["GET"]}}],"collection":[{"href":"https:\/\/roveyayinevi.com.tr\/index.php\/wp-json\/wp\/v2\/product"}],"about":[{"href":"https:\/\/roveyayinevi.com.tr\/index.php\/wp-json\/wp\/v2\/types\/product"}],"wp:attachment":[{"href":"https:\/\/roveyayinevi.com.tr\/index.php\/wp-json\/wp\/v2\/media?parent=771484"}],"wp:term":[{"taxonomy":"product_brand","embeddable":true,"href":"https:\/\/roveyayinevi.com.tr\/index.php\/wp-json\/wp\/v2\/product_brand?post=771484"},{"taxonomy":"product_cat","embeddable":true,"href":"https:\/\/roveyayinevi.com.tr\/index.php\/wp-json\/wp\/v2\/product_cat?post=771484"},{"taxonomy":"product_tag","embeddable":true,"href":"https:\/\/roveyayinevi.com.tr\/index.php\/wp-json\/wp\/v2\/product_tag?post=771484"}],"curies":[{"name":"wp","href":"https:\/\/api.w.org\/{rel}","templated":true}]}}