{"id":771483,"date":"2025-08-28T15:06:47","date_gmt":"2025-08-28T12:06:47","guid":{"rendered":"https:\/\/roveyayinevi.com.tr\/index.php\/urun\/allah-diyen-pense-2\/"},"modified":"2026-04-15T03:37:47","modified_gmt":"2026-04-15T00:37:47","slug":"allah-diyen-pense-2","status":"publish","type":"product","link":"https:\/\/roveyayinevi.com.tr\/index.php\/urun\/allah-diyen-pense-2\/","title":{"rendered":"Allah Diyen Pense"},"content":{"rendered":"<p>Kafanda deli sorular&#8230; Ve \u201cH\u0131mm demek \u00f6yleymi\u015f\u2019\u2019 diyece\u011fin meseleler ve cevaplar&#8230; Akl\u0131n g\u00f6revi g\u00f6ze y\u00fcklenince insan\u0131n kainata a\u00e7\u0131lan penceresinin mente\u015feleri gev\u015fiyor, s\u0131kmak i\u00e7in bir penseye gerek olabilir. Kar\u015f\u0131nda yanan insanlar\u0131 g\u00f6rd\u00fc\u011f\u00fcnde elindeki yang\u0131n t\u00fcp\u00fc ile s\u00f6nd\u00fcrme imk\u00e2n\u0131 varken nas\u0131l kullan\u0131ld\u0131\u011f\u0131n\u0131 bilmedi\u011fin i\u00e7in kendini sorumlu tutacaks\u0131n. Ve bir g\u00fcn ihtiyac\u0131 olanlara su ikram etmek istedi\u011finde s\u00fcrahinin bo\u015f oldu\u011funu anlaman ilk ad\u0131m\u0131n olacak&#8230; Okurken \u201cBu adam beni nereden tan\u0131yor ve neden benden bahsetmi\u015f\u201d diye sayfalar\u0131n aras\u0131na saklanmaya ve yeri gelince ortaya \u00e7\u0131kmaya var m\u0131s\u0131n?<\/p>\n","protected":false},"excerpt":{"rendered":"<p>Kafanda deli sorular&#8230; Ve \u201cH\u0131mm demek \u00f6yleymi\u015f\u2019\u2019 diyece\u011fin meseleler ve cevaplar&#8230; Akl\u0131n g\u00f6revi g\u00f6ze y\u00fcklenince insan\u0131n kainata a\u00e7\u0131lan penceresinin mente\u015feleri gev\u015fiyor, s\u0131kmak i\u00e7in bir penseye gerek<span class=\"excerpt-hellip\"> [\u2026]<\/span><\/p>\n","protected":false},"featured_media":0,"template":"","meta":{"_monsterinsights_skip_tracking":false,"_monsterinsights_sitenote_active":false,"_monsterinsights_sitenote_note":"","_monsterinsights_sitenote_category":0},"product_brand":[],"product_cat":[12718,12719,13025],"product_tag":[],"class_list":{"0":"post-771483","1":"product","2":"type-product","3":"status-publish","5":"product_cat-din","6":"product_cat-islam","7":"product_cat-islam-ve-gunumuz-islam-dusuncesi","8":"pa_cilt-ciltsiz","9":"pa_tur-kitap","10":"pa_yayinevi-yediveren-yayinlari","11":"pa_yazar-harun-serkan-aktas","13":"first","14":"instock","15":"sale","16":"shipping-taxable","17":"purchasable","18":"product-type-simple"},"_links":{"self":[{"href":"https:\/\/roveyayinevi.com.tr\/index.php\/wp-json\/wp\/v2\/product\/771483","targetHints":{"allow":["GET"]}}],"collection":[{"href":"https:\/\/roveyayinevi.com.tr\/index.php\/wp-json\/wp\/v2\/product"}],"about":[{"href":"https:\/\/roveyayinevi.com.tr\/index.php\/wp-json\/wp\/v2\/types\/product"}],"wp:attachment":[{"href":"https:\/\/roveyayinevi.com.tr\/index.php\/wp-json\/wp\/v2\/media?parent=771483"}],"wp:term":[{"taxonomy":"product_brand","embeddable":true,"href":"https:\/\/roveyayinevi.com.tr\/index.php\/wp-json\/wp\/v2\/product_brand?post=771483"},{"taxonomy":"product_cat","embeddable":true,"href":"https:\/\/roveyayinevi.com.tr\/index.php\/wp-json\/wp\/v2\/product_cat?post=771483"},{"taxonomy":"product_tag","embeddable":true,"href":"https:\/\/roveyayinevi.com.tr\/index.php\/wp-json\/wp\/v2\/product_tag?post=771483"}],"curies":[{"name":"wp","href":"https:\/\/api.w.org\/{rel}","templated":true}]}}