{"id":771481,"date":"2025-08-28T15:06:41","date_gmt":"2025-08-28T12:06:41","guid":{"rendered":"https:\/\/roveyayinevi.com.tr\/index.php\/urun\/hadi-insallah\/"},"modified":"2026-04-15T03:37:47","modified_gmt":"2026-04-15T00:37:47","slug":"hadi-insallah","status":"publish","type":"product","link":"https:\/\/roveyayinevi.com.tr\/index.php\/urun\/hadi-insallah\/","title":{"rendered":"Hadi \u0130n\u015fallah"},"content":{"rendered":"<p>G\u00fczel \u015feyler zaman al\u0131r.Bazen de zaman g\u00fczel \u015feyleri al\u0131r\u2026Hi\u00e7bir kar\u015f\u0131la\u015fma tesad\u00fcf de\u011fildir.Hayat\u0131na giren-\u00e7\u0131kan herkes,ya bir l\u00fctuftur ya da bir imtihan.Unutma, deniyorsan ama olmuyorsa;deneniyorsundur.\u00d6yleyse tevekk\u00fclden dahahuzurlusu var m\u0131?Ne g\u00fczel duad\u0131r;Allah\u2019\u0131m!Bir g\u00fcn \u00fcmidimi kaybedersem,yazd\u0131\u011f\u0131n kaderin hayallerimdendaha g\u00fczel oldu\u011funubana hat\u0131rlat!<\/p>\n","protected":false},"excerpt":{"rendered":"<p>G\u00fczel \u015feyler zaman al\u0131r.Bazen de zaman g\u00fczel \u015feyleri al\u0131r\u2026Hi\u00e7bir kar\u015f\u0131la\u015fma tesad\u00fcf de\u011fildir.Hayat\u0131na giren-\u00e7\u0131kan herkes,ya bir l\u00fctuftur ya da bir imtihan.Unutma, deniyorsan ama olmuyorsa;deneniyorsundur.\u00d6yleyse tevekk\u00fclden dahahuzurlusu var<span class=\"excerpt-hellip\"> [\u2026]<\/span><\/p>\n","protected":false},"featured_media":0,"template":"","meta":{"_monsterinsights_skip_tracking":false,"_monsterinsights_sitenote_active":false,"_monsterinsights_sitenote_note":"","_monsterinsights_sitenote_category":0},"product_brand":[],"product_cat":[12291,12711],"product_tag":[],"class_list":{"0":"post-771481","1":"product","2":"type-product","3":"status-publish","5":"product_cat-edebiyat","6":"product_cat-roman-oyku","7":"pa_cilt-ciltsiz","8":"pa_tur-kitap","9":"pa_yayinevi-yediveren-yayinlari","10":"pa_yazar-osman-sungur-yeken","12":"first","13":"instock","14":"sale","15":"shipping-taxable","16":"purchasable","17":"product-type-simple"},"_links":{"self":[{"href":"https:\/\/roveyayinevi.com.tr\/index.php\/wp-json\/wp\/v2\/product\/771481","targetHints":{"allow":["GET"]}}],"collection":[{"href":"https:\/\/roveyayinevi.com.tr\/index.php\/wp-json\/wp\/v2\/product"}],"about":[{"href":"https:\/\/roveyayinevi.com.tr\/index.php\/wp-json\/wp\/v2\/types\/product"}],"wp:attachment":[{"href":"https:\/\/roveyayinevi.com.tr\/index.php\/wp-json\/wp\/v2\/media?parent=771481"}],"wp:term":[{"taxonomy":"product_brand","embeddable":true,"href":"https:\/\/roveyayinevi.com.tr\/index.php\/wp-json\/wp\/v2\/product_brand?post=771481"},{"taxonomy":"product_cat","embeddable":true,"href":"https:\/\/roveyayinevi.com.tr\/index.php\/wp-json\/wp\/v2\/product_cat?post=771481"},{"taxonomy":"product_tag","embeddable":true,"href":"https:\/\/roveyayinevi.com.tr\/index.php\/wp-json\/wp\/v2\/product_tag?post=771481"}],"curies":[{"name":"wp","href":"https:\/\/api.w.org\/{rel}","templated":true}]}}