{"id":771480,"date":"2025-08-28T15:06:38","date_gmt":"2025-08-28T12:06:38","guid":{"rendered":"https:\/\/roveyayinevi.com.tr\/index.php\/urun\/kucuk-seyler-9\/"},"modified":"2026-04-15T03:37:47","modified_gmt":"2026-04-15T00:37:47","slug":"kucuk-seyler-9","status":"publish","type":"product","link":"https:\/\/roveyayinevi.com.tr\/index.php\/urun\/kucuk-seyler-9\/","title":{"rendered":"K\u00fc\u00e7\u00fck \u015eeyler"},"content":{"rendered":"<p>Gece yar\u0131s\u0131 verdi\u011fi kat\u00ee bir karar \u00fczerine, sabahleyin erken kalkarak ne kadar e\u015fyas\u0131 varsa bir sand\u0131\u011fa koyup a\u015fa\u011f\u0131ya, ta\u015fl\u0131\u011fa indirdi. Arkas\u0131na paltosunu, ba\u015f\u0131na \u015fapkas\u0131n\u0131 giyerek iplerle ba\u011flad\u0131\u011f\u0131 sand\u0131\u011f\u0131n \u00fcst\u00fcnde oturmu\u015ftu.\u0130\u015fte o zaman, &amp;`;Ya ben, ya kediler?\u201d sorusunu sormu\u015f ve kendisini \u00fcmitsizli\u011fe d\u00fc\u015f\u00fcren, &amp;`;Kediler!\u201d yan\u0131t\u0131n\u0131 alm\u0131\u015ft\u0131.Elveda! Elveda! Art\u0131k bir daha d\u00f6nmemek \u00fczere yola \u00e7\u0131kt\u0131. H\u00fcz\u00fcnl\u00fc, d\u00fc\u015f\u00fcnceli bir h\u00e2l ile k\u00fc\u00e7\u00fckl\u00fc b\u00fcy\u00fckl\u00fc birtak\u0131m evlerle d\u00fckk\u00e2nlardan m\u00fcte\u015fekkil \u00e7ar\u015f\u0131dan ge\u00e7iyordu.<\/p>\n","protected":false},"excerpt":{"rendered":"<p>Gece yar\u0131s\u0131 verdi\u011fi kat\u00ee bir karar \u00fczerine, sabahleyin erken kalkarak ne kadar e\u015fyas\u0131 varsa bir sand\u0131\u011fa koyup a\u015fa\u011f\u0131ya, ta\u015fl\u0131\u011fa indirdi. Arkas\u0131na paltosunu, ba\u015f\u0131na \u015fapkas\u0131n\u0131 giyerek iplerle<span class=\"excerpt-hellip\"> [\u2026]<\/span><\/p>\n","protected":false},"featured_media":0,"template":"","meta":{"_monsterinsights_skip_tracking":false,"_monsterinsights_sitenote_active":false,"_monsterinsights_sitenote_note":"","_monsterinsights_sitenote_category":0},"product_brand":[],"product_cat":[12291,12711],"product_tag":[],"class_list":{"0":"post-771480","1":"product","2":"type-product","3":"status-publish","5":"product_cat-edebiyat","6":"product_cat-roman-oyku","7":"pa_cilt-ciltsiz","8":"pa_tur-kitap","9":"pa_yayinevi-yediveren-yayinlari","10":"pa_yazar-samipasazade-sezai","12":"first","13":"instock","14":"sale","15":"shipping-taxable","16":"purchasable","17":"product-type-simple"},"_links":{"self":[{"href":"https:\/\/roveyayinevi.com.tr\/index.php\/wp-json\/wp\/v2\/product\/771480","targetHints":{"allow":["GET"]}}],"collection":[{"href":"https:\/\/roveyayinevi.com.tr\/index.php\/wp-json\/wp\/v2\/product"}],"about":[{"href":"https:\/\/roveyayinevi.com.tr\/index.php\/wp-json\/wp\/v2\/types\/product"}],"wp:attachment":[{"href":"https:\/\/roveyayinevi.com.tr\/index.php\/wp-json\/wp\/v2\/media?parent=771480"}],"wp:term":[{"taxonomy":"product_brand","embeddable":true,"href":"https:\/\/roveyayinevi.com.tr\/index.php\/wp-json\/wp\/v2\/product_brand?post=771480"},{"taxonomy":"product_cat","embeddable":true,"href":"https:\/\/roveyayinevi.com.tr\/index.php\/wp-json\/wp\/v2\/product_cat?post=771480"},{"taxonomy":"product_tag","embeddable":true,"href":"https:\/\/roveyayinevi.com.tr\/index.php\/wp-json\/wp\/v2\/product_tag?post=771480"}],"curies":[{"name":"wp","href":"https:\/\/api.w.org\/{rel}","templated":true}]}}