{"id":771479,"date":"2025-08-28T15:06:35","date_gmt":"2025-08-28T12:06:35","guid":{"rendered":"https:\/\/roveyayinevi.com.tr\/index.php\/urun\/marti-8\/"},"modified":"2026-04-15T03:37:47","modified_gmt":"2026-04-15T00:37:47","slug":"marti-8","status":"publish","type":"product","link":"https:\/\/roveyayinevi.com.tr\/index.php\/urun\/marti-8\/","title":{"rendered":"Mart\u0131"},"content":{"rendered":"<p>Nina: Ne yaz\u0131yorsunuz? Trigorin: Not al\u0131yorum&#8230; Bir konu geldi de akl\u0131ma&#8230; (Defteri cebine koyar.) K\u00fc\u00e7\u00fck bir hik\u00e2ye konusu. \u00c7ocuklu\u011fundan beri g\u00f6l k\u0131y\u0131s\u0131nda ya\u015fayan bir gen\u00e7 k\u0131z var, sizin gibi biri; t\u0131pk\u0131 bir mart\u0131 gibi seviyor bu g\u00f6l\u00fc ve bir mart\u0131 gibi de mutlu ve \u00f6zg\u00fcr. G\u00fcn\u00fcn birinde bir adam geliyor oraya, k\u0131z\u0131 g\u00f6r\u00fcyor ve yapacak ba\u015fka bir i\u015fi olmad\u0131\u011f\u0131ndan yaz\u0131k ediyor k\u0131za, t\u0131pk\u0131 bu mart\u0131 gibi&#8230; (Bir sessizlik.)<\/p>\n","protected":false},"excerpt":{"rendered":"<p>Nina: Ne yaz\u0131yorsunuz? Trigorin: Not al\u0131yorum&#8230; Bir konu geldi de akl\u0131ma&#8230; (Defteri cebine koyar.) K\u00fc\u00e7\u00fck bir hik\u00e2ye konusu. \u00c7ocuklu\u011fundan beri g\u00f6l k\u0131y\u0131s\u0131nda ya\u015fayan bir gen\u00e7 k\u0131z<span class=\"excerpt-hellip\"> [\u2026]<\/span><\/p>\n","protected":false},"featured_media":0,"template":"","meta":{"_monsterinsights_skip_tracking":false,"_monsterinsights_sitenote_active":false,"_monsterinsights_sitenote_note":"","_monsterinsights_sitenote_category":0},"product_brand":[],"product_cat":[12291,12711],"product_tag":[],"class_list":{"0":"post-771479","1":"product","2":"type-product","3":"status-publish","5":"product_cat-edebiyat","6":"product_cat-roman-oyku","7":"pa_cilt-ciltsiz","8":"pa_tur-kitap","9":"pa_yayinevi-yediveren-yayinlari","10":"pa_yazar-anton-pavlovic-cehov","12":"first","13":"instock","14":"sale","15":"shipping-taxable","16":"purchasable","17":"product-type-simple"},"_links":{"self":[{"href":"https:\/\/roveyayinevi.com.tr\/index.php\/wp-json\/wp\/v2\/product\/771479","targetHints":{"allow":["GET"]}}],"collection":[{"href":"https:\/\/roveyayinevi.com.tr\/index.php\/wp-json\/wp\/v2\/product"}],"about":[{"href":"https:\/\/roveyayinevi.com.tr\/index.php\/wp-json\/wp\/v2\/types\/product"}],"wp:attachment":[{"href":"https:\/\/roveyayinevi.com.tr\/index.php\/wp-json\/wp\/v2\/media?parent=771479"}],"wp:term":[{"taxonomy":"product_brand","embeddable":true,"href":"https:\/\/roveyayinevi.com.tr\/index.php\/wp-json\/wp\/v2\/product_brand?post=771479"},{"taxonomy":"product_cat","embeddable":true,"href":"https:\/\/roveyayinevi.com.tr\/index.php\/wp-json\/wp\/v2\/product_cat?post=771479"},{"taxonomy":"product_tag","embeddable":true,"href":"https:\/\/roveyayinevi.com.tr\/index.php\/wp-json\/wp\/v2\/product_tag?post=771479"}],"curies":[{"name":"wp","href":"https:\/\/api.w.org\/{rel}","templated":true}]}}