{"id":771478,"date":"2025-08-28T15:06:32","date_gmt":"2025-08-28T12:06:32","guid":{"rendered":"https:\/\/roveyayinevi.com.tr\/index.php\/urun\/babaya-mektup-15\/"},"modified":"2026-04-15T03:37:47","modified_gmt":"2026-04-15T00:37:47","slug":"babaya-mektup-15","status":"publish","type":"product","link":"https:\/\/roveyayinevi.com.tr\/index.php\/urun\/babaya-mektup-15\/","title":{"rendered":"Babaya Mektup"},"content":{"rendered":"<p>Baba, l\u00fctfen beni do\u011fru anla! B\u00fct\u00fcn bunlar asl\u0131nda tamamen \u00f6nemsiz ayr\u0131nt\u0131lar olarak kalabilirdi ama benim i\u00e7in ola\u011fan\u00fcst\u00fc y\u00f6nlendirici biri olan, senin uymam\u0131 bekledi\u011fin kurallara yine senin uymaman benim kalbimi k\u0131r\u0131yordu. Bu y\u00fczden benim i\u00e7in d\u00fcnya \u00fc\u00e7e ayr\u0131l\u0131yordu: Birincisi, sadece benim i\u00e7in konmu\u015f ama asla tam olarak uyamad\u0131\u011f\u0131m ve nedenini de bilmedi\u011fim kurallara tabi bir k\u00f6le olarak i\u00e7inde ya\u015fad\u0131\u011f\u0131m bir d\u00fcnya. \u0130kincisi, bana \u00e7ok uzak olan, senin i\u00e7inde ya\u015fad\u0131\u011f\u0131n, y\u00f6netmekle me\u015fgul oldu\u011fun, emirler ya\u011fd\u0131r\u0131p bunlara uyulmad\u0131\u011f\u0131nda da k\u00fcplere bindi\u011fin bir d\u00fcnya. \u00dc\u00e7\u00fcnc\u00fcs\u00fc de di\u011fer herkesin mutlu mesut, kurallardan ve emirlerden uzak ya\u015fad\u0131\u011f\u0131 bir d\u00fcnya. Bitmez t\u00fckenmez rezaletler i\u00e7indeydim, ya senin emirlerine uydu\u011fum i\u00e7in b\u00f6yleydi \u00e7\u00fcnk\u00fc bu emirler sadece benim i\u00e7in ge\u00e7erliydi ya da dik kafal\u0131 oldu\u011fum i\u00e7in \u00e7\u00fcnk\u00fc hangi hakla sana kar\u015f\u0131 \u00e7\u0131kabilirdim ki? Veya kurallara uyamamam\u0131n nedeni senin kadar g\u00fc\u00e7l\u00fc, senin kadar i\u015ftahl\u0131, senin kadar maharetli olmay\u0131\u015f\u0131md\u0131, buna ra\u011fmen benden bunlar\u0131 kolay \u015feylermi\u015f gibi yerine getirme\u00acmi beklerdin, i\u015fte en b\u00fcy\u00fck rezalet ne yaz\u0131k ki buydu. B\u00fct\u00fcn bunlar, d\u00fc\u015f\u00fcnceleri de\u011fil de bir \u00e7ocu\u011fun duygular\u0131n\u0131 harekete ge\u00e7iriyordu.<\/p>\n","protected":false},"excerpt":{"rendered":"<p>Baba, l\u00fctfen beni do\u011fru anla! B\u00fct\u00fcn bunlar asl\u0131nda tamamen \u00f6nemsiz ayr\u0131nt\u0131lar olarak kalabilirdi ama benim i\u00e7in ola\u011fan\u00fcst\u00fc y\u00f6nlendirici biri olan, senin uymam\u0131 bekledi\u011fin kurallara yine senin<span class=\"excerpt-hellip\"> [\u2026]<\/span><\/p>\n","protected":false},"featured_media":0,"template":"","meta":{"_monsterinsights_skip_tracking":false,"_monsterinsights_sitenote_active":false,"_monsterinsights_sitenote_note":"","_monsterinsights_sitenote_category":0},"product_brand":[],"product_cat":[12291,13872],"product_tag":[],"class_list":{"0":"post-771478","1":"product","2":"type-product","3":"status-publish","5":"product_cat-edebiyat","6":"product_cat-klasikler","7":"pa_cilt-ciltsiz","8":"pa_tur-kitap","9":"pa_yayinevi-yediveren-yayinlari","10":"pa_yazar-franz-kafka","12":"first","13":"instock","14":"sale","15":"shipping-taxable","16":"purchasable","17":"product-type-simple"},"_links":{"self":[{"href":"https:\/\/roveyayinevi.com.tr\/index.php\/wp-json\/wp\/v2\/product\/771478","targetHints":{"allow":["GET"]}}],"collection":[{"href":"https:\/\/roveyayinevi.com.tr\/index.php\/wp-json\/wp\/v2\/product"}],"about":[{"href":"https:\/\/roveyayinevi.com.tr\/index.php\/wp-json\/wp\/v2\/types\/product"}],"wp:attachment":[{"href":"https:\/\/roveyayinevi.com.tr\/index.php\/wp-json\/wp\/v2\/media?parent=771478"}],"wp:term":[{"taxonomy":"product_brand","embeddable":true,"href":"https:\/\/roveyayinevi.com.tr\/index.php\/wp-json\/wp\/v2\/product_brand?post=771478"},{"taxonomy":"product_cat","embeddable":true,"href":"https:\/\/roveyayinevi.com.tr\/index.php\/wp-json\/wp\/v2\/product_cat?post=771478"},{"taxonomy":"product_tag","embeddable":true,"href":"https:\/\/roveyayinevi.com.tr\/index.php\/wp-json\/wp\/v2\/product_tag?post=771478"}],"curies":[{"name":"wp","href":"https:\/\/api.w.org\/{rel}","templated":true}]}}