{"id":771475,"date":"2025-08-28T15:06:25","date_gmt":"2025-08-28T12:06:25","guid":{"rendered":"https:\/\/roveyayinevi.com.tr\/index.php\/urun\/din-tehlikeli-midir\/"},"modified":"2026-04-15T03:37:47","modified_gmt":"2026-04-15T00:37:47","slug":"din-tehlikeli-midir","status":"publish","type":"product","link":"https:\/\/roveyayinevi.com.tr\/index.php\/urun\/din-tehlikeli-midir\/","title":{"rendered":"Din Tehlikeli midir?"},"content":{"rendered":"<p>\u0130ngiliz felsefeci Keith Ward bu kitab\u0131nda dinlerin modern d\u00fcnyadaki rol\u00fcne ili\u015fkin kapsaml\u0131 bir tart\u0131\u015fma ba\u015flat\u0131yor. Ward, dinlerin \u015fiddetle ve bilim kar\u015f\u0131tl\u0131\u011f\u0131 ile beraber an\u0131ld\u0131\u011f\u0131 g\u00fcn\u00fcm\u00fczde, bu t\u00fcr mitleri sorgularken bir yandan da dinlerin bireysel mutlulu\u011fa ve toplumsal bar\u0131\u015fa katk\u0131 sunma potansiyeline somut verilerle dikkat \u00e7ekiyor.Do\u00e7. Dr. Alper BilgiliD\u00fcnyaya bar\u0131\u015f\u0131n, sevginin ve karde\u015fli\u011fin hakim olmas\u0131na din mi engel olmaktad\u0131r? Sava\u015flar, \u00e7at\u0131\u015fmalar, ayr\u0131mc\u0131l\u0131k ve daha pek \u00e7ok ac\u0131n\u0131n kayna\u011f\u0131n\u0131n din oldu\u011fu s\u00f6ylemleriyle kar\u015f\u0131 kar\u015f\u0131yay\u0131z. Di\u011fer taraftan, dinin, rasyonel d\u00fc\u015f\u00fcnmeye bilime ve ahlaki olarak sorumluluk almaya engel oldu\u011funa dair tezler s\u0131k s\u0131k ileri s\u00fcr\u00fcl\u00fcyor. Bu durumda din maddi ve manevi olarak b\u00fcy\u00fck bir tehlike de\u011fil midir? Keith Ward bu iddialar\u0131 tek tek ele ald\u0131\u011f\u0131 bu kitab\u0131nda a\u00e7\u0131k bir dille g\u00f6stermektedir ki g\u00fcn\u00fcm\u00fcz\u00fcn problemleri hakk\u0131nda din\u00ee inan\u00e7 haks\u0131z yere su\u00e7lanmaktad\u0131r. \u00d6nyarg\u0131s\u0131z ve olgusal d\u00fc\u015f\u00fcnebilen herkes buradaki tezlerden hareketle tart\u0131\u015fmaya yap\u0131c\u0131 katk\u0131lar sunabilecektir.Dr. Yasin Ramazan<\/p>\n","protected":false},"excerpt":{"rendered":"<p>\u0130ngiliz felsefeci Keith Ward bu kitab\u0131nda dinlerin modern d\u00fcnyadaki rol\u00fcne ili\u015fkin kapsaml\u0131 bir tart\u0131\u015fma ba\u015flat\u0131yor. Ward, dinlerin \u015fiddetle ve bilim kar\u015f\u0131tl\u0131\u011f\u0131 ile beraber an\u0131ld\u0131\u011f\u0131 g\u00fcn\u00fcm\u00fczde, bu<span class=\"excerpt-hellip\"> [\u2026]<\/span><\/p>\n","protected":false},"featured_media":0,"template":"","meta":{"_monsterinsights_skip_tracking":false,"_monsterinsights_sitenote_active":false,"_monsterinsights_sitenote_note":"","_monsterinsights_sitenote_category":0},"product_brand":[],"product_cat":[12835,12324],"product_tag":[],"class_list":{"0":"post-771475","1":"product","2":"type-product","3":"status-publish","5":"product_cat-genel-sosyoloji","6":"product_cat-sosyoloji","7":"pa_cilt-ciltsiz","8":"pa_tur-kitap","9":"pa_yayinevi-timas-yayinlari","10":"pa_yazar-keith-ward","12":"first","13":"instock","14":"sale","15":"shipping-taxable","16":"purchasable","17":"product-type-simple"},"_links":{"self":[{"href":"https:\/\/roveyayinevi.com.tr\/index.php\/wp-json\/wp\/v2\/product\/771475","targetHints":{"allow":["GET"]}}],"collection":[{"href":"https:\/\/roveyayinevi.com.tr\/index.php\/wp-json\/wp\/v2\/product"}],"about":[{"href":"https:\/\/roveyayinevi.com.tr\/index.php\/wp-json\/wp\/v2\/types\/product"}],"wp:attachment":[{"href":"https:\/\/roveyayinevi.com.tr\/index.php\/wp-json\/wp\/v2\/media?parent=771475"}],"wp:term":[{"taxonomy":"product_brand","embeddable":true,"href":"https:\/\/roveyayinevi.com.tr\/index.php\/wp-json\/wp\/v2\/product_brand?post=771475"},{"taxonomy":"product_cat","embeddable":true,"href":"https:\/\/roveyayinevi.com.tr\/index.php\/wp-json\/wp\/v2\/product_cat?post=771475"},{"taxonomy":"product_tag","embeddable":true,"href":"https:\/\/roveyayinevi.com.tr\/index.php\/wp-json\/wp\/v2\/product_tag?post=771475"}],"curies":[{"name":"wp","href":"https:\/\/api.w.org\/{rel}","templated":true}]}}