{"id":771470,"date":"2025-08-28T15:06:13","date_gmt":"2025-08-28T12:06:13","guid":{"rendered":"https:\/\/roveyayinevi.com.tr\/index.php\/urun\/donusum-33\/"},"modified":"2026-04-15T03:37:47","modified_gmt":"2026-04-15T00:37:47","slug":"donusum-33","status":"publish","type":"product","link":"https:\/\/roveyayinevi.com.tr\/index.php\/urun\/donusum-33\/","title":{"rendered":"D\u00f6n\u00fc\u015f\u00fcm"},"content":{"rendered":"<p>&#8220;Oysa sabahleyin kap\u0131lar kilitliyken herkes onun yan\u0131na gelmek i\u00e7in ne diller d\u00f6km\u00fc\u015ft\u00fc. \u015eimdi isekap\u0131lar a\u00e7\u0131lm\u0131\u015f oldu\u011fu halde kimse gelmiyor, \u00fcstelik kap\u0131lar\u0131 d\u0131\u015far\u0131dan kilitliyorlard\u0131.&#8221;20 y\u00fczy\u0131l\u0131n \u00f6nemli roman ve hik\u00e2ye yazarlar\u0131ndan Franz Kafka taraf\u0131ndan kaleme al\u0131nm\u0131\u015f olup ilk kez1915 y\u0131l\u0131nda yay\u0131mlanan bu hik\u00e2yede gezici bir sat\u0131\u015f temsilcisi olan Gregor Samsa&#8217;n\u0131n s\u0131radan olmas\u0131gereken bir sabah i\u015fe gitmek \u00fczere uyand\u0131\u011f\u0131nda kendisini dev bir b\u00f6ce\u011fe d\u00f6n\u00fc\u015fm\u00fc\u015f halde bulmas\u0131n\u0131takip eden olaylar dizisi konu al\u0131n\u0131r. Geri kalan her \u015fey bir yana, art\u0131k kendi bedenine bile yabanc\u0131 olanGregor, bir yandan i\u00e7inde bulundu\u011fu bu yeni bedenle ya\u015fama d\u00fc\u015f\u00fcncesine uyum sa\u011flamaya\u00e7al\u0131\u015f\u0131rken \u00f6te yandan da kendisi ve ge\u00e7imlerini sa\u011flamakla y\u00fck\u00fcml\u00fc oldu\u011fu annesi, babas\u0131 ve k\u0131zkarde\u015fi i\u00e7in i\u015fleri yoluna koyma m\u00fccadelesine giri\u015fir. Gregor, daha en ba\u015f\u0131ndan itibaren kendisi ilebirlikte okuru da bilinen ger\u00e7ekli\u011fin \u00f6tesini hayal etmeye iter.<\/p>\n","protected":false},"excerpt":{"rendered":"<p>&#8220;Oysa sabahleyin kap\u0131lar kilitliyken herkes onun yan\u0131na gelmek i\u00e7in ne diller d\u00f6km\u00fc\u015ft\u00fc. \u015eimdi isekap\u0131lar a\u00e7\u0131lm\u0131\u015f oldu\u011fu halde kimse gelmiyor, \u00fcstelik kap\u0131lar\u0131 d\u0131\u015far\u0131dan kilitliyorlard\u0131.&#8221;20 y\u00fczy\u0131l\u0131n \u00f6nemli roman<span class=\"excerpt-hellip\"> [\u2026]<\/span><\/p>\n","protected":false},"featured_media":0,"template":"","meta":{"_monsterinsights_skip_tracking":false,"_monsterinsights_sitenote_active":false,"_monsterinsights_sitenote_note":"","_monsterinsights_sitenote_category":0},"product_brand":[],"product_cat":[12291,18202],"product_tag":[],"class_list":{"0":"post-771470","1":"product","2":"type-product","3":"status-publish","5":"product_cat-edebiyat","6":"product_cat-hikaye","7":"pa_cilt-ciltsiz","8":"pa_tur-kitap","9":"pa_yayinevi-yediveren-yayinlari","10":"pa_yazar-franz-kafka","12":"first","13":"instock","14":"sale","15":"shipping-taxable","16":"purchasable","17":"product-type-simple"},"_links":{"self":[{"href":"https:\/\/roveyayinevi.com.tr\/index.php\/wp-json\/wp\/v2\/product\/771470","targetHints":{"allow":["GET"]}}],"collection":[{"href":"https:\/\/roveyayinevi.com.tr\/index.php\/wp-json\/wp\/v2\/product"}],"about":[{"href":"https:\/\/roveyayinevi.com.tr\/index.php\/wp-json\/wp\/v2\/types\/product"}],"wp:attachment":[{"href":"https:\/\/roveyayinevi.com.tr\/index.php\/wp-json\/wp\/v2\/media?parent=771470"}],"wp:term":[{"taxonomy":"product_brand","embeddable":true,"href":"https:\/\/roveyayinevi.com.tr\/index.php\/wp-json\/wp\/v2\/product_brand?post=771470"},{"taxonomy":"product_cat","embeddable":true,"href":"https:\/\/roveyayinevi.com.tr\/index.php\/wp-json\/wp\/v2\/product_cat?post=771470"},{"taxonomy":"product_tag","embeddable":true,"href":"https:\/\/roveyayinevi.com.tr\/index.php\/wp-json\/wp\/v2\/product_tag?post=771470"}],"curies":[{"name":"wp","href":"https:\/\/api.w.org\/{rel}","templated":true}]}}