{"id":771466,"date":"2025-08-28T15:06:03","date_gmt":"2025-08-28T12:06:03","guid":{"rendered":"https:\/\/roveyayinevi.com.tr\/index.php\/urun\/dava-18\/"},"modified":"2026-04-07T03:31:40","modified_gmt":"2026-04-07T00:31:40","slug":"dava-18","status":"publish","type":"product","link":"https:\/\/roveyayinevi.com.tr\/index.php\/urun\/dava-18\/","title":{"rendered":"Dava"},"content":{"rendered":"<p>&#8220;Benim bu yasadan haberim yok,&#8221; dedi K.&#8221;\u00c7ok yaz\u0131k do\u011frusu,&#8221; dedi G\u00f6zc\u00fc.&#8221;Herhalde bu yasa yaln\u0131zca sizin kafan\u0131zda var,&#8221; diye yan\u0131tlad\u0131 K.Tutukland\u0131\u011f\u0131n\u0131, ancak g\u00fcnl\u00fck ya\u015fam\u0131na, yani normalde ne yap\u0131yorsa onu yapmaya devamedebilece\u011fini ani bir haberle \u00f6\u011frenen Josef K., ni\u00e7in tutukland\u0131\u011f\u0131 hakk\u0131nda bilgiyi ise hangi kap\u0131y\u0131\u00e7ald\u0131ysa bir t\u00fcrl\u00fc \u00f6\u011frenememektedir. K., bu tutuklanma haberini takip eden g\u00fcnlerde nas\u0131l olduysaherkesin haberdar oldu\u011fu bu davan\u0131n pe\u015finde oradan oraya s\u00fcr\u00fcklenirken kendisini kayna\u011f\u0131n\u0131bilmedi\u011fi bir bask\u0131n\u0131n alt\u0131nda \u00f6zg\u00fcrl\u00fc\u011f\u00fcn\u00fc yitirme korkusu i\u00e7inde ezilirken bulur.Kafka, bu eserinde \u00f6ylesine abs\u00fcrt bir sistem kurgulam\u0131\u015ft\u0131r ki okuru \u00e2deta sat\u0131rlar\u0131n kendisinden \u00e7ok,sat\u0131r aralar\u0131n\u0131 okumaya a\u00e7\u0131k\u00e7a davet eder.<\/p>\n","protected":false},"excerpt":{"rendered":"<p>&#8220;Benim bu yasadan haberim yok,&#8221; dedi K.&#8221;\u00c7ok yaz\u0131k do\u011frusu,&#8221; dedi G\u00f6zc\u00fc.&#8221;Herhalde bu yasa yaln\u0131zca sizin kafan\u0131zda var,&#8221; diye yan\u0131tlad\u0131 K.Tutukland\u0131\u011f\u0131n\u0131, ancak g\u00fcnl\u00fck ya\u015fam\u0131na, yani normalde ne<span class=\"excerpt-hellip\"> [\u2026]<\/span><\/p>\n","protected":false},"featured_media":0,"template":"","meta":{"_monsterinsights_skip_tracking":false,"_monsterinsights_sitenote_active":false,"_monsterinsights_sitenote_note":"","_monsterinsights_sitenote_category":0},"product_brand":[],"product_cat":[12291,12711],"product_tag":[],"class_list":{"0":"post-771466","1":"product","2":"type-product","3":"status-publish","5":"product_cat-edebiyat","6":"product_cat-roman-oyku","7":"pa_cilt-ciltsiz","8":"pa_tur-kitap","9":"pa_yayinevi-yediveren-yayinlari","10":"pa_yazar-franz-kafka","12":"first","13":"instock","14":"sale","15":"shipping-taxable","16":"purchasable","17":"product-type-simple"},"_links":{"self":[{"href":"https:\/\/roveyayinevi.com.tr\/index.php\/wp-json\/wp\/v2\/product\/771466","targetHints":{"allow":["GET"]}}],"collection":[{"href":"https:\/\/roveyayinevi.com.tr\/index.php\/wp-json\/wp\/v2\/product"}],"about":[{"href":"https:\/\/roveyayinevi.com.tr\/index.php\/wp-json\/wp\/v2\/types\/product"}],"wp:attachment":[{"href":"https:\/\/roveyayinevi.com.tr\/index.php\/wp-json\/wp\/v2\/media?parent=771466"}],"wp:term":[{"taxonomy":"product_brand","embeddable":true,"href":"https:\/\/roveyayinevi.com.tr\/index.php\/wp-json\/wp\/v2\/product_brand?post=771466"},{"taxonomy":"product_cat","embeddable":true,"href":"https:\/\/roveyayinevi.com.tr\/index.php\/wp-json\/wp\/v2\/product_cat?post=771466"},{"taxonomy":"product_tag","embeddable":true,"href":"https:\/\/roveyayinevi.com.tr\/index.php\/wp-json\/wp\/v2\/product_tag?post=771466"}],"curies":[{"name":"wp","href":"https:\/\/api.w.org\/{rel}","templated":true}]}}