{"id":771462,"date":"2025-08-28T15:05:53","date_gmt":"2025-08-28T12:05:53","guid":{"rendered":"https:\/\/roveyayinevi.com.tr\/index.php\/urun\/askin-ogrencisi\/"},"modified":"2026-04-15T03:37:47","modified_gmt":"2026-04-15T00:37:47","slug":"askin-ogrencisi","status":"publish","type":"product","link":"https:\/\/roveyayinevi.com.tr\/index.php\/urun\/askin-ogrencisi\/","title":{"rendered":"A\u015fk\u0131n \u00d6\u011frencisi"},"content":{"rendered":"<p>Bu kitap, A\u015fk\u0131n \u00d6\u011frencisi olmaya niyet etmi\u015f herkes i\u00e7in bir rehber niteli\u011findedir.   Yaradan\u2019\u0131n yans\u0131malar\u0131 olarak bize verilmi\u015f yetenekleri kullanmaya, kendi ger\u00e7ekli\u011fimizi en g\u00fczel \u015fekilde yaratmaya, kendimizin en m\u00fckemmel versiyonunu olu\u015fturmaya geldik. Kimseyle k\u0131yaslamadan kendi biricikli\u011fimizi fark etmek i\u00e7in indik bu gezegene. Milyarlarca insandan bir tane daha bizim ayn\u0131m\u0131zdan yok! \u015eimdi g\u00f6z\u00fcn\u00fc kapat\u0131p t\u00fcm yarad\u0131l\u0131\u015f\u0131 g\u00f6z\u00fcnde bir canland\u0131r. Her \u015feyden sadece tek bir tane var. T\u00fcm yarad\u0131l\u0131\u015f teklik yasas\u0131yla yarat\u0131lm\u0131\u015f. \u00d6nemini fark ediyor musun?   Shakti Banu Metya\u2019n\u0131n uzun y\u0131llar kendi \u00fczerinde derinle\u015fmesi neticesinde ke\u015ffetti\u011fi ve geli\u015ftirdi\u011fi B\u00fcy\u00fcl\u00fc Orman Tekni\u011fi, insanlar\u0131n i\u00e7 sesleriyle, kalpleriyle konu\u015fmalar\u0131na, ihtiya\u00e7 duyduklar\u0131 cevaplar\u0131 almalar\u0131na vesile oldu. H\u00e2len yapt\u0131\u011f\u0131 B\u00fcy\u00fcl\u00fc Orman bireysel\/grup \u015fifa seanslar\u0131 ve \u00d6zg\u00fcr Kad\u0131n, Di\u015fi \u00d6ze D\u00f6n\u00fc\u015f e\u011fitim program\u0131yla insanlar\u0131n ya\u015fam kalitesini artt\u0131rmak, hayatlar\u0131na yeni y\u00f6nler verebilmeleri i\u00e7in cesaretlendirmek ve \u00f6zg\u00fcrce ya\u015famalar\u0131 i\u00e7in fark\u0131ndal\u0131k kazand\u0131rmak niyetiyle \u00e7al\u0131\u015fmaya devam etmektedir.<\/p>\n","protected":false},"excerpt":{"rendered":"<p>Bu kitap, A\u015fk\u0131n \u00d6\u011frencisi olmaya niyet etmi\u015f herkes i\u00e7in bir rehber niteli\u011findedir. Yaradan\u2019\u0131n yans\u0131malar\u0131 olarak bize verilmi\u015f yetenekleri kullanmaya, kendi ger\u00e7ekli\u011fimizi en g\u00fczel \u015fekilde yaratmaya, kendimizin<span class=\"excerpt-hellip\"> [\u2026]<\/span><\/p>\n","protected":false},"featured_media":0,"template":"","meta":{"_monsterinsights_skip_tracking":false,"_monsterinsights_sitenote_active":false,"_monsterinsights_sitenote_note":"","_monsterinsights_sitenote_category":0},"product_brand":[],"product_cat":[12364,12376],"product_tag":[],"class_list":{"0":"post-771462","1":"product","2":"type-product","3":"status-publish","5":"product_cat-genel-konular","6":"product_cat-kisisel-gelisim","7":"pa_cilt-ciltsiz","8":"pa_tur-kitap","9":"pa_yayinevi-luna-yayinlari","10":"pa_yazar-shakti-banu-metya","12":"first","13":"instock","14":"sale","15":"shipping-taxable","16":"purchasable","17":"product-type-simple"},"_links":{"self":[{"href":"https:\/\/roveyayinevi.com.tr\/index.php\/wp-json\/wp\/v2\/product\/771462","targetHints":{"allow":["GET"]}}],"collection":[{"href":"https:\/\/roveyayinevi.com.tr\/index.php\/wp-json\/wp\/v2\/product"}],"about":[{"href":"https:\/\/roveyayinevi.com.tr\/index.php\/wp-json\/wp\/v2\/types\/product"}],"wp:attachment":[{"href":"https:\/\/roveyayinevi.com.tr\/index.php\/wp-json\/wp\/v2\/media?parent=771462"}],"wp:term":[{"taxonomy":"product_brand","embeddable":true,"href":"https:\/\/roveyayinevi.com.tr\/index.php\/wp-json\/wp\/v2\/product_brand?post=771462"},{"taxonomy":"product_cat","embeddable":true,"href":"https:\/\/roveyayinevi.com.tr\/index.php\/wp-json\/wp\/v2\/product_cat?post=771462"},{"taxonomy":"product_tag","embeddable":true,"href":"https:\/\/roveyayinevi.com.tr\/index.php\/wp-json\/wp\/v2\/product_tag?post=771462"}],"curies":[{"name":"wp","href":"https:\/\/api.w.org\/{rel}","templated":true}]}}