{"id":771459,"date":"2025-08-28T15:05:44","date_gmt":"2025-08-28T12:05:44","guid":{"rendered":"https:\/\/roveyayinevi.com.tr\/index.php\/urun\/yagmur-mevsimi-pazari\/"},"modified":"2026-04-15T03:37:46","modified_gmt":"2026-04-15T00:37:46","slug":"yagmur-mevsimi-pazari","status":"publish","type":"product","link":"https:\/\/roveyayinevi.com.tr\/index.php\/urun\/yagmur-mevsimi-pazari\/","title":{"rendered":"Ya\u011fmur Mevsimi Pazar\u0131"},"content":{"rendered":"<p>E\u011eER DAHA \u0130Y\u0130 B\u0130R HAYAT SE\u00c7ME \u015eANSINIZ OLSAYDI, HANG\u0130S\u0130N\u0130 SE\u00c7ERD\u0130N\u0130Z?   Derler ki G\u00f6kku\u015fa\u011f\u0131 Kasabas\u0131\u2019n\u0131n k\u0131y\u0131s\u0131nda, zaman\u0131n ve insanlar\u0131n unuttu\u011fu eski bir ev vard\u0131r. Efsaneye g\u00f6re, talihsiz ya\u015fam\u0131n\u0131 anlatan mektubunu bu eve g\u00f6nderirsen kar\u015f\u0131l\u0131\u011f\u0131nda gizemli bir bilet al\u0131rs\u0131n. Ya\u011fmur mevsiminin ilk g\u00fcn\u00fc, o biletle eski eve geldi\u011finde Ya\u011fmur Mevsimi Pazar\u0131\u2019n\u0131n b\u00fcy\u00fcl\u00fc kap\u0131lar\u0131 senin i\u00e7in a\u00e7\u0131l\u0131r; i\u015fte orada hayat\u0131n\u0131n \u00f6yk\u00fcs\u00fcn\u00fc en ba\u015ftan yazabilirsin.   Serin o bileti ald\u0131\u011f\u0131nda \u015fa\u015fk\u0131nl\u0131ktan ne yapaca\u011f\u0131n\u0131 bilemez. Yaln\u0131z ve umutsuz olan gen\u00e7 k\u0131z\u0131n gelece\u011fe dair hi\u00e7bir hayali yoktur. Ama belki de bu bilet onun i\u00e7in yeni bir ba\u015flang\u0131\u00e7 demektir. B\u00f6ylece daha iyi bir ya\u015fama sahip olma umuduyla bu b\u00fcy\u00fcl\u00fc pazara ad\u0131m\u0131n\u0131 atar.   Bu yolculukta ona rehberlik edecek gizemli kedi Issha\u2019yla tan\u0131\u015f\u0131r ve hemen arkada\u015f olurlar. Birbirinden tuhaf d\u00fckk\u00e2nlara girip hayal s\u0131n\u0131rlar\u0131n\u0131 zorlayan diyarlar aras\u0131nda dola\u015f\u0131rlar. Serin, mutlu bir hayat\u0131n izini s\u00fcrerken bir yandan kalbinin derinliklerinde sakl\u0131 olan ger\u00e7ek arzular\u0131n\u0131 ke\u015ffetmeye ba\u015flar.   Ancak hi\u00e7bir iyilik kar\u015f\u0131l\u0131ks\u0131z de\u011fildir: Serin\u2019in mutlulu\u011fu bulmak i\u00e7in yaln\u0131zca bir haftas\u0131 vard\u0131r. E\u011fer arad\u0131\u011f\u0131n\u0131 bulamazsa Ya\u011fmur Mevsimi Pazar\u0131\u2019n\u0131n sonsuzlu\u011funda kaybolmaya mahk\u00fbm olacakt\u0131r.   Ve fark\u0131nda olmadan, karanl\u0131k bir g\u00f6lge her ad\u0131m\u0131nda ona yakla\u015fmaktad\u0131r&#8230;   \u201cStudio Ghibli filmlerinin b\u00fcy\u00fcl\u00fc atmosferini aratmayan bu fantastik d\u00fcnya, okurlar\u0131n\u0131 b\u00fcy\u00fcleyecek. Ka\u00e7 ya\u015f\u0131nda olursan\u0131z olsun, keyifle okuyabilece\u011finiz m\u00fckemmel bir hik\u00e2ye.\u201d   \u2014Booklist <\/p>\n","protected":false},"excerpt":{"rendered":"<p>E\u011eER DAHA \u0130Y\u0130 B\u0130R HAYAT SE\u00c7ME \u015eANSINIZ OLSAYDI, HANG\u0130S\u0130N\u0130 SE\u00c7ERD\u0130N\u0130Z? Derler ki G\u00f6kku\u015fa\u011f\u0131 Kasabas\u0131\u2019n\u0131n k\u0131y\u0131s\u0131nda, zaman\u0131n ve insanlar\u0131n unuttu\u011fu eski bir ev vard\u0131r. Efsaneye g\u00f6re, talihsiz<span class=\"excerpt-hellip\"> [\u2026]<\/span><\/p>\n","protected":false},"featured_media":0,"template":"","meta":{"_monsterinsights_skip_tracking":false,"_monsterinsights_sitenote_active":false,"_monsterinsights_sitenote_note":"","_monsterinsights_sitenote_category":0},"product_brand":[],"product_cat":[12291,14777],"product_tag":[],"class_list":{"0":"post-771459","1":"product","2":"type-product","3":"status-publish","5":"product_cat-edebiyat","6":"product_cat-fantastik","7":"pa_cilt-ciltsiz","8":"pa_tur-kitap","9":"pa_yayinevi-epsilon-yayinlari","10":"pa_yazar-you-yeong-gwang","12":"first","13":"instock","14":"sale","15":"shipping-taxable","16":"purchasable","17":"product-type-simple"},"_links":{"self":[{"href":"https:\/\/roveyayinevi.com.tr\/index.php\/wp-json\/wp\/v2\/product\/771459","targetHints":{"allow":["GET"]}}],"collection":[{"href":"https:\/\/roveyayinevi.com.tr\/index.php\/wp-json\/wp\/v2\/product"}],"about":[{"href":"https:\/\/roveyayinevi.com.tr\/index.php\/wp-json\/wp\/v2\/types\/product"}],"wp:attachment":[{"href":"https:\/\/roveyayinevi.com.tr\/index.php\/wp-json\/wp\/v2\/media?parent=771459"}],"wp:term":[{"taxonomy":"product_brand","embeddable":true,"href":"https:\/\/roveyayinevi.com.tr\/index.php\/wp-json\/wp\/v2\/product_brand?post=771459"},{"taxonomy":"product_cat","embeddable":true,"href":"https:\/\/roveyayinevi.com.tr\/index.php\/wp-json\/wp\/v2\/product_cat?post=771459"},{"taxonomy":"product_tag","embeddable":true,"href":"https:\/\/roveyayinevi.com.tr\/index.php\/wp-json\/wp\/v2\/product_tag?post=771459"}],"curies":[{"name":"wp","href":"https:\/\/api.w.org\/{rel}","templated":true}]}}