{"id":771457,"date":"2025-08-28T15:05:39","date_gmt":"2025-08-28T12:05:39","guid":{"rendered":"https:\/\/roveyayinevi.com.tr\/index.php\/urun\/annem-de-uyumak-istemezse\/"},"modified":"2026-04-15T03:37:46","modified_gmt":"2026-04-15T00:37:46","slug":"annem-de-uyumak-istemezse","status":"publish","type":"product","link":"https:\/\/roveyayinevi.com.tr\/index.php\/urun\/annem-de-uyumak-istemezse\/","title":{"rendered":"Annem De Uyumak \u0130stemezse!"},"content":{"rendered":"<p>Uyku saati gelmi\u015fti. Anne ve babalar\u0131n\u0131n, \u201cHaydi herkes yata\u011fa,\u201d demesini bekleyen iki karde\u015f, uyumamak i\u00e7in s\u0131ralayacaklar\u0131 bahaneleri \u00e7oktan haz\u0131rlanm\u0131\u015flard\u0131 bile. Ne var ki o ak\u015fam uyku saati ge\u00e7mesine ra\u011fmen anneleri hi\u00e7bir \u015fey demiyordu, hem de hi\u00e7! Saat ilerliyor, ebeveynlerinden hi\u00e7 ses \u00e7\u0131km\u0131yordu. Sonra birden enerjiyle dopdolu olan anneleri oyun oynamak istedi\u011fini s\u00f6yledi, yatma saatini ertelemek i\u00e7in elinden gelen her \u015feyi yap\u0131yordu!   Ebeveyn ve \u00e7ocuk rollerinin tersine \u00e7evrildi\u011fi bir ailede ya\u015fanan bu e\u011flenceli \u00f6yk\u00fc sayesinde \u00e7ocuklar, zaman\u0131nda uyuman\u0131n ne kadar \u00f6nemli oldu\u011funu anlayacak. <\/p>\n","protected":false},"excerpt":{"rendered":"<p>Uyku saati gelmi\u015fti. Anne ve babalar\u0131n\u0131n, \u201cHaydi herkes yata\u011fa,\u201d demesini bekleyen iki karde\u015f, uyumamak i\u00e7in s\u0131ralayacaklar\u0131 bahaneleri \u00e7oktan haz\u0131rlanm\u0131\u015flard\u0131 bile. Ne var ki o ak\u015fam uyku<span class=\"excerpt-hellip\"> [\u2026]<\/span><\/p>\n","protected":false},"featured_media":0,"template":"","meta":{"_monsterinsights_skip_tracking":false,"_monsterinsights_sitenote_active":false,"_monsterinsights_sitenote_note":"","_monsterinsights_sitenote_category":0},"product_brand":[],"product_cat":[12274,12284],"product_tag":[],"class_list":{"0":"post-771457","1":"product","2":"type-product","3":"status-publish","5":"product_cat-cocuk-ve-genclik-kitaplari","6":"product_cat-hikayeler","7":"pa_cilt-ciltsiz","8":"pa_tur-kitap","9":"pa_yayinevi-1001-cicek-kitaplar","10":"pa_yazar-emmanuelle-lepetit","12":"first","13":"instock","14":"sale","15":"shipping-taxable","16":"purchasable","17":"product-type-simple"},"_links":{"self":[{"href":"https:\/\/roveyayinevi.com.tr\/index.php\/wp-json\/wp\/v2\/product\/771457","targetHints":{"allow":["GET"]}}],"collection":[{"href":"https:\/\/roveyayinevi.com.tr\/index.php\/wp-json\/wp\/v2\/product"}],"about":[{"href":"https:\/\/roveyayinevi.com.tr\/index.php\/wp-json\/wp\/v2\/types\/product"}],"wp:attachment":[{"href":"https:\/\/roveyayinevi.com.tr\/index.php\/wp-json\/wp\/v2\/media?parent=771457"}],"wp:term":[{"taxonomy":"product_brand","embeddable":true,"href":"https:\/\/roveyayinevi.com.tr\/index.php\/wp-json\/wp\/v2\/product_brand?post=771457"},{"taxonomy":"product_cat","embeddable":true,"href":"https:\/\/roveyayinevi.com.tr\/index.php\/wp-json\/wp\/v2\/product_cat?post=771457"},{"taxonomy":"product_tag","embeddable":true,"href":"https:\/\/roveyayinevi.com.tr\/index.php\/wp-json\/wp\/v2\/product_tag?post=771457"}],"curies":[{"name":"wp","href":"https:\/\/api.w.org\/{rel}","templated":true}]}}