{"id":771456,"date":"2025-08-28T15:05:38","date_gmt":"2025-08-28T12:05:38","guid":{"rendered":"https:\/\/roveyayinevi.com.tr\/index.php\/urun\/piyano-ogretimi-anadolu-renklerinden-dunya-renklerine\/"},"modified":"2026-04-15T03:37:46","modified_gmt":"2026-04-15T00:37:46","slug":"piyano-ogretimi-anadolu-renklerinden-dunya-renklerine","status":"publish","type":"product","link":"https:\/\/roveyayinevi.com.tr\/index.php\/urun\/piyano-ogretimi-anadolu-renklerinden-dunya-renklerine\/","title":{"rendered":"Piyano \u00d6\u011fretimi &#8211; Anadolu Renklerinden D\u00fcnya Renklerine"},"content":{"rendered":"<p>D\u00fcnya m\u00fczik co\u011frafyas\u0131nda genel olarak Afrika ritim, Avrupa armoni, Latin Amerika ise dans merkezlidir. Anadolu\u2019ya gelince ise m\u00fczi\u011fin merkezinde \u201cezgi\u201d vard\u0131r. M\u00fczik duygular\u0131n dilidir; tonal ezgiler duygular\u0131m\u0131za hitap ederken makamsal ezgiler y\u00fcre\u011fimize, g\u00f6nl\u00fcm\u00fcze, ruhumuza hitap eder. \u00c7\u00fcnk\u00fc genetik \u015fifrelerimizin kodlar\u0131 makamlarda gizlidir.   T\u00fcrk\u00fclerimiz, \u015fark\u0131lar\u0131m\u0131z duygu y\u00fckl\u00fcd\u00fcr, dokunakl\u0131d\u0131r, i\u00e7lidir, i\u00e7tendir. Bir bak\u0131ma ila\u00e7t\u0131r onlar. Kendimizi k\u0131rg\u0131n, gergin, yorgun, y\u0131lg\u0131n hissetti\u011fimizde \u015fefkatli ezgileriyle bizi s\u0131k\u0131ca sar\u0131p sarmalar, ok\u015far, hayata ba\u011flar. \u00c7\u00fcnk\u00fc onlar Anadolu\u2019nun ba\u011fr\u0131nda ya\u015fanan a\u015fk, sevda, ac\u0131, ayr\u0131l\u0131k, kavu\u015fma, sevin\u00e7, mutluluk gibi duygulardan dam\u0131t\u0131larak dillere, tellere d\u00f6k\u00fclm\u00fc\u015ft\u00fcr. Oya gibi, kanavi\u00e7e gibi i\u015flenmi\u015f ezgilerdeki s\u0131r budur.   Bu ezgileri otantik bi\u00e7imiyle dinlemek elbette \u00e7ok keyiflidir. Ancak \u00e7okseslili\u011fin olanaklar\u0131ndan yararlanarak piyanoyla \u00e7almak da bamba\u015fka bir deneyimdir. \u00c7\u00fcnk\u00fc ayn\u0131 anda t\u0131nlayan seslerin belle\u011fimizde b\u0131rakt\u0131\u011f\u0131 izler daha anlaml\u0131, daha etkili ve daha derindir.   M\u00fczi\u011fin kanatlar\u0131nda, pentatonik ezgilerden makamlara, tonaliteden Blues\u2019a, d\u00fcnyan\u0131n farkl\u0131 m\u00fczik co\u011frafyalar\u0131nda bir yolculu\u011fa ne dersiniz?   M\u0130-M\u0130-FA-SOL-SOL-FA-M\u0130-RE Salih Aydo\u011fan <\/p>\n","protected":false},"excerpt":{"rendered":"<p>D\u00fcnya m\u00fczik co\u011frafyas\u0131nda genel olarak Afrika ritim, Avrupa armoni, Latin Amerika ise dans merkezlidir. Anadolu\u2019ya gelince ise m\u00fczi\u011fin merkezinde \u201cezgi\u201d vard\u0131r. M\u00fczik duygular\u0131n dilidir; tonal ezgiler<span class=\"excerpt-hellip\"> [\u2026]<\/span><\/p>\n","protected":false},"featured_media":0,"template":"","meta":{"_monsterinsights_skip_tracking":false,"_monsterinsights_sitenote_active":false,"_monsterinsights_sitenote_note":"","_monsterinsights_sitenote_category":0},"product_brand":[],"product_cat":[14556,20810],"product_tag":[],"class_list":{"0":"post-771456","1":"product","2":"type-product","3":"status-publish","5":"product_cat-muzik","6":"product_cat-ogrenim-kitaplari","7":"pa_cilt-ciltsiz","8":"pa_tur-kitap","9":"pa_yayinevi-arkadas-yayinlari-muzik-kitaplari","10":"pa_yazar-salih-aydogan","12":"first","13":"instock","14":"sale","15":"shipping-taxable","16":"purchasable","17":"product-type-simple"},"_links":{"self":[{"href":"https:\/\/roveyayinevi.com.tr\/index.php\/wp-json\/wp\/v2\/product\/771456","targetHints":{"allow":["GET"]}}],"collection":[{"href":"https:\/\/roveyayinevi.com.tr\/index.php\/wp-json\/wp\/v2\/product"}],"about":[{"href":"https:\/\/roveyayinevi.com.tr\/index.php\/wp-json\/wp\/v2\/types\/product"}],"wp:attachment":[{"href":"https:\/\/roveyayinevi.com.tr\/index.php\/wp-json\/wp\/v2\/media?parent=771456"}],"wp:term":[{"taxonomy":"product_brand","embeddable":true,"href":"https:\/\/roveyayinevi.com.tr\/index.php\/wp-json\/wp\/v2\/product_brand?post=771456"},{"taxonomy":"product_cat","embeddable":true,"href":"https:\/\/roveyayinevi.com.tr\/index.php\/wp-json\/wp\/v2\/product_cat?post=771456"},{"taxonomy":"product_tag","embeddable":true,"href":"https:\/\/roveyayinevi.com.tr\/index.php\/wp-json\/wp\/v2\/product_tag?post=771456"}],"curies":[{"name":"wp","href":"https:\/\/api.w.org\/{rel}","templated":true}]}}