{"id":771455,"date":"2025-08-28T15:05:36","date_gmt":"2025-08-28T12:05:36","guid":{"rendered":"https:\/\/roveyayinevi.com.tr\/index.php\/urun\/yarina-yarim-kalmasin\/"},"modified":"2026-04-15T03:37:46","modified_gmt":"2026-04-15T00:37:46","slug":"yarina-yarim-kalmasin","status":"publish","type":"product","link":"https:\/\/roveyayinevi.com.tr\/index.php\/urun\/yarina-yarim-kalmasin\/","title":{"rendered":"Yar\u0131na Yar\u0131m Kalmas\u0131n"},"content":{"rendered":"<p>Ba\u015flad\u0131\u011f\u0131n\u0131z Her \u0130\u015fi Tamamlama ve Baz\u0131 \u0130\u015flere Hi\u00e7 Ba\u015flamama K\u0131lavuzu    \u201cKi\u015fisel hayatlar\u0131m\u0131zda yar\u0131da b\u0131rakt\u0131klar\u0131m\u0131z, i\u015f d\u00fcnyas\u0131na g\u00f6re daha az g\u00f6ze \u00e7arpsa bile onlar\u0131n da sonu\u00e7lar\u0131 vard\u0131r. Evinizi sat\u0131\u015fa \u00e7\u0131karman\u0131z\u0131 zorla\u015ft\u0131rd\u0131\u011f\u0131 halde banyonuzu yenilemeyi asla bitiremeyebilirsiniz. Ta\u015f\u0131nman\u0131z\u0131n \u00fcst\u00fcnden epey vakit ge\u00e7mesine ra\u011fmen h\u00e2l\u00e2 bo\u015faltmad\u0131\u011f\u0131n\u0131z koliler olabilir. O be\u015f kiloyu bir verseniz pantolonlar\u0131n\u0131za girebileceksinizdir.\u201d   &#8211;        Bir \u015feyleri yar\u0131da b\u0131rakman\u0131za sebep olan davran\u0131\u015flar, inan\u00e7lar, al\u0131\u015fkanl\u0131klar nelerdir? &#8211;        Ertelemeyle nas\u0131l ba\u015fa \u00e7\u0131k\u0131l\u0131r? &#8211;        Teslim tarihlerine bak\u0131\u015f a\u00e7\u0131n\u0131z\u0131 nas\u0131l de\u011fi\u015ftirebilirsiniz? &#8211;        F.I.N.I.S.H Y\u00f6ntemi nedir? &#8211;        Hay\u0131r demeyi nas\u0131l \u00f6\u011frenebilirsiniz? &#8211;        G\u00f6rev da\u011f\u0131l\u0131m\u0131 en iyi nas\u0131l yap\u0131l\u0131r? &#8211;        Peki, bitirmemenin iyi oldu\u011fu \u015feyler nelerdir?   Bir dolu projeniz var ama hi\u00e7biri nihayete ermemi\u015f. Bir \u015feyleri s\u00fcrekli yar\u0131na erteliyorsunuz, sonra o erteledi\u011finizi yine erteliyorsunuz. Ne zaman bir i\u015fin ba\u015f\u0131na ge\u00e7seniz bir di\u011ferini ihmal etti\u011finizi hissediyorsunuz. Hep \u00e7ok me\u015fguls\u00fcn\u00fcz ama bal yapmayan ar\u0131 m\u0131s\u0131n\u0131z acaba diye kayg\u0131lan\u0131yorsunuz. Pek \u00e7ok \u00f6d\u00fcle lay\u0131k g\u00f6r\u00fclen, 35 dile \u00e7evrilmi\u015f 60\u2019tan fazla kitab\u0131n yazar\u0131 olan, zaman y\u00f6netimi konusunda uzman dan\u0131\u015fman, ya\u015fam ko\u00e7u, konu\u015fmac\u0131 ve sosyolog Dr. Jan Yager alandaki 30 y\u0131ll\u0131k birikimiyle kaleme ald\u0131\u011f\u0131 Yar\u0131na Yar\u0131m Kalmas\u0131n ile bu ruh haline, erteleme salg\u0131n\u0131na tesirli bir panzehir sunuyor. <\/p>\n","protected":false},"excerpt":{"rendered":"<p>Ba\u015flad\u0131\u011f\u0131n\u0131z Her \u0130\u015fi Tamamlama ve Baz\u0131 \u0130\u015flere Hi\u00e7 Ba\u015flamama K\u0131lavuzu \u201cKi\u015fisel hayatlar\u0131m\u0131zda yar\u0131da b\u0131rakt\u0131klar\u0131m\u0131z, i\u015f d\u00fcnyas\u0131na g\u00f6re daha az g\u00f6ze \u00e7arpsa bile onlar\u0131n da sonu\u00e7lar\u0131 vard\u0131r.<span class=\"excerpt-hellip\"> [\u2026]<\/span><\/p>\n","protected":false},"featured_media":0,"template":"","meta":{"_monsterinsights_skip_tracking":false,"_monsterinsights_sitenote_active":false,"_monsterinsights_sitenote_note":"","_monsterinsights_sitenote_category":0},"product_brand":[],"product_cat":[12364,12376],"product_tag":[],"class_list":{"0":"post-771455","1":"product","2":"type-product","3":"status-publish","5":"product_cat-genel-konular","6":"product_cat-kisisel-gelisim","7":"pa_cilt-ciltsiz","8":"pa_tur-kitap","9":"pa_yayinevi-nepal-kitap","10":"pa_yazar-jan-yager","12":"first","13":"instock","14":"sale","15":"shipping-taxable","16":"purchasable","17":"product-type-simple"},"_links":{"self":[{"href":"https:\/\/roveyayinevi.com.tr\/index.php\/wp-json\/wp\/v2\/product\/771455","targetHints":{"allow":["GET"]}}],"collection":[{"href":"https:\/\/roveyayinevi.com.tr\/index.php\/wp-json\/wp\/v2\/product"}],"about":[{"href":"https:\/\/roveyayinevi.com.tr\/index.php\/wp-json\/wp\/v2\/types\/product"}],"wp:attachment":[{"href":"https:\/\/roveyayinevi.com.tr\/index.php\/wp-json\/wp\/v2\/media?parent=771455"}],"wp:term":[{"taxonomy":"product_brand","embeddable":true,"href":"https:\/\/roveyayinevi.com.tr\/index.php\/wp-json\/wp\/v2\/product_brand?post=771455"},{"taxonomy":"product_cat","embeddable":true,"href":"https:\/\/roveyayinevi.com.tr\/index.php\/wp-json\/wp\/v2\/product_cat?post=771455"},{"taxonomy":"product_tag","embeddable":true,"href":"https:\/\/roveyayinevi.com.tr\/index.php\/wp-json\/wp\/v2\/product_tag?post=771455"}],"curies":[{"name":"wp","href":"https:\/\/api.w.org\/{rel}","templated":true}]}}