{"id":771451,"date":"2025-08-28T15:05:27","date_gmt":"2025-08-28T12:05:27","guid":{"rendered":"https:\/\/roveyayinevi.com.tr\/index.php\/urun\/gurcistan\/"},"modified":"2026-04-15T03:37:46","modified_gmt":"2026-04-15T00:37:46","slug":"gurcistan","status":"publish","type":"product","link":"https:\/\/roveyayinevi.com.tr\/index.php\/urun\/gurcistan\/","title":{"rendered":"G\u00fcrcistan"},"content":{"rendered":"<p>Tarih boyunca G\u00fcrcistan, Kafkasya\u2019n\u0131n b\u00fcy\u00fcl\u00fc co\u011frafyas\u0131nda k\u00f6kl\u00fc bir k\u00fclt\u00fcr ve medeniyetin be\u015fi\u011fi oldu. G\u00fcrcistan: \u0130mparatorluklar Aras\u0131nda Bir Tarih okuyucuyu bu topraklar\u0131n binlerce y\u0131l s\u00fcren tarihine, uzun bir yolculu\u011fa \u00e7\u0131kar\u0131yor\u2026 Ta\u015f Devri\u2019nden g\u00fcn\u00fcm\u00fcz modern G\u00fcrcistan\u2019\u0131na kadar uzanan bu eser, sadece tarih\u00ee bir anlat\u0131 de\u011fil, ayn\u0131 zamanda G\u00fcrc\u00fc k\u00fclt\u00fcr\u00fcn\u00fcn, siyas\u00ee ve toplumsal yap\u0131s\u0131n\u0131n, halk\u0131n\u0131n, \u00e2detlerinin ve din\u00ee anlay\u0131\u015f\u0131n\u0131n derinlemesine bir incelemesidir. Antik Kolhis ve Kartli krall\u0131klar\u0131ndan orta\u00e7a\u011flarda G\u00fcrc\u00fc feodal monar\u015fisinin y\u00fckseli\u015fine, do\u011fu ve bat\u0131 olarak do\u011fal s\u0131n\u0131rlarla b\u00f6l\u00fcnm\u00fc\u015f, farkl\u0131 etnik, din\u00ee, sosyoekonomik yap\u0131lar\u0131 bir \u00e7at\u0131 alt\u0131nda tutmaya \u00e7al\u0131\u015fan hanedanlar\u0131n var olma \u00e7abalar\u0131na, Mo\u011fol ve Timur istilalar\u0131n\u0131n kanl\u0131 ve karanl\u0131k g\u00fcnlerinden ilk birle\u015fik G\u00fcrc\u00fc krall\u0131\u011f\u0131na uzanan bir tarih\u2026 16. y\u00fczy\u0131ldan itibaren, Osmanl\u0131, Safev\u00ee ve Rus imparatorlular\u0131n\u0131n Kafkaslardaki \u00e7at\u0131\u015fma sahas\u0131 h\u00e2line gelen G\u00fcrcistan, dilini, kilisesini ve k\u00fclt\u00fcr\u00fcn\u00fc m\u00fcstakil tutmay\u0131 ba\u015farm\u0131\u015f, i\u00e7 b\u00f6l\u00fcnmeler ve d\u0131\u015f m\u00fcdahalelerin zorluklar\u0131n\u0131 her d\u00f6nem ya\u015fam\u0131\u015ft\u0131. Harita ve renkli g\u00f6rsellerle desteklenin bu eser G\u00fcrcistan tarihinin \u00f6nemli safhalar\u0131ndan Didgori, Krtsanisi sava\u015flar\u0131n\u0131, Kral Tamar idaresinde ya\u015fanan \u201calt\u0131n \u00e7a\u011fdan\u201d 18. y\u00fczy\u0131l sonundan itibaren \u00fclkenin Rus tahakk\u00fcm\u00fc alt\u0131na girmesini ak\u0131c\u0131 bir \u015fekilde aktar\u0131yor. T\u00fcm bu d\u00f6nemler boyunca sadece tarihsel olaylar de\u011fil, ayn\u0131 zamanda G\u00fcrc\u00fc edebiyat\u0131n\u0131n, sanat\u0131n\u0131n, mimarisinin ve tarihyaz\u0131m\u0131n\u0131n zengin miras\u0131 ve \u00f6nde gelen \u015fahsiyetleri de okura sunuluyor. Roma, Bizans, Mo\u011fol, Osmanl\u0131, Safev\u00ee ve Rusya gibi b\u00fcy\u00fck g\u00fc\u00e7lerle \u015fekillenmi\u015f, k\u00fclt\u00fcrel zenginlikleri ve tarih\u00ee dayan\u0131kl\u0131l\u0131\u011f\u0131yla dikkat \u00e7eken G\u00fcrcistan\u2019\u0131n hik\u00e2yesi, tarih\u00e7iler, akademisyenler ve Kafkasya\u2019n\u0131n kadim halklar\u0131na ilgi duyan herkes i\u00e7in vazge\u00e7ilmez bir kaynak olacak. <\/p>\n","protected":false},"excerpt":{"rendered":"<p>Tarih boyunca G\u00fcrcistan, Kafkasya\u2019n\u0131n b\u00fcy\u00fcl\u00fc co\u011frafyas\u0131nda k\u00f6kl\u00fc bir k\u00fclt\u00fcr ve medeniyetin be\u015fi\u011fi oldu. G\u00fcrcistan: \u0130mparatorluklar Aras\u0131nda Bir Tarih okuyucuyu bu topraklar\u0131n binlerce y\u0131l s\u00fcren tarihine, uzun<span class=\"excerpt-hellip\"> [\u2026]<\/span><\/p>\n","protected":false},"featured_media":0,"template":"","meta":{"_monsterinsights_skip_tracking":false,"_monsterinsights_sitenote_active":false,"_monsterinsights_sitenote_note":"","_monsterinsights_sitenote_category":0},"product_brand":[],"product_cat":[12370,12304],"product_tag":[],"class_list":{"0":"post-771451","1":"product","2":"type-product","3":"status-publish","5":"product_cat-arastirma-inceleme","6":"product_cat-tarih","7":"pa_cilt-ciltsiz","8":"pa_tur-kitap","9":"pa_yayinevi-vakifbank-kultur-yayinlari","10":"pa_yazar-kaha-sengelia","12":"first","13":"instock","14":"sale","15":"shipping-taxable","16":"purchasable","17":"product-type-simple"},"_links":{"self":[{"href":"https:\/\/roveyayinevi.com.tr\/index.php\/wp-json\/wp\/v2\/product\/771451","targetHints":{"allow":["GET"]}}],"collection":[{"href":"https:\/\/roveyayinevi.com.tr\/index.php\/wp-json\/wp\/v2\/product"}],"about":[{"href":"https:\/\/roveyayinevi.com.tr\/index.php\/wp-json\/wp\/v2\/types\/product"}],"wp:attachment":[{"href":"https:\/\/roveyayinevi.com.tr\/index.php\/wp-json\/wp\/v2\/media?parent=771451"}],"wp:term":[{"taxonomy":"product_brand","embeddable":true,"href":"https:\/\/roveyayinevi.com.tr\/index.php\/wp-json\/wp\/v2\/product_brand?post=771451"},{"taxonomy":"product_cat","embeddable":true,"href":"https:\/\/roveyayinevi.com.tr\/index.php\/wp-json\/wp\/v2\/product_cat?post=771451"},{"taxonomy":"product_tag","embeddable":true,"href":"https:\/\/roveyayinevi.com.tr\/index.php\/wp-json\/wp\/v2\/product_tag?post=771451"}],"curies":[{"name":"wp","href":"https:\/\/api.w.org\/{rel}","templated":true}]}}