{"id":771450,"date":"2025-08-28T15:05:26","date_gmt":"2025-08-28T12:05:26","guid":{"rendered":"https:\/\/roveyayinevi.com.tr\/index.php\/urun\/hinduizme-giris\/"},"modified":"2026-04-15T03:37:46","modified_gmt":"2026-04-15T00:37:46","slug":"hinduizme-giris","status":"publish","type":"product","link":"https:\/\/roveyayinevi.com.tr\/index.php\/urun\/hinduizme-giris\/","title":{"rendered":"Hinduizm\u2019e Giri\u015f"},"content":{"rendered":"<p>Hinduizm, d\u00fcnya \u00fczerindeki en eski ve en k\u00f6kl\u00fc din\u00ee geleneklerden biridir. Farkl\u0131 inan\u00e7 ve d\u00fc\u015f\u00fcnce sistemlerinin i\u00e7 i\u00e7e ge\u00e7ti\u011fi bu \u00e7ok katmanl\u0131 yap\u0131, zaman i\u00e7inde d\u00f6n\u00fc\u015ferek ve geli\u015ferek g\u00fcn\u00fcm\u00fcze ula\u015fm\u0131\u015ft\u0131r. Ancak bu k\u00f6kl\u00fc gelene\u011fi anlamak, Bat\u0131l\u0131 din alg\u0131lar\u0131n\u0131n \u00f6tesine ge\u00e7meyi ve Hinduizm\u2019in kendine \u00f6zg\u00fc kavramsal d\u00fcnyas\u0131na n\u00fcfuz etmeyi gerektiriyor. Klostermaier\u2019in Hinduizm\u2019e Giri\u015f kitab\u0131, bu gelene\u011fe dair temel bilgileri anla\u015f\u0131l\u0131r ve sistematik bir \u00e7er\u00e7evede sunuyor ve kutsal metinlerden, rit\u00fcel ve ibadet pratiklerine, kast sisteminin tarihsel k\u00f6kenlerinden Hinduizm\u2019in modern d\u00fcnyayla ili\u015fkisine kadar geni\u015f bir yelpazede konular\u0131 ele al\u0131yor. Kitap ayr\u0131ca, Hinduizm\u2019in Bat\u0131 d\u00fc\u015f\u00fcncesiyle temaslar\u0131n\u0131 ve modern d\u00fcnyadaki d\u00f6n\u00fc\u015f\u00fcm\u00fcn\u00fc de inceliyor. Vak\u0131fBank K\u00fclt\u00fcr Yay\u0131nlar\u0131 olarak okuyucuyla bulu\u015fturdu\u011fumuz bu eser, hem akademisyenler hem de konuya ilgi duyan genel okuyucu i\u00e7in kapsaml\u0131 bir giri\u015f. <\/p>\n","protected":false},"excerpt":{"rendered":"<p>Hinduizm, d\u00fcnya \u00fczerindeki en eski ve en k\u00f6kl\u00fc din\u00ee geleneklerden biridir. Farkl\u0131 inan\u00e7 ve d\u00fc\u015f\u00fcnce sistemlerinin i\u00e7 i\u00e7e ge\u00e7ti\u011fi bu \u00e7ok katmanl\u0131 yap\u0131, zaman i\u00e7inde d\u00f6n\u00fc\u015ferek<span class=\"excerpt-hellip\"> [\u2026]<\/span><\/p>\n","protected":false},"featured_media":0,"template":"","meta":{"_monsterinsights_skip_tracking":false,"_monsterinsights_sitenote_active":false,"_monsterinsights_sitenote_note":"","_monsterinsights_sitenote_category":0},"product_brand":[],"product_cat":[13488],"product_tag":[],"class_list":{"0":"post-771450","1":"product","2":"type-product","3":"status-publish","5":"product_cat-toplum-ve-insan","6":"pa_cilt-ciltsiz","7":"pa_tur-kitap","8":"pa_yayinevi-vakifbank-kultur-yayinlari","9":"pa_yazar-klaus-k-klostermaier","11":"first","12":"instock","13":"sale","14":"shipping-taxable","15":"purchasable","16":"product-type-simple"},"_links":{"self":[{"href":"https:\/\/roveyayinevi.com.tr\/index.php\/wp-json\/wp\/v2\/product\/771450","targetHints":{"allow":["GET"]}}],"collection":[{"href":"https:\/\/roveyayinevi.com.tr\/index.php\/wp-json\/wp\/v2\/product"}],"about":[{"href":"https:\/\/roveyayinevi.com.tr\/index.php\/wp-json\/wp\/v2\/types\/product"}],"wp:attachment":[{"href":"https:\/\/roveyayinevi.com.tr\/index.php\/wp-json\/wp\/v2\/media?parent=771450"}],"wp:term":[{"taxonomy":"product_brand","embeddable":true,"href":"https:\/\/roveyayinevi.com.tr\/index.php\/wp-json\/wp\/v2\/product_brand?post=771450"},{"taxonomy":"product_cat","embeddable":true,"href":"https:\/\/roveyayinevi.com.tr\/index.php\/wp-json\/wp\/v2\/product_cat?post=771450"},{"taxonomy":"product_tag","embeddable":true,"href":"https:\/\/roveyayinevi.com.tr\/index.php\/wp-json\/wp\/v2\/product_tag?post=771450"}],"curies":[{"name":"wp","href":"https:\/\/api.w.org\/{rel}","templated":true}]}}