{"id":771449,"date":"2025-08-28T15:05:25","date_gmt":"2025-08-28T12:05:25","guid":{"rendered":"https:\/\/roveyayinevi.com.tr\/index.php\/urun\/masterson-yaklasiminda-borderline-kisilik-bozukluguna-gelisimsel-yaklasim\/"},"modified":"2026-04-15T03:37:46","modified_gmt":"2026-04-15T00:37:46","slug":"masterson-yaklasiminda-borderline-kisilik-bozukluguna-gelisimsel-yaklasim","status":"publish","type":"product","link":"https:\/\/roveyayinevi.com.tr\/index.php\/urun\/masterson-yaklasiminda-borderline-kisilik-bozukluguna-gelisimsel-yaklasim\/","title":{"rendered":"Masterson Yakla\u015f\u0131m\u0131nda Borderline Ki\u015filik Bozuklu\u011funa Geli\u015fimsel Yakla\u015f\u0131m"},"content":{"rendered":"<p>Bireyin duygusal d\u00fcnyas\u0131n\u0131, ili\u015fkilerini ve kendilik alg\u0131s\u0131n\u0131 derinden etkileyen karma\u015f\u0131k bir yap\u0131 olan borderline ki\u015filik bozuklu\u011funa Dr. James F. Masterson\u2019\u0131n geli\u015fimsel yakla\u015f\u0131m\u0131, bu bozuklu\u011fun k\u00f6kenlerini erken \u00e7ocukluk deneyimleri ve bireyle\u015fme s\u00fcreci \u00fczerinden ele alarak derinlemesine bir perspektif sa\u011flar. Dr. Meral Ayd\u0131n, Masterson Yakla\u015f\u0131m\u0131nda Borderline Ki\u015filik Bozuklu\u011funa Geli\u015fimsel Yakla\u015f\u0131m kitab\u0131nda borderline ki\u015filik bozuklu\u011funun Masterson yakla\u015f\u0131m\u0131na g\u00f6re geli\u015fimsel \u00f6nc\u00fclleri ile buna ba\u011fl\u0131 olarak geli\u015ftirilen terapi y\u00f6ntemini ele alarak teorinin prati\u011fe nas\u0131l yans\u0131d\u0131\u011f\u0131n\u0131 g\u00f6zler \u00f6n\u00fcne seriyor. Borderline ki\u015filik bozuklu\u011funun intrapsi\u015fik geli\u015fimini, borderline ki\u015filik bozuklu\u011fu tan\u0131s\u0131 konmu\u015f olan ki\u015filerin i\u00e7sel ya\u015fant\u0131lar\u0131na klinisyenlerin nas\u0131l ula\u015fabilece\u011fini, bu ki\u015filerin ne \u015fekilde tedavi edilebilece\u011fini, ger\u00e7ek kendili\u011fi ortaya \u00e7\u0131karma ve \u00e7al\u0131\u015fma s\u00fcre\u00e7lerinin temel yap\u0131s\u0131n\u0131 aktar\u0131yor. Klinik \u00e7al\u0131\u015fmalar, ki\u015filik geli\u015fimi, psikoterapi ve ki\u015filik bozukluklar\u0131na ilgi duyan herkes i\u00e7in kapsaml\u0131 ve ayd\u0131nlat\u0131c\u0131 bir kaynak sunuyor.  <\/p>\n","protected":false},"excerpt":{"rendered":"<p>Bireyin duygusal d\u00fcnyas\u0131n\u0131, ili\u015fkilerini ve kendilik alg\u0131s\u0131n\u0131 derinden etkileyen karma\u015f\u0131k bir yap\u0131 olan borderline ki\u015filik bozuklu\u011funa Dr. James F. Masterson\u2019\u0131n geli\u015fimsel yakla\u015f\u0131m\u0131, bu bozuklu\u011fun k\u00f6kenlerini erken<span class=\"excerpt-hellip\"> [\u2026]<\/span><\/p>\n","protected":false},"featured_media":0,"template":"","meta":{"_monsterinsights_skip_tracking":false,"_monsterinsights_sitenote_active":false,"_monsterinsights_sitenote_note":"","_monsterinsights_sitenote_category":0},"product_brand":[],"product_cat":[12357],"product_tag":[],"class_list":{"0":"post-771449","1":"product","2":"type-product","3":"status-publish","5":"product_cat-psikoloji","6":"pa_cilt-ciltsiz","7":"pa_tur-kitap","8":"pa_yayinevi-okuyan-us-yayin","9":"pa_yazar-meral-aydin","11":"first","12":"instock","13":"sale","14":"shipping-taxable","15":"purchasable","16":"product-type-simple"},"_links":{"self":[{"href":"https:\/\/roveyayinevi.com.tr\/index.php\/wp-json\/wp\/v2\/product\/771449","targetHints":{"allow":["GET"]}}],"collection":[{"href":"https:\/\/roveyayinevi.com.tr\/index.php\/wp-json\/wp\/v2\/product"}],"about":[{"href":"https:\/\/roveyayinevi.com.tr\/index.php\/wp-json\/wp\/v2\/types\/product"}],"wp:attachment":[{"href":"https:\/\/roveyayinevi.com.tr\/index.php\/wp-json\/wp\/v2\/media?parent=771449"}],"wp:term":[{"taxonomy":"product_brand","embeddable":true,"href":"https:\/\/roveyayinevi.com.tr\/index.php\/wp-json\/wp\/v2\/product_brand?post=771449"},{"taxonomy":"product_cat","embeddable":true,"href":"https:\/\/roveyayinevi.com.tr\/index.php\/wp-json\/wp\/v2\/product_cat?post=771449"},{"taxonomy":"product_tag","embeddable":true,"href":"https:\/\/roveyayinevi.com.tr\/index.php\/wp-json\/wp\/v2\/product_tag?post=771449"}],"curies":[{"name":"wp","href":"https:\/\/api.w.org\/{rel}","templated":true}]}}