{"id":771447,"date":"2025-08-28T15:05:21","date_gmt":"2025-08-28T12:05:21","guid":{"rendered":"https:\/\/roveyayinevi.com.tr\/index.php\/urun\/yazma-cesareti-2\/"},"modified":"2026-04-15T03:37:46","modified_gmt":"2026-04-15T00:37:46","slug":"yazma-cesareti-2","status":"publish","type":"product","link":"https:\/\/roveyayinevi.com.tr\/index.php\/urun\/yazma-cesareti-2\/","title":{"rendered":"Yazma Cesareti"},"content":{"rendered":"<p>Yazma Cesareti, yazma eylemi \u00fczerinden her t\u00fcr yarat\u0131c\u0131 s\u00fcrecin psikolojisi \u00fczerine. Bu kitapta insan\u0131n kendisini yaratma yolculu\u011fu anlat\u0131l\u0131yor. Var olmak nas\u0131l bir cesarettir? Yazma ve yaratma eylemi, var olma cesaretiyle ne \u015fekilde ilgilidir? Nas\u0131l geli\u015firiz, nas\u0131l iyile\u015firiz; kendimizi kendimizden nas\u0131l do\u011fururuz, bu i\u015fin do\u011fas\u0131 nedir?  Nihan Kaya, hem psikoloji hem edebiyat alan\u0131ndaki bilgi birikimiyle, nas\u0131l kendimizi ger\u00e7ekle\u015ftirmek \u00fczere d\u00fcnyaya geldi\u011fimizi, yarat\u0131c\u0131l\u0131\u011f\u0131n neden en temel ve en sa\u011fl\u0131kl\u0131 i\u00e7g\u00fcd\u00fcm\u00fcz oldu\u011funu anlat\u0131yor. Yazma Cesareti, do\u011fu\u015ftan getirdi\u011fimiz kendimizi ger\u00e7ekle\u015ftirme g\u00fcd\u00fcm\u00fcz\u00fcn engellenmesinin nas\u0131l sorunlara yol a\u00e7t\u0131\u011f\u0131 \u00fczerine; kendi sesini arayanlara g\u00fc\u00e7l\u00fc bir rehber niteli\u011finde.    Yarat\u0131c\u0131l\u0131\u011f\u0131n Psikolojisi  Kaya, yazma ve yaratma tekniklerinden \u00e7ok, bu s\u00fcrecin ruhsal arka plan\u0131yla ilgileniyor. Kitab\u0131n temel savlar\u0131ndan biri \u015fu: \u201cPsikolojik sorunlar\u0131m\u0131z\u0131n tamam\u0131, kendimizi ger\u00e7ekle\u015ftirmemizin \u00f6nlenmesinden kaynaklan\u0131r.\u201d Bu engellenmenin ne \u015fekilde i\u015fledi\u011fini anlayabilir, onlar\u0131 ortadan kald\u0131rarak kendi do\u011fam\u0131zla yeniden ba\u011f kurabilir miyiz? \u0130yile\u015fme nedir, \u201cyarat\u0131c\u0131l\u0131k\u201d dedi\u011fimiz \u015feyden asl\u0131nda neden ayr\u0131lamaz? Yarat\u0131c\u0131 eserler, kendimizle yeniden ba\u011f kurabilmemizi nas\u0131l sa\u011flar? Yazma Cesareti, bu gibi konularda bize yol g\u00f6steren bir ara\u015ft\u0131rma kitab\u0131.    Bir Yaratma Eylemi Olarak Ac\u0131  \u201cHepimiz ac\u0131 \u00e7ekeriz. Ama \u00f6nemli olan ac\u0131n\u0131n kendisi de\u011fil, onunla ne yapt\u0131\u011f\u0131m\u0131zd\u0131r.\u201d diyor Nihan Kaya; her t\u00fcr yarat\u0131c\u0131l\u0131\u011f\u0131n alt\u0131nda mutlaka ac\u0131 oldu\u011funu, hem bireyin hem toplumun geli\u015fiminin ve iyile\u015fmesinin ac\u0131n\u0131n yarat\u0131c\u0131l\u0131\u011fa d\u00f6n\u00fc\u015ft\u00fcr\u00fclmesi anlam\u0131na geldi\u011fini anlat\u0131yor. Ac\u0131 d\u00f6n\u00fc\u015ft\u00fcr\u00fclmedi\u011finde bizi de ac\u0131la\u015ft\u0131r\u0131yor. Ancak ac\u0131, de\u011fi\u015fim ve geli\u015fim i\u00e7in bir \u00e7a\u011fr\u0131. E\u011fer bu \u00e7a\u011fr\u0131ya cevap verebilirsek kendimizi kendimizden do\u011furma yolunu da bulmu\u015f oluyoruz.  Yazma Cesareti, sadece sanatsal de\u011fil ya\u015fam bi\u00e7imimiz dahil her t\u00fcr yarat\u0131c\u0131l\u0131k ile ac\u0131 aras\u0131ndaki ili\u015fkiyi \u00e7ok say\u0131da ara\u015ft\u0131rmayla destekleyerek irdeliyor. Neden ac\u0131 \u00e7ekiyoruz? Ac\u0131 ile d\u00f6n\u00fc\u015f\u00fcm aras\u0131nda nas\u0131l bir ba\u011flant\u0131 var? Kendimizi ac\u0131n\u0131n \u00e7a\u011fr\u0131s\u0131yla nas\u0131l bulaca\u011f\u0131z? Kitap bu gibi sorular\u0131 ve engellere ra\u011fmen var olma cesaretini merkeze al\u0131yor.    Yazma Cesareti, kendisini ger\u00e7ekle\u015ftirmek isteyen herkes i\u00e7in bir t\u00fcr i\u00e7sel manifesto.   <\/p>\n","protected":false},"excerpt":{"rendered":"<p>Yazma Cesareti, yazma eylemi \u00fczerinden her t\u00fcr yarat\u0131c\u0131 s\u00fcrecin psikolojisi \u00fczerine. Bu kitapta insan\u0131n kendisini yaratma yolculu\u011fu anlat\u0131l\u0131yor. Var olmak nas\u0131l bir cesarettir? Yazma ve yaratma<span class=\"excerpt-hellip\"> [\u2026]<\/span><\/p>\n","protected":false},"featured_media":0,"template":"","meta":{"_monsterinsights_skip_tracking":false,"_monsterinsights_sitenote_active":false,"_monsterinsights_sitenote_note":"","_monsterinsights_sitenote_category":0},"product_brand":[],"product_cat":[13072,12291],"product_tag":[],"class_list":{"0":"post-771447","1":"product","2":"type-product","3":"status-publish","5":"product_cat-arastirma-inceleme-referans","6":"product_cat-edebiyat","7":"pa_cilt-ciltsiz","8":"pa_tur-kitap","9":"pa_yayinevi-okuyan-us-yayin","10":"pa_yazar-nihan-kaya","12":"first","13":"instock","14":"sale","15":"shipping-taxable","16":"purchasable","17":"product-type-simple"},"_links":{"self":[{"href":"https:\/\/roveyayinevi.com.tr\/index.php\/wp-json\/wp\/v2\/product\/771447","targetHints":{"allow":["GET"]}}],"collection":[{"href":"https:\/\/roveyayinevi.com.tr\/index.php\/wp-json\/wp\/v2\/product"}],"about":[{"href":"https:\/\/roveyayinevi.com.tr\/index.php\/wp-json\/wp\/v2\/types\/product"}],"wp:attachment":[{"href":"https:\/\/roveyayinevi.com.tr\/index.php\/wp-json\/wp\/v2\/media?parent=771447"}],"wp:term":[{"taxonomy":"product_brand","embeddable":true,"href":"https:\/\/roveyayinevi.com.tr\/index.php\/wp-json\/wp\/v2\/product_brand?post=771447"},{"taxonomy":"product_cat","embeddable":true,"href":"https:\/\/roveyayinevi.com.tr\/index.php\/wp-json\/wp\/v2\/product_cat?post=771447"},{"taxonomy":"product_tag","embeddable":true,"href":"https:\/\/roveyayinevi.com.tr\/index.php\/wp-json\/wp\/v2\/product_tag?post=771447"}],"curies":[{"name":"wp","href":"https:\/\/api.w.org\/{rel}","templated":true}]}}