{"id":771445,"date":"2025-08-28T15:05:18","date_gmt":"2025-08-28T12:05:18","guid":{"rendered":"https:\/\/roveyayinevi.com.tr\/index.php\/urun\/iyi-evlat-sendromu\/"},"modified":"2026-04-15T03:37:46","modified_gmt":"2026-04-15T00:37:46","slug":"iyi-evlat-sendromu","status":"publish","type":"product","link":"https:\/\/roveyayinevi.com.tr\/index.php\/urun\/iyi-evlat-sendromu\/","title":{"rendered":"\u0130yi Evlat Sendromu"},"content":{"rendered":"<p>\u201cHep g\u00fc\u00e7l\u00fc olmal\u0131yd\u0131m. Hep idare etmeliydim. A\u011flamamal\u0131, \u00fcz\u00fclmemeli, annemi \u00fczmemeliydim. Ama ben neredeydim?\u201d    K\u00fc\u00e7\u00fck ya\u015flardan itibaren annenizin ruh halini g\u00f6zlemleyerek b\u00fcy\u00fcd\u00fcyseniz, bir g\u00fcl\u00fcmsemesiyle nefes al\u0131p bir \u00f6fkesiyle kas\u0131ld\u0131\u011f\u0131n\u0131z\u0131 hat\u0131rl\u0131yorsan\u0131z, bu kitap sizi anlat\u0131yor olabilir. \u0130yi Evlat Sendromu, zor, ele\u015ftirel, narsistik ya da duygusal a\u00e7\u0131dan ula\u015f\u0131lmaz annelerle b\u00fcy\u00fcm\u00fc\u015f, kendi ihtiya\u00e7lar\u0131n\u0131 bast\u0131rarak \u201ciyi evlat\u201d olmay\u0131 \u00f6\u011frenmi\u015f kad\u0131nlara sesleniyor. Bu kitap anneli\u011fi, evlatl\u0131\u011f\u0131, kad\u0131nl\u0131\u011f\u0131, y\u00fckleri ve \u00f6zg\u00fcrl\u00fc\u011f\u00fc yeniden d\u00fc\u015f\u00fcnmek i\u00e7in bir davet. E\u011fer hayat\u0131n\u0131z boyunca \u201ciyi evlat\u201d olmak i\u00e7in \u00e7ok fazla \u015feyden vazge\u00e7tiyseniz, art\u0131k kendiniz olman\u0131n zaman\u0131 gelmi\u015f olabilir. \u0130yi Evlat Sendromu, ge\u00e7mi\u015finizi anlamak, bug\u00fcn\u00fcn\u00fcze sahip \u00e7\u0131kmak ve yar\u0131n\u0131n\u0131z\u0131 yeniden kurmak isteyen t\u00fcm kad\u0131nlara ithaf edildi. <\/p>\n","protected":false},"excerpt":{"rendered":"<p>\u201cHep g\u00fc\u00e7l\u00fc olmal\u0131yd\u0131m. Hep idare etmeliydim. A\u011flamamal\u0131, \u00fcz\u00fclmemeli, annemi \u00fczmemeliydim. Ama ben neredeydim?\u201d K\u00fc\u00e7\u00fck ya\u015flardan itibaren annenizin ruh halini g\u00f6zlemleyerek b\u00fcy\u00fcd\u00fcyseniz, bir g\u00fcl\u00fcmsemesiyle nefes al\u0131p bir<span class=\"excerpt-hellip\"> [\u2026]<\/span><\/p>\n","protected":false},"featured_media":0,"template":"","meta":{"_monsterinsights_skip_tracking":false,"_monsterinsights_sitenote_active":false,"_monsterinsights_sitenote_note":"","_monsterinsights_sitenote_category":0},"product_brand":[],"product_cat":[12357],"product_tag":[],"class_list":{"0":"post-771445","1":"product","2":"type-product","3":"status-publish","5":"product_cat-psikoloji","6":"pa_cilt-ciltsiz","7":"pa_tur-kitap","8":"pa_yayinevi-okuyan-us-yayin","9":"pa_yazar-katherine-fabrizio","11":"first","12":"instock","13":"sale","14":"shipping-taxable","15":"purchasable","16":"product-type-simple"},"_links":{"self":[{"href":"https:\/\/roveyayinevi.com.tr\/index.php\/wp-json\/wp\/v2\/product\/771445","targetHints":{"allow":["GET"]}}],"collection":[{"href":"https:\/\/roveyayinevi.com.tr\/index.php\/wp-json\/wp\/v2\/product"}],"about":[{"href":"https:\/\/roveyayinevi.com.tr\/index.php\/wp-json\/wp\/v2\/types\/product"}],"wp:attachment":[{"href":"https:\/\/roveyayinevi.com.tr\/index.php\/wp-json\/wp\/v2\/media?parent=771445"}],"wp:term":[{"taxonomy":"product_brand","embeddable":true,"href":"https:\/\/roveyayinevi.com.tr\/index.php\/wp-json\/wp\/v2\/product_brand?post=771445"},{"taxonomy":"product_cat","embeddable":true,"href":"https:\/\/roveyayinevi.com.tr\/index.php\/wp-json\/wp\/v2\/product_cat?post=771445"},{"taxonomy":"product_tag","embeddable":true,"href":"https:\/\/roveyayinevi.com.tr\/index.php\/wp-json\/wp\/v2\/product_tag?post=771445"}],"curies":[{"name":"wp","href":"https:\/\/api.w.org\/{rel}","templated":true}]}}