{"id":771444,"date":"2025-08-28T15:05:17","date_gmt":"2025-08-28T12:05:17","guid":{"rendered":"https:\/\/roveyayinevi.com.tr\/index.php\/urun\/catismali-ciftler\/"},"modified":"2026-04-15T03:37:46","modified_gmt":"2026-04-15T00:37:46","slug":"catismali-ciftler","status":"publish","type":"product","link":"https:\/\/roveyayinevi.com.tr\/index.php\/urun\/catismali-ciftler\/","title":{"rendered":"\u00c7at\u0131\u015fmal\u0131 \u00c7iftler"},"content":{"rendered":"<p>S\u00fcrekli kavga eden, kendini tekrar eden d\u00f6ng\u00fclerde s\u0131k\u0131\u015f\u0131p kalan, bir yandan ili\u015fkilerini s\u00fcrd\u00fcrmek isterken bir yandan da duygusal olarak y\u0131pranm\u0131\u015f hisseden \u00e7iftler i\u00e7in ne yaz\u0131k ki yaln\u0131zca \u201ciyi niyet\u201d yeterli olmuyor. Tam da bu noktada, ili\u015fkisel ba\u011f\u0131n do\u011fas\u0131n\u0131 bilimsel bir temel \u00fczerinde anlamland\u0131ran ve g\u00fcvenli bir ileti\u015fimi yeniden kurmak i\u00e7in somut ara\u00e7lar sunan bir rehbere ihtiya\u00e7 var. \u00c7at\u0131\u015fmal\u0131 \u00c7iftler, i\u015fte bu ihtiyaca yan\u0131t olarak yaz\u0131lm\u0131\u015f, duygusal ba\u011flanma bilimiyle \u015fekillenen, i\u00e7ten ve etkili bir kaynak.    Tart\u0131\u015fmalar\u0131 D\u00f6n\u00fc\u015ft\u00fcrmek, Yak\u0131nl\u0131\u011f\u0131 Yeniden \u0130n\u015fa Etmek  Jennine Estes Powell ve Jacqueline Wielick, y\u0131llara dayanan klinik deneyimlerini duygusal odakl\u0131 terapi (EFT) \u00e7er\u00e7evesinde harmanlayarak bu kitapta \u00e7iftlere hem teorik hem de pratik bir k\u0131lavuz sunuyor. Y\u00fcksek \u00e7at\u0131\u015fmal\u0131 ili\u015fkilerde en b\u00fcy\u00fck zorluk, taraflar\u0131n sadece birbirini \u201cduymamas\u0131\u201d de\u011fil, birbirini s\u00fcrekli bir tehdit olarak alg\u0131lamas\u0131. Kitap, bu alg\u0131n\u0131n nas\u0131l geli\u015fti\u011fini, ili\u015fkisel yaralar\u0131n hangi ba\u011flamlarda olu\u015ftu\u011funu g\u00f6sterirken, okurlar\u0131 su\u00e7luluk ve savunmadan uzak bir anlay\u0131\u015fa davet ediyor.    Bilimsel Dayanaklar, Etkile\u015fimli Egzersizler  Ba\u011flanma teorisinin \u0131\u015f\u0131\u011f\u0131nda yaz\u0131lan bu rehber, \u00e7iftlerin \u00e7at\u0131\u015fma s\u0131ras\u0131nda hangi duygusal tetikleyicilerle harekete ge\u00e7ti\u011fini fark etmelerine yard\u0131mc\u0131 olurken; g\u00fcvensizlik, kayg\u0131, reddedilme korkusu gibi derin meselelerin \u00fczerine g\u00fcvenli bir \u015fekilde e\u011filmeyi m\u00fcmk\u00fcn k\u0131l\u0131yor. Her b\u00f6l\u00fcmde yer alan pratik egzersizler ve y\u00f6nlendirici sorular sayesinde okurlar sadece okumakla kalmayacak, kendi ili\u015fkilerine dair d\u00f6n\u00fc\u015ft\u00fcr\u00fcc\u00fc i\u00e7g\u00f6r\u00fcler de geli\u015ftirecek.    Yarg\u0131s\u0131z, Samimi ve Umut Veren Bir \u00dcslup  Kitab\u0131n en \u00e7arp\u0131c\u0131 y\u00f6nlerinden biri, yazarlar\u0131n okura kar\u015f\u0131 yarg\u0131s\u0131z ve destekleyici yakla\u015f\u0131m\u0131. Ne ya\u015fanm\u0131\u015f olursa olsun, ili\u015fkilerde iyile\u015fme ve yeniden ba\u011f kurma ihtimalinin her zaman m\u00fcmk\u00fcn oldu\u011funa inanan bu metin, umudun sadece romantik bir fikir de\u011fil, bilimsel bir zemine dayanan bir ger\u00e7eklik oldu\u011funu hat\u0131rlat\u0131yor.    Kimin \u0130\u00e7in?  \u00b7        S\u00fcrekli \u00e7at\u0131\u015fma ya\u015fad\u0131\u011f\u0131 h\u00e2lde ili\u015fkisinden vazge\u00e7mek istemeyen \u00e7iftler  \u00b7        Terapiye ba\u015flamak isteyen ama \u00f6nce kendi i\u00e7g\u00f6r\u00fcs\u00fcn\u00fc geli\u015ftirmek isteyen bireyler  \u00b7        \u00c7ift terapistleri, ili\u015fki dan\u0131\u015fmanlar\u0131 ve ruh sa\u011fl\u0131\u011f\u0131 profesyonelleri  \u00b7        Kendi ili\u015fkisindeki dinamikleri anlamaya \u00e7al\u0131\u015fan herkes  <\/p>\n","protected":false},"excerpt":{"rendered":"<p>S\u00fcrekli kavga eden, kendini tekrar eden d\u00f6ng\u00fclerde s\u0131k\u0131\u015f\u0131p kalan, bir yandan ili\u015fkilerini s\u00fcrd\u00fcrmek isterken bir yandan da duygusal olarak y\u0131pranm\u0131\u015f hisseden \u00e7iftler i\u00e7in ne yaz\u0131k ki<span class=\"excerpt-hellip\"> [\u2026]<\/span><\/p>\n","protected":false},"featured_media":0,"template":"","meta":{"_monsterinsights_skip_tracking":false,"_monsterinsights_sitenote_active":false,"_monsterinsights_sitenote_note":"","_monsterinsights_sitenote_category":0},"product_brand":[],"product_cat":[12357],"product_tag":[],"class_list":{"0":"post-771444","1":"product","2":"type-product","3":"status-publish","5":"product_cat-psikoloji","6":"pa_cilt-ciltsiz","7":"pa_tur-kitap","8":"pa_yayinevi-okuyan-us-yayin","9":"pa_yazar-jennine-estes-powell-jacqueline-wielick","11":"first","12":"instock","13":"sale","14":"shipping-taxable","15":"purchasable","16":"product-type-simple"},"_links":{"self":[{"href":"https:\/\/roveyayinevi.com.tr\/index.php\/wp-json\/wp\/v2\/product\/771444","targetHints":{"allow":["GET"]}}],"collection":[{"href":"https:\/\/roveyayinevi.com.tr\/index.php\/wp-json\/wp\/v2\/product"}],"about":[{"href":"https:\/\/roveyayinevi.com.tr\/index.php\/wp-json\/wp\/v2\/types\/product"}],"wp:attachment":[{"href":"https:\/\/roveyayinevi.com.tr\/index.php\/wp-json\/wp\/v2\/media?parent=771444"}],"wp:term":[{"taxonomy":"product_brand","embeddable":true,"href":"https:\/\/roveyayinevi.com.tr\/index.php\/wp-json\/wp\/v2\/product_brand?post=771444"},{"taxonomy":"product_cat","embeddable":true,"href":"https:\/\/roveyayinevi.com.tr\/index.php\/wp-json\/wp\/v2\/product_cat?post=771444"},{"taxonomy":"product_tag","embeddable":true,"href":"https:\/\/roveyayinevi.com.tr\/index.php\/wp-json\/wp\/v2\/product_tag?post=771444"}],"curies":[{"name":"wp","href":"https:\/\/api.w.org\/{rel}","templated":true}]}}