{"id":771443,"date":"2025-08-28T15:05:15","date_gmt":"2025-08-28T12:05:15","guid":{"rendered":"https:\/\/roveyayinevi.com.tr\/index.php\/urun\/anne-rahminde-karakter-egitimi\/"},"modified":"2026-04-15T03:37:46","modified_gmt":"2026-04-15T00:37:46","slug":"anne-rahminde-karakter-egitimi","status":"publish","type":"product","link":"https:\/\/roveyayinevi.com.tr\/index.php\/urun\/anne-rahminde-karakter-egitimi\/","title":{"rendered":"Anne Rahminde Karakter E\u011fitimi"},"content":{"rendered":"<p>Ben fet\u00fcs\u2026 Ay\u0131n ve g\u00fcne\u015fin dans\u0131yla d\u00fc\u015ft\u00fcm rahmin bereketli topra\u011f\u0131na. Hayat\u0131n \u015fark\u0131s\u0131n\u0131 dinlemeye orada ba\u015flad\u0131m. \u0130lk tecr\u00fcbelerimi orada ya\u015fad\u0131m. Var olu\u015fumu, i\u015fitti\u011fim seslerin g\u00fczelli\u011fi oran\u0131nda hissettim. Seslerin \u00e7irkinli\u011fi oran\u0131nda zay\u0131f d\u00fc\u015ft\u00fcm. Hayatla ilgili ilk kararlar\u0131m\u0131 rahimde ald\u0131m. \u0130lk s\u00f6zle\u015fmelerimi orada yapt\u0131m. Anne ve babam\u0131n hayat bestelerinin \u00f6zg\u00fcnl\u00fc\u011f\u00fc oran\u0131nda, kendi hayat\u0131m\u0131n \u015fark\u0131s\u0131n\u0131 bestelemeye ba\u015flad\u0131m. Annem mutluysa mutlu olabildim. Babam annemi destekliyorsa g\u00fcvende hissedebildim. Annemin g\u00f6z\u00fcnden tan\u0131d\u0131m ben d\u00fcnyay\u0131. Sevildi\u011fim oranda yakla\u015fabildim Yaradan\u0131ma. M\u00fckemmel olman\u0131za de\u011fil, beni sevmenize ihtiya\u00e7 duydum. Hayat\u0131m\u0131n en savunmas\u0131z, en aciz d\u00f6neminde; beni sevdi\u011finiz, korudu\u011funuz, ilgi g\u00f6sterdi\u011finiz oranda var olu\u015fumu hissedebilirim. Bana vermeye \u00e7al\u0131\u015ft\u0131\u011f\u0131n\u0131z de\u011ferleri, ancak sizi seviyorsam, g\u00fcveniyorsam kabul edebilirim. Bana verebilece\u011finiz en de\u011ferli hazine, bir erdem olan sevgidir. Benim cinsiyetime, d\u00fcnyaya geli\u015f zaman\u0131ma sayg\u0131 duyup uyum sa\u011flaman\u0131z, beni kendiniz i\u00e7in de\u011fil, ben oldu\u011fum i\u00e7in sevmenizdir. Sizin uzant\u0131n\u0131z de\u011fil, \u00f6zg\u00fcn ve \u00f6zg\u00fcr bir varl\u0131k ve bir emanet oldu\u011fumu fark etmenizdir. Kendi topra\u011f\u0131n\u0131zdaki yabani otlar\u0131 temizledi\u011finiz oranda g\u00fc\u00e7l\u00fc bir tohum, kendinizi iyile\u015ftirdi\u011finiz oranda hay\u0131rl\u0131 bir yat\u0131r\u0131m\u0131m. Siz kendinizi tan\u0131y\u0131p anlad\u0131\u011f\u0131n\u0131zda, ben e\u011fitilmi\u015f olurum. Bana sevgi vermeniz, iki cihan\u0131n alt\u0131n anahtarlar\u0131n\u0131 elime tutu\u015fturman\u0131zd\u0131r. Bunu yapman\u0131z\u0131n m\u00fck\u00e2fat\u0131 ise iki cihanda aziz olman\u0131zd\u0131r. Ben, rahimde yazd\u0131\u011f\u0131n\u0131z hik\u00e2yeyim. Hik\u00e2yeme katt\u0131\u011f\u0131n\u0131z sevgi oran\u0131nda g\u00fczelle\u015firim. <\/p>\n","protected":false},"excerpt":{"rendered":"<p>Ben fet\u00fcs\u2026 Ay\u0131n ve g\u00fcne\u015fin dans\u0131yla d\u00fc\u015ft\u00fcm rahmin bereketli topra\u011f\u0131na. Hayat\u0131n \u015fark\u0131s\u0131n\u0131 dinlemeye orada ba\u015flad\u0131m. \u0130lk tecr\u00fcbelerimi orada ya\u015fad\u0131m. Var olu\u015fumu, i\u015fitti\u011fim seslerin g\u00fczelli\u011fi oran\u0131nda hissettim.<span class=\"excerpt-hellip\"> [\u2026]<\/span><\/p>\n","protected":false},"featured_media":0,"template":"","meta":{"_monsterinsights_skip_tracking":false,"_monsterinsights_sitenote_active":false,"_monsterinsights_sitenote_note":"","_monsterinsights_sitenote_category":0},"product_brand":[],"product_cat":[12357],"product_tag":[],"class_list":{"0":"post-771443","1":"product","2":"type-product","3":"status-publish","5":"product_cat-psikoloji","6":"pa_cilt-ciltsiz","7":"pa_tur-kitap","8":"pa_yayinevi-aile-yayinlari","9":"pa_yazar-nevin-nesrin-soysal","11":"first","12":"instock","13":"sale","14":"shipping-taxable","15":"purchasable","16":"product-type-simple"},"_links":{"self":[{"href":"https:\/\/roveyayinevi.com.tr\/index.php\/wp-json\/wp\/v2\/product\/771443","targetHints":{"allow":["GET"]}}],"collection":[{"href":"https:\/\/roveyayinevi.com.tr\/index.php\/wp-json\/wp\/v2\/product"}],"about":[{"href":"https:\/\/roveyayinevi.com.tr\/index.php\/wp-json\/wp\/v2\/types\/product"}],"wp:attachment":[{"href":"https:\/\/roveyayinevi.com.tr\/index.php\/wp-json\/wp\/v2\/media?parent=771443"}],"wp:term":[{"taxonomy":"product_brand","embeddable":true,"href":"https:\/\/roveyayinevi.com.tr\/index.php\/wp-json\/wp\/v2\/product_brand?post=771443"},{"taxonomy":"product_cat","embeddable":true,"href":"https:\/\/roveyayinevi.com.tr\/index.php\/wp-json\/wp\/v2\/product_cat?post=771443"},{"taxonomy":"product_tag","embeddable":true,"href":"https:\/\/roveyayinevi.com.tr\/index.php\/wp-json\/wp\/v2\/product_tag?post=771443"}],"curies":[{"name":"wp","href":"https:\/\/api.w.org\/{rel}","templated":true}]}}