{"id":771442,"date":"2025-08-28T15:05:14","date_gmt":"2025-08-28T12:05:14","guid":{"rendered":"https:\/\/roveyayinevi.com.tr\/index.php\/urun\/bir-ceninin-gunlugu\/"},"modified":"2026-01-28T04:00:47","modified_gmt":"2026-01-28T01:00:47","slug":"bir-ceninin-gunlugu","status":"publish","type":"product","link":"https:\/\/roveyayinevi.com.tr\/index.php\/urun\/bir-ceninin-gunlugu\/","title":{"rendered":"Bir Ceninin G\u00fcnl\u00fc\u011f\u00fc"},"content":{"rendered":"<p>\u201cHo\u015f Geldin Bi\u2019tanem! Biliyorum, beklemiyordun bu sonu. S\u00fcrpriz oldu sana. \u00d6lmekten korka korka b\u00fcy\u00fcd\u00fcn. Ve \u015fimdi\u2026 Korktu\u011fun ba\u015f\u0131na geldi. \u00d6l\u00fcm d\u00f6\u015fe\u011findesin. Sen tela\u015fl\u0131s\u0131n; ben ise huzurlu bir bekleyi\u015f i\u00e7indeyim. Senin hi\u00e7 beklemedi\u011fini, ben hep bekledim. Buraya s\u0131\u011fmayaca\u011f\u0131n\u0131 en ba\u015f\u0131ndan biliyordum. \u00c7\u00fcnk\u00fc bu d\u00fcnyaya g\u00f6re de\u011filsin sen. Az sonra \u00f6ld\u00fc\u011f\u00fcn i\u00e7in a\u011flayacaks\u0131n. Sen g\u00f6zya\u015f\u0131 d\u00f6kerken ben tebess\u00fcm edece\u011fim. Sonra anlataca\u011f\u0131m sana. Bug\u00fcn \u00f6ld\u00fc\u011f\u00fcn\u00fc sand\u0131\u011f\u0131n an\u0131\u2026 Hep hat\u0131rlayacaks\u0131n. Ve her defas\u0131nda hat\u0131rlatacaks\u0131n. Hat\u0131rlamam\u0131 isteyeceksin. Bug\u00fcn senin do\u011fum g\u00fcn\u00fcn. Anlatsam da anlayamayacaks\u0131n.\u201d Dr. Senai Demirci, \u201ck\u0131rk y\u0131ll\u0131k hasretim\u201d dedi\u011fi \u2018Bir Ceninin G\u00fcnl\u00fc\u011f\u00fc\u2019nde t\u0131p doktoru ve edebiyat\u00e7\u0131 kimli\u011fini ayn\u0131 potada bulu\u015fturuyor. Her birimizin mahrem hik\u00e2yesini d\u00fcnya hayat\u0131n\u0131n psikolojik aynas\u0131nda hem y\u00fcz\u00fcm\u00fcze hem \u00f6z\u00fcm\u00fcze tutuyor. Mevl\u00e2n\u00e2\u2019n\u0131n \u00f6l\u00fcm\u00fc do\u011fuma e\u015fitleyen \u2018\u015feb-i \u00e2rus\u2019 bilgeli\u011fine \u00e7a\u011f\u0131r\u0131yor. Kayg\u0131n\u0131n yerini s\u00fck\u00fbnete, korkunun yerini merhamete b\u0131rakt\u0131\u011f\u0131 o e\u015fsiz an\u0131 canland\u0131r\u0131yor. <\/p>\n","protected":false},"excerpt":{"rendered":"<p>\u201cHo\u015f Geldin Bi\u2019tanem! Biliyorum, beklemiyordun bu sonu. S\u00fcrpriz oldu sana. \u00d6lmekten korka korka b\u00fcy\u00fcd\u00fcn. Ve \u015fimdi\u2026 Korktu\u011fun ba\u015f\u0131na geldi. \u00d6l\u00fcm d\u00f6\u015fe\u011findesin. Sen tela\u015fl\u0131s\u0131n; ben ise huzurlu<span class=\"excerpt-hellip\"> [\u2026]<\/span><\/p>\n","protected":false},"featured_media":0,"template":"","meta":{"_monsterinsights_skip_tracking":false,"_monsterinsights_sitenote_active":false,"_monsterinsights_sitenote_note":"","_monsterinsights_sitenote_category":0},"product_brand":[],"product_cat":[12357],"product_tag":[],"class_list":{"0":"post-771442","1":"product","2":"type-product","3":"status-publish","5":"product_cat-psikoloji","6":"pa_cilt-ciltsiz","7":"pa_tur-kitap","8":"pa_yayinevi-aile-yayinlari","9":"pa_yazar-senai-demirci","11":"first","12":"instock","13":"sale","14":"shipping-taxable","15":"purchasable","16":"product-type-simple"},"_links":{"self":[{"href":"https:\/\/roveyayinevi.com.tr\/index.php\/wp-json\/wp\/v2\/product\/771442","targetHints":{"allow":["GET"]}}],"collection":[{"href":"https:\/\/roveyayinevi.com.tr\/index.php\/wp-json\/wp\/v2\/product"}],"about":[{"href":"https:\/\/roveyayinevi.com.tr\/index.php\/wp-json\/wp\/v2\/types\/product"}],"wp:attachment":[{"href":"https:\/\/roveyayinevi.com.tr\/index.php\/wp-json\/wp\/v2\/media?parent=771442"}],"wp:term":[{"taxonomy":"product_brand","embeddable":true,"href":"https:\/\/roveyayinevi.com.tr\/index.php\/wp-json\/wp\/v2\/product_brand?post=771442"},{"taxonomy":"product_cat","embeddable":true,"href":"https:\/\/roveyayinevi.com.tr\/index.php\/wp-json\/wp\/v2\/product_cat?post=771442"},{"taxonomy":"product_tag","embeddable":true,"href":"https:\/\/roveyayinevi.com.tr\/index.php\/wp-json\/wp\/v2\/product_tag?post=771442"}],"curies":[{"name":"wp","href":"https:\/\/api.w.org\/{rel}","templated":true}]}}