{"id":771438,"date":"2025-08-28T15:05:06","date_gmt":"2025-08-28T12:05:06","guid":{"rendered":"https:\/\/roveyayinevi.com.tr\/index.php\/urun\/ne-yediysem-oyum\/"},"modified":"2026-04-15T03:37:46","modified_gmt":"2026-04-15T00:37:46","slug":"ne-yediysem-oyum","status":"publish","type":"product","link":"https:\/\/roveyayinevi.com.tr\/index.php\/urun\/ne-yediysem-oyum\/","title":{"rendered":"Ne Yediysem Oyum"},"content":{"rendered":"<p>B\u00fcy\u00fck gastronomi uzman\u0131 Brillat-Savarin, \u201cBana ne yedi\u011fini s\u00f6yle, sana kim oldu\u011funu s\u00f6yleyeyim,\u201d demi\u015f. Bug\u00fcn bir\u00e7o\u011fumuz farkl\u0131 k\u00fclt\u00fcrlerle tan\u0131\u015f\u0131yor, farkl\u0131 mutfaklar\u0131n yemeklerini sofram\u0131za dahil ediyor, hatta daha fazlas\u0131n\u0131 \u00f6\u011frenmeye gayret ediyor.Peki, bir aya\u011f\u0131 burada bir aya\u011f\u0131 Avrupa\u2019da olan birinin sofras\u0131 neye benzerdi? \u0130\u015fte, Fransa\u2019da do\u011fmu\u015f, Ankara\u2019da b\u00fcy\u00fcm\u00fc\u015f, \u00f6mr\u00fcn\u00fc gastronomi merak\u0131n\u0131n pe\u015finden \u00fclke \u00fclke gezerek ge\u00e7irmi\u015f O\u011ful T\u00fcrkkan da bu sorunun cevab\u0131n\u0131 ar\u0131yor!Elinizdeki kitap, bilgi\u00e7lik taslayan bir \u201cgurmelik\u201d kitab\u0131 de\u011fil, hakikaten ne yediyse o oldu\u011funa inanan, onu o yapan iki k\u00fclt\u00fcr d\u00fcnyas\u0131n\u0131 da sofras\u0131na ta\u015f\u0131yan bir yeme i\u00e7me sevdal\u0131s\u0131n\u0131n, bu sevday\u0131 ba\u015fkalar\u0131yla payla\u015fmak i\u00e7in yaratt\u0131\u011f\u0131 bir kitap&#8230; Ne Yediysem Oyum\u2019da T\u00fcrkkan, kendi bilgi d\u00fcnyas\u0131ndan dam\u0131tt\u0131klar\u0131yla okuru hem yerel mutfaklar\u0131m\u0131z hem de d\u00fcnya mutfaklar\u0131 aras\u0131nda bir tura \u00e7\u0131karacak ve sadece bildiklerini anlatmakla kalmayacak, okuru yemek \u00fcst\u00fcne d\u00fc\u015f\u00fcnd\u00fcrecek bir\u00e7ok soruyu da akl\u0131na d\u00fc\u015f\u00fcrecek\u2026<\/p>\n","protected":false},"excerpt":{"rendered":"<p>B\u00fcy\u00fck gastronomi uzman\u0131 Brillat-Savarin, \u201cBana ne yedi\u011fini s\u00f6yle, sana kim oldu\u011funu s\u00f6yleyeyim,\u201d demi\u015f. Bug\u00fcn bir\u00e7o\u011fumuz farkl\u0131 k\u00fclt\u00fcrlerle tan\u0131\u015f\u0131yor, farkl\u0131 mutfaklar\u0131n yemeklerini sofram\u0131za dahil ediyor, hatta daha<span class=\"excerpt-hellip\"> [\u2026]<\/span><\/p>\n","protected":false},"featured_media":0,"template":"","meta":{"_monsterinsights_skip_tracking":false,"_monsterinsights_sitenote_active":false,"_monsterinsights_sitenote_note":"","_monsterinsights_sitenote_category":0},"product_brand":[],"product_cat":[13366,13365],"product_tag":[],"class_list":{"0":"post-771438","1":"product","2":"type-product","3":"status-publish","5":"product_cat-diger-saglik","6":"product_cat-saglik","7":"pa_cilt-ciltsiz","8":"pa_tur-kitap","9":"pa_yayinevi-mundi","10":"pa_yazar-ogul-turkkan","12":"first","13":"instock","14":"sale","15":"shipping-taxable","16":"purchasable","17":"product-type-simple"},"_links":{"self":[{"href":"https:\/\/roveyayinevi.com.tr\/index.php\/wp-json\/wp\/v2\/product\/771438","targetHints":{"allow":["GET"]}}],"collection":[{"href":"https:\/\/roveyayinevi.com.tr\/index.php\/wp-json\/wp\/v2\/product"}],"about":[{"href":"https:\/\/roveyayinevi.com.tr\/index.php\/wp-json\/wp\/v2\/types\/product"}],"wp:attachment":[{"href":"https:\/\/roveyayinevi.com.tr\/index.php\/wp-json\/wp\/v2\/media?parent=771438"}],"wp:term":[{"taxonomy":"product_brand","embeddable":true,"href":"https:\/\/roveyayinevi.com.tr\/index.php\/wp-json\/wp\/v2\/product_brand?post=771438"},{"taxonomy":"product_cat","embeddable":true,"href":"https:\/\/roveyayinevi.com.tr\/index.php\/wp-json\/wp\/v2\/product_cat?post=771438"},{"taxonomy":"product_tag","embeddable":true,"href":"https:\/\/roveyayinevi.com.tr\/index.php\/wp-json\/wp\/v2\/product_tag?post=771438"}],"curies":[{"name":"wp","href":"https:\/\/api.w.org\/{rel}","templated":true}]}}