{"id":771437,"date":"2025-08-28T15:05:04","date_gmt":"2025-08-28T12:05:04","guid":{"rendered":"https:\/\/roveyayinevi.com.tr\/index.php\/urun\/protestan-etigi-ve-kapitalizmin-ruhu\/"},"modified":"2026-04-15T03:37:46","modified_gmt":"2026-04-15T00:37:46","slug":"protestan-etigi-ve-kapitalizmin-ruhu","status":"publish","type":"product","link":"https:\/\/roveyayinevi.com.tr\/index.php\/urun\/protestan-etigi-ve-kapitalizmin-ruhu\/","title":{"rendered":"Protestan Eti\u011fi ve Kapitalizmin Ruhu"},"content":{"rendered":"<p>Max Weber\u2019in Protestan Eti\u011fi ve Kapitalizmin Ruhu, Bat\u0131 du\u0308nyas\u0131nda kapitalizmin geli\u015fimiyle ilgili kritik bir analiz sunar. Weber, Protestanl\u0131k ile kapitalizm aras\u0131ndaki ili\u015fkiyi inceleyerek bireysel de\u011ferlerin toplumsal yap\u0131y\u0131 nas\u0131l d\u00f6nu\u0308\u015ftu\u0308rdu\u0308\u011fu\u0308nu\u0308 ve ekonomik davran\u0131\u015flar\u0131 nas\u0131l \u015fekillendirdi\u011fini sorgular. Bir toplumun ekonomik yap\u0131s\u0131n\u0131n ku\u0308ltu\u0308rel ve din\u00ee niteliklerden soyutlanamayaca\u011f\u0131n\u0131 eserleri boyunca defaatle vurgulayan Weber, Protestan Eti\u011fi ve Kapitalizmin Ruhu\u2019nda bunun e\u015fsiz ve klasik bir \u00f6rne\u011fini ya\u015fama ge\u00e7irir. Tu\u0308rk\u00e7eye en eksiksiz h\u00e2liyle kazand\u0131r\u0131lan bu edisyon, Alman edit\u00f6rlerinin ayr\u0131nt\u0131l\u0131 \u00f6n s\u00f6zleri ve a\u00e7\u0131klamalar\u0131yla Weber\u2019in karma\u015f\u0131k argu\u0308manlar\u0131n\u0131 anlamak i\u00e7in \u00f6nemli bir kaynak niteli\u011fi ta\u015f\u0131yor. Max Weber Ku\u0308lliyat\u0131 \u00e7er\u00e7evesinde bu \u00f6nemli eser, Tu\u0308rk\u00e7e okura \u00f6nemli bir vukuf ve sosyal bilimler alan\u0131ndaki tart\u0131\u015fmalara de\u011ferli bir katk\u0131 sa\u011fl\u0131yor. Weber\u2019in du\u0308\u015fu\u0308nceleri, hem sosyoloji hem de kapitalizm anlay\u0131\u015f\u0131m\u0131z\u0131 yeniden \u015fekillendirecek bir perspektif sunuyor.<\/p>\n","protected":false},"excerpt":{"rendered":"<p>Max Weber\u2019in Protestan Eti\u011fi ve Kapitalizmin Ruhu, Bat\u0131 du\u0308nyas\u0131nda kapitalizmin geli\u015fimiyle ilgili kritik bir analiz sunar. Weber, Protestanl\u0131k ile kapitalizm aras\u0131ndaki ili\u015fkiyi inceleyerek bireysel de\u011ferlerin toplumsal<span class=\"excerpt-hellip\"> [\u2026]<\/span><\/p>\n","protected":false},"featured_media":0,"template":"","meta":{"_monsterinsights_skip_tracking":false,"_monsterinsights_sitenote_active":false,"_monsterinsights_sitenote_note":"","_monsterinsights_sitenote_category":0},"product_brand":[],"product_cat":[12324],"product_tag":[],"class_list":{"0":"post-771437","1":"product","2":"type-product","3":"status-publish","5":"product_cat-sosyoloji","6":"pa_cilt-ciltsiz","7":"pa_tur-kitap","8":"pa_yayinevi-albaraka-yayinlari","9":"pa_yazar-max-weber","11":"first","12":"instock","13":"sale","14":"shipping-taxable","15":"purchasable","16":"product-type-simple"},"_links":{"self":[{"href":"https:\/\/roveyayinevi.com.tr\/index.php\/wp-json\/wp\/v2\/product\/771437","targetHints":{"allow":["GET"]}}],"collection":[{"href":"https:\/\/roveyayinevi.com.tr\/index.php\/wp-json\/wp\/v2\/product"}],"about":[{"href":"https:\/\/roveyayinevi.com.tr\/index.php\/wp-json\/wp\/v2\/types\/product"}],"wp:attachment":[{"href":"https:\/\/roveyayinevi.com.tr\/index.php\/wp-json\/wp\/v2\/media?parent=771437"}],"wp:term":[{"taxonomy":"product_brand","embeddable":true,"href":"https:\/\/roveyayinevi.com.tr\/index.php\/wp-json\/wp\/v2\/product_brand?post=771437"},{"taxonomy":"product_cat","embeddable":true,"href":"https:\/\/roveyayinevi.com.tr\/index.php\/wp-json\/wp\/v2\/product_cat?post=771437"},{"taxonomy":"product_tag","embeddable":true,"href":"https:\/\/roveyayinevi.com.tr\/index.php\/wp-json\/wp\/v2\/product_tag?post=771437"}],"curies":[{"name":"wp","href":"https:\/\/api.w.org\/{rel}","templated":true}]}}