{"id":771435,"date":"2025-08-28T15:04:57","date_gmt":"2025-08-28T12:04:57","guid":{"rendered":"https:\/\/roveyayinevi.com.tr\/index.php\/urun\/gercege-degen-ihtimal\/"},"modified":"2026-04-15T03:37:46","modified_gmt":"2026-04-15T00:37:46","slug":"gercege-degen-ihtimal","status":"publish","type":"product","link":"https:\/\/roveyayinevi.com.tr\/index.php\/urun\/gercege-degen-ihtimal\/","title":{"rendered":"Ger\u00e7e\u011fe De\u011fen \u0130htimal"},"content":{"rendered":"<p>Zaman, 90\u2019lar\u0131n ba\u015f\u0131\u2026 Devletin karanl\u0131k g\u00fc\u00e7lerle i\u015fbirli\u011fi i\u00e7inde \u201crutin d\u0131\u015f\u0131na\u201d \u00e7\u0131kt\u0131\u011f\u0131\u2026 T\u00fcrkiye\u2019nin ilk defa \u201chiper enflasyon\u201dla tan\u0131\u015ft\u0131\u011f\u0131\u2026 Her t\u00fcrden tarikat\u0131n, faili me\u00e7hul cinayetlerin patlad\u0131\u011f\u0131\u2026 Darbeci generaller ile medya patronlar\u0131n\u0131n h\u00fck\u00fcmet kurup, h\u00fck\u00fcmet d\u00fc\u015f\u00fcrd\u00fc\u011f\u00fc\u2026 Mafyan\u0131n siyaseti teslim ald\u0131\u011f\u0131&#8230; Servetlerin el de\u011fi\u015ftirdi\u011fi y\u0131llar\u2026 Ba\u015far\u0131l\u0131 bir memur ailesinin, \u00f6l\u00fcmden korkan o\u011flu Eser ile zamandan korkan \u201cmafyan\u0131n k\u0131z\u0131\u201d Ekim, iki ergen, ilk kar\u015f\u0131la\u015ft\u0131klar\u0131 anda birbirlerine \u00e2\u015f\u0131k olurlar. \u00c7o\u011funlu\u011fun onar\u0131lamaz bir bozulmay\u0131 \u201cde\u011fi\u015fim\u201d sand\u0131\u011f\u0131 ortamda o \u201c\u00e7ocukluk a\u015fk\u0131\u201d san\u0131lan\u0131n aksine hi\u00e7 bitmez; zaman ilerleyip \u201c\u00e7ocuklar\u201d b\u00fcy\u00fcd\u00fck\u00e7e de b\u00fcy\u00fcr; koyula\u015f\u0131r. Yaln\u0131zca cevab\u0131 aranan sorular artar: \u0130nsan hayatta tek bir ki\u015fiye \u00e2\u015f\u0131k olur da sadece onun g\u00f6z\u00fcnden mi g\u00f6r\u00fclmek ister? Her \u015feyin m\u00fckemmel oldu\u011fu o \u201cilk an\u201da d\u00f6nebilmek m\u00fcmk\u00fcn m\u00fcd\u00fcr, yoksa bozulma insan\u0131, \u00fclkeyi teslim al\u0131r da bir daha b\u0131rakmaz m\u0131? Ger\u00e7e\u011fe De\u011fen \u0130htimal, Eser ile Ekim\u2019in 1993\u2019te ba\u015flayan a\u015fk\u0131n\u0131 2022 y\u0131l\u0131na kadar takip ediyor. Tabii ki T\u00fcrkiye\u2019nin son 30 y\u0131ll\u0131k o sanc\u0131l\u0131 de\u011fi\u015fim d\u00f6nemini atlamadan. Hem de metal, arabesk ve tam bir \u201cpatlama\u201d halindeki T\u00fcrk pop m\u00fczi\u011fi e\u015fli\u011finde. Ger\u00e7e\u011fe De\u011fen \u0130htimal, b\u00fcy\u00fck bir a\u015fk\u0131n ve b\u00fcy\u00fck bir \u00fclkenin zamana ve \u00f6l\u00fcme direnme hik\u00e2yesini anlat\u0131yor. <\/p>\n","protected":false},"excerpt":{"rendered":"<p>Zaman, 90\u2019lar\u0131n ba\u015f\u0131\u2026 Devletin karanl\u0131k g\u00fc\u00e7lerle i\u015fbirli\u011fi i\u00e7inde \u201crutin d\u0131\u015f\u0131na\u201d \u00e7\u0131kt\u0131\u011f\u0131\u2026 T\u00fcrkiye\u2019nin ilk defa \u201chiper enflasyon\u201dla tan\u0131\u015ft\u0131\u011f\u0131\u2026 Her t\u00fcrden tarikat\u0131n, faili me\u00e7hul cinayetlerin patlad\u0131\u011f\u0131\u2026 Darbeci generaller<span class=\"excerpt-hellip\"> [\u2026]<\/span><\/p>\n","protected":false},"featured_media":0,"template":"","meta":{"_monsterinsights_skip_tracking":false,"_monsterinsights_sitenote_active":false,"_monsterinsights_sitenote_note":"","_monsterinsights_sitenote_category":0},"product_brand":[],"product_cat":[12291,12711],"product_tag":[],"class_list":{"0":"post-771435","1":"product","2":"type-product","3":"status-publish","5":"product_cat-edebiyat","6":"product_cat-roman-oyku","7":"pa_cilt-ciltsiz","8":"pa_tur-kitap","9":"pa_yayinevi-sayfa6-yayinlari","10":"pa_yazar-baki-can-edipoglu","12":"first","13":"instock","14":"sale","15":"shipping-taxable","16":"purchasable","17":"product-type-simple"},"_links":{"self":[{"href":"https:\/\/roveyayinevi.com.tr\/index.php\/wp-json\/wp\/v2\/product\/771435","targetHints":{"allow":["GET"]}}],"collection":[{"href":"https:\/\/roveyayinevi.com.tr\/index.php\/wp-json\/wp\/v2\/product"}],"about":[{"href":"https:\/\/roveyayinevi.com.tr\/index.php\/wp-json\/wp\/v2\/types\/product"}],"wp:attachment":[{"href":"https:\/\/roveyayinevi.com.tr\/index.php\/wp-json\/wp\/v2\/media?parent=771435"}],"wp:term":[{"taxonomy":"product_brand","embeddable":true,"href":"https:\/\/roveyayinevi.com.tr\/index.php\/wp-json\/wp\/v2\/product_brand?post=771435"},{"taxonomy":"product_cat","embeddable":true,"href":"https:\/\/roveyayinevi.com.tr\/index.php\/wp-json\/wp\/v2\/product_cat?post=771435"},{"taxonomy":"product_tag","embeddable":true,"href":"https:\/\/roveyayinevi.com.tr\/index.php\/wp-json\/wp\/v2\/product_tag?post=771435"}],"curies":[{"name":"wp","href":"https:\/\/api.w.org\/{rel}","templated":true}]}}