{"id":771434,"date":"2025-08-28T15:04:56","date_gmt":"2025-08-28T12:04:56","guid":{"rendered":"https:\/\/roveyayinevi.com.tr\/index.php\/urun\/butun-yonleriyle-islami-yasama-sanati\/"},"modified":"2026-04-15T03:37:46","modified_gmt":"2026-04-15T00:37:46","slug":"butun-yonleriyle-islami-yasama-sanati","status":"publish","type":"product","link":"https:\/\/roveyayinevi.com.tr\/index.php\/urun\/butun-yonleriyle-islami-yasama-sanati\/","title":{"rendered":"B\u00fct\u00fcn Y\u00f6nleriyle \u0130slam\u2019\u0131 Ya\u015fama Sanat\u0131"},"content":{"rendered":"<p>K\u0131ymetli okuyucu bu kitap Cennet vatan\u0131m\u0131zda yeti\u015fmi\u015f sevgi insan\u0131 Yunus Emre\u2019nin Kur\u2019an\u2019dan ald\u0131\u011f\u0131 ders ile Rabbimize can\u0131 g\u00f6n\u00fclden y\u00f6nelerek \u201cBana seni gerek seni\u201d dedi\u011fi gibi Allah\u2019a d\u00f6nmek ve O\u2019na \u00e7ok samimi bir kul olmak i\u00e7in yaz\u0131lm\u0131\u015ft\u0131r. Zira bu d\u00f6n\u00fc\u015f\u00fcn\u00fcz size  O\u2019nun rahmetini i\u00e7inizde derin bir huzur hali olarak yudumlatacakt\u0131r. Yine Konya\u2019m\u0131z\u0131n ba\u011fr\u0131nda yatan Hazreti Mevl\u00e2na\u2019n\u0131n dedi\u011fi gibi: \u201cMen bende-i Kur\u2019an\u2019em e\u011fer can darem. Men h\u00e2k-i reh-i Muhammed-i Muhtarem.\u201d   Yani: \u201cBen bu bedenimde bu can\u0131 ta\u015f\u0131d\u0131\u011f\u0131m s\u00fcrece Kur\u2019an\u2019\u0131n talebesiyim. Kur\u2019an\u2019a t\u00fcm benli\u011fimle eksiksiz ,tam ba\u011fl\u0131y\u0131m. Se\u00e7ilmi\u015f peygamber olan Hazreti Muhammed\u2019in (s.a.v.) yolunun topra\u011f\u0131y\u0131m, daima onun o mutlu ve kutlu yolunday\u0131m, izindeyim.\u201d diyelim diye yaz\u0131lm\u0131\u015ft\u0131r. \u00d6yleyse \u015fimdi siz aziz okuyucular\u0131 y\u00fcce dinimiz \u0130slamiyet ile Kur\u2019an\u2019\u0131m\u0131z ile  bulu\u015fturan ve en k\u0131sa yoldan \u0130slam\u2019\u0131 \u00f6\u011freten bu kitab\u0131mla ba\u015f ba\u015fa b\u0131rak\u0131yorum. Hepinize mutlu ve huzurlu okumalar diliyorum.    <\/p>\n","protected":false},"excerpt":{"rendered":"<p>K\u0131ymetli okuyucu bu kitap Cennet vatan\u0131m\u0131zda yeti\u015fmi\u015f sevgi insan\u0131 Yunus Emre\u2019nin Kur\u2019an\u2019dan ald\u0131\u011f\u0131 ders ile Rabbimize can\u0131 g\u00f6n\u00fclden y\u00f6nelerek \u201cBana seni gerek seni\u201d dedi\u011fi gibi Allah\u2019a<span class=\"excerpt-hellip\"> [\u2026]<\/span><\/p>\n","protected":false},"featured_media":0,"template":"","meta":{"_monsterinsights_skip_tracking":false,"_monsterinsights_sitenote_active":false,"_monsterinsights_sitenote_note":"","_monsterinsights_sitenote_category":0},"product_brand":[],"product_cat":[12718,12719],"product_tag":[],"class_list":{"0":"post-771434","1":"product","2":"type-product","3":"status-publish","5":"product_cat-din","6":"product_cat-islam","7":"pa_cilt-ciltsiz","8":"pa_tur-kitap","9":"pa_yayinevi-doksan-dokuz-yayinlari","10":"pa_yazar-yilmaz-yenidinc","12":"first","13":"instock","14":"sale","15":"shipping-taxable","16":"purchasable","17":"product-type-simple"},"_links":{"self":[{"href":"https:\/\/roveyayinevi.com.tr\/index.php\/wp-json\/wp\/v2\/product\/771434","targetHints":{"allow":["GET"]}}],"collection":[{"href":"https:\/\/roveyayinevi.com.tr\/index.php\/wp-json\/wp\/v2\/product"}],"about":[{"href":"https:\/\/roveyayinevi.com.tr\/index.php\/wp-json\/wp\/v2\/types\/product"}],"wp:attachment":[{"href":"https:\/\/roveyayinevi.com.tr\/index.php\/wp-json\/wp\/v2\/media?parent=771434"}],"wp:term":[{"taxonomy":"product_brand","embeddable":true,"href":"https:\/\/roveyayinevi.com.tr\/index.php\/wp-json\/wp\/v2\/product_brand?post=771434"},{"taxonomy":"product_cat","embeddable":true,"href":"https:\/\/roveyayinevi.com.tr\/index.php\/wp-json\/wp\/v2\/product_cat?post=771434"},{"taxonomy":"product_tag","embeddable":true,"href":"https:\/\/roveyayinevi.com.tr\/index.php\/wp-json\/wp\/v2\/product_tag?post=771434"}],"curies":[{"name":"wp","href":"https:\/\/api.w.org\/{rel}","templated":true}]}}