{"id":771432,"date":"2025-08-28T15:04:50","date_gmt":"2025-08-28T12:04:50","guid":{"rendered":"https:\/\/roveyayinevi.com.tr\/index.php\/urun\/biber-ve-ben\/"},"modified":"2026-04-15T03:37:46","modified_gmt":"2026-04-15T00:37:46","slug":"biber-ve-ben","status":"publish","type":"product","link":"https:\/\/roveyayinevi.com.tr\/index.php\/urun\/biber-ve-ben\/","title":{"rendered":"Biber ve Ben"},"content":{"rendered":"<p>New York Times 2024\u2019\u00fcn En \u0130yi \u00c7ocuk Kitaplar\u0131 Se\u00e7kisi Kirkus 2024\u2019\u00fcn En \u0130yi Resimli Kitab\u0131 \u0130ll\u00fcstrat\u00f6rler Derne\u011fi 2024\u2019\u00fcn En \u0130yi Resimli Kitab\u0131D\u00fcnya \u00e7ap\u0131nda \u00e7ok sevilen resimli kitaplar\u0131n yarat\u0131c\u0131s\u0131 Beatrice Alemagna\u2019dan k\u00fc\u00e7\u00fck bir k\u0131z, dizindeki yara ve beraber iyile\u015fmeleri \u00fczerine b\u00fcy\u00fcleyici bir \u00f6yk\u00fc.K\u00fc\u00e7\u00fck k\u0131z sokakta d\u00fc\u015f\u00fcp de dizi s\u0131yr\u0131ld\u0131\u011f\u0131nda, babas\u0131 endi\u015felenmemesini, yaras\u0131n\u0131n bir g\u00fczel kabuk ba\u011flayaca\u011f\u0131n\u0131 s\u00f6yler ama nafile, o endi\u015felenmeden duramaz! Kabuk hi\u00e7 de g\u00fczel de\u011fildir ve dizini b\u00fckmesini engeller. Fakat g\u00fcnler ge\u00e7tik\u00e7e k\u00fc\u00e7\u00fck k\u0131z, Biber ad\u0131n\u0131 verdi\u011fi yara kabu\u011funu sevmeye ba\u015flar.Bir \u00e7ocu\u011fun i\u00e7 d\u00fcnyas\u0131na dair kusursuz bir kavray\u0131\u015f\u0131n ve ince bir mizah\u0131n \u00f6rne\u011fi Biber ve Ben \u00e7ocuklu\u011fun benzersiz, tuhaf, \u015fakac\u0131 \u00f6z\u00fcn\u00fc ke\u015ffediyor.<\/p>\n","protected":false},"excerpt":{"rendered":"<p>New York Times 2024\u2019\u00fcn En \u0130yi \u00c7ocuk Kitaplar\u0131 Se\u00e7kisi Kirkus 2024\u2019\u00fcn En \u0130yi Resimli Kitab\u0131 \u0130ll\u00fcstrat\u00f6rler Derne\u011fi 2024\u2019\u00fcn En \u0130yi Resimli Kitab\u0131D\u00fcnya \u00e7ap\u0131nda \u00e7ok sevilen resimli<span class=\"excerpt-hellip\"> [\u2026]<\/span><\/p>\n","protected":false},"featured_media":0,"template":"","meta":{"_monsterinsights_skip_tracking":false,"_monsterinsights_sitenote_active":false,"_monsterinsights_sitenote_note":"","_monsterinsights_sitenote_category":0},"product_brand":[],"product_cat":[12274,12284],"product_tag":[],"class_list":{"0":"post-771432","1":"product","2":"type-product","3":"status-publish","5":"product_cat-cocuk-ve-genclik-kitaplari","6":"product_cat-hikayeler","7":"pa_cilt-ciltsiz","8":"pa_tur-kitap","9":"pa_yayinevi-can-cocuk-yayinlari","10":"pa_yazar-beatrice-alemagna","12":"first","13":"instock","14":"sale","15":"shipping-taxable","16":"purchasable","17":"product-type-simple"},"_links":{"self":[{"href":"https:\/\/roveyayinevi.com.tr\/index.php\/wp-json\/wp\/v2\/product\/771432","targetHints":{"allow":["GET"]}}],"collection":[{"href":"https:\/\/roveyayinevi.com.tr\/index.php\/wp-json\/wp\/v2\/product"}],"about":[{"href":"https:\/\/roveyayinevi.com.tr\/index.php\/wp-json\/wp\/v2\/types\/product"}],"wp:attachment":[{"href":"https:\/\/roveyayinevi.com.tr\/index.php\/wp-json\/wp\/v2\/media?parent=771432"}],"wp:term":[{"taxonomy":"product_brand","embeddable":true,"href":"https:\/\/roveyayinevi.com.tr\/index.php\/wp-json\/wp\/v2\/product_brand?post=771432"},{"taxonomy":"product_cat","embeddable":true,"href":"https:\/\/roveyayinevi.com.tr\/index.php\/wp-json\/wp\/v2\/product_cat?post=771432"},{"taxonomy":"product_tag","embeddable":true,"href":"https:\/\/roveyayinevi.com.tr\/index.php\/wp-json\/wp\/v2\/product_tag?post=771432"}],"curies":[{"name":"wp","href":"https:\/\/api.w.org\/{rel}","templated":true}]}}