{"id":771428,"date":"2025-08-28T15:04:32","date_gmt":"2025-08-28T12:04:32","guid":{"rendered":"https:\/\/roveyayinevi.com.tr\/index.php\/urun\/evden-cikmak-istemeyen-dinozor\/"},"modified":"2026-04-15T03:37:46","modified_gmt":"2026-04-15T00:37:46","slug":"evden-cikmak-istemeyen-dinozor","status":"publish","type":"product","link":"https:\/\/roveyayinevi.com.tr\/index.php\/urun\/evden-cikmak-istemeyen-dinozor\/","title":{"rendered":"Evden \u00c7\u0131kmak \u0130stemeyen Dinozor"},"content":{"rendered":"<p>K\u00fc\u00e7\u00fck dinozor Fred t\u00fcm zaman\u0131n\u0131 evde bilgisayar oyunlar\u0131 oynayarak ve televizyon izleyerek ge\u00e7iriyor. Ne zaman onu d\u0131\u015far\u0131da oyun oynamaya \u00e7a\u011f\u0131rsalar, verdi\u011fi cevap ayn\u0131: \u201cEvde kalmay\u0131 tercih ederim.\u201d   Bakal\u0131m arkada\u015flar\u0131 Fred\u2019i ekran ba\u015f\u0131ndan kald\u0131r\u0131p d\u0131\u015far\u0131da yapabilece\u011fi \u00e7ok daha fazla e\u011flenceli \u015feyin oldu\u011funa ikna edebilecekler mi?   Evden \u00c7\u0131kmak \u0130stemeyen Dinozor, \u00e7ocuklar\u0131n a\u00e7\u0131k havada ba\u015fkalar\u0131yla etkile\u015fimde bulunman\u0131n faydalar\u0131n\u0131 \u00f6\u011frenmelerine yard\u0131mc\u0131 oluyor. <\/p>\n","protected":false},"excerpt":{"rendered":"<p>K\u00fc\u00e7\u00fck dinozor Fred t\u00fcm zaman\u0131n\u0131 evde bilgisayar oyunlar\u0131 oynayarak ve televizyon izleyerek ge\u00e7iriyor. Ne zaman onu d\u0131\u015far\u0131da oyun oynamaya \u00e7a\u011f\u0131rsalar, verdi\u011fi cevap ayn\u0131: \u201cEvde kalmay\u0131 tercih<span class=\"excerpt-hellip\"> [\u2026]<\/span><\/p>\n","protected":false},"featured_media":0,"template":"","meta":{"_monsterinsights_skip_tracking":false,"_monsterinsights_sitenote_active":false,"_monsterinsights_sitenote_note":"","_monsterinsights_sitenote_category":0},"product_brand":[],"product_cat":[12274,12284],"product_tag":[],"class_list":{"0":"post-771428","1":"product","2":"type-product","3":"status-publish","5":"product_cat-cocuk-ve-genclik-kitaplari","6":"product_cat-hikayeler","7":"pa_cilt-ciltsiz","8":"pa_tur-kitap","9":"pa_yayinevi-1001-cicek-kitaplar","10":"pa_yazar-russell-punter","12":"first","13":"instock","14":"sale","15":"shipping-taxable","16":"purchasable","17":"product-type-simple"},"_links":{"self":[{"href":"https:\/\/roveyayinevi.com.tr\/index.php\/wp-json\/wp\/v2\/product\/771428","targetHints":{"allow":["GET"]}}],"collection":[{"href":"https:\/\/roveyayinevi.com.tr\/index.php\/wp-json\/wp\/v2\/product"}],"about":[{"href":"https:\/\/roveyayinevi.com.tr\/index.php\/wp-json\/wp\/v2\/types\/product"}],"wp:attachment":[{"href":"https:\/\/roveyayinevi.com.tr\/index.php\/wp-json\/wp\/v2\/media?parent=771428"}],"wp:term":[{"taxonomy":"product_brand","embeddable":true,"href":"https:\/\/roveyayinevi.com.tr\/index.php\/wp-json\/wp\/v2\/product_brand?post=771428"},{"taxonomy":"product_cat","embeddable":true,"href":"https:\/\/roveyayinevi.com.tr\/index.php\/wp-json\/wp\/v2\/product_cat?post=771428"},{"taxonomy":"product_tag","embeddable":true,"href":"https:\/\/roveyayinevi.com.tr\/index.php\/wp-json\/wp\/v2\/product_tag?post=771428"}],"curies":[{"name":"wp","href":"https:\/\/api.w.org\/{rel}","templated":true}]}}