{"id":771427,"date":"2025-08-28T15:04:29","date_gmt":"2025-08-28T12:04:29","guid":{"rendered":"https:\/\/roveyayinevi.com.tr\/index.php\/urun\/yasam-fistigi\/"},"modified":"2026-04-15T03:37:45","modified_gmt":"2026-04-15T00:37:45","slug":"yasam-fistigi","status":"publish","type":"product","link":"https:\/\/roveyayinevi.com.tr\/index.php\/urun\/yasam-fistigi\/","title":{"rendered":"Ya\u015fam F\u0131st\u0131\u011f\u0131"},"content":{"rendered":"<p>Bir g\u00fcn bir haber alm\u0131\u015ft\u0131m ve her \u015fey \u00f6nemini, \u00f6nceli\u011fini yitirmi\u015fti. G\u00fcnl\u00fck dertleri, can\u0131m\u0131 s\u0131kan problemler, ki\u015filer\u2026 Hi\u00e7bir \u015fey yoktu. T\u00fcm bunlar yeri kanser te\u015fhisime yani b\u00fcy\u00fck bir belirsizli\u011fe b\u0131rakm\u0131\u015ft\u0131.   Yapaca\u011f\u0131m i\u015fler, okulum, i\u015fim, sosyal aktivitelerim, zaman, mekan, duygu durumum, sosyal rollerim her \u015fey bir anda de\u011fi\u015fti. Yok oldu\u2026 Bo\u015f bir odada yapayaln\u0131z hissediyordum. Hayat\u0131n durma noktas\u0131 dedikleri an\u0131 ya\u015f\u0131yordum. O an m\u00fccadelem ba\u015flam\u0131\u015ft\u0131.   Kitapta sadece benim deneyimlerim de\u011fil, psikiyatrist olan halam ve onkolog arkada\u015f\u0131n\u0131n g\u00f6r\u00fc\u015fleri de yer ald\u0131. Ya\u015fam F\u0131st\u0131\u011f\u0131\u2019n\u0131 hastal\u0131kla birlikte edindi\u011fim tecr\u00fcbelerimi payla\u015fmak, elimden geldi\u011fince ba\u015f etme becerilerine ili\u015fkin fikir vermek, ortak oldu\u011funu d\u00fc\u015f\u00fcnd\u00fc\u011f\u00fcm ac\u0131lar\u0131m\u0131z\u0131 payla\u015fmak ve ayn\u0131 yolda ilerleyenlere  yolda\u015f olmak i\u00e7in yazd\u0131m.   Benzer \u015feylerin ya\u015fand\u0131\u011f\u0131n\u0131 bilmenin g\u00fc\u00e7 verdi\u011fine inan\u0131yorum. Hi\u00e7birimiz yaln\u0131z de\u011filiz\u2026 <\/p>\n","protected":false},"excerpt":{"rendered":"<p>Bir g\u00fcn bir haber alm\u0131\u015ft\u0131m ve her \u015fey \u00f6nemini, \u00f6nceli\u011fini yitirmi\u015fti. G\u00fcnl\u00fck dertleri, can\u0131m\u0131 s\u0131kan problemler, ki\u015filer\u2026 Hi\u00e7bir \u015fey yoktu. T\u00fcm bunlar yeri kanser te\u015fhisime yani<span class=\"excerpt-hellip\"> [\u2026]<\/span><\/p>\n","protected":false},"featured_media":0,"template":"","meta":{"_monsterinsights_skip_tracking":false,"_monsterinsights_sitenote_active":false,"_monsterinsights_sitenote_note":"","_monsterinsights_sitenote_category":0},"product_brand":[],"product_cat":[18545,12291],"product_tag":[],"class_list":{"0":"post-771427","1":"product","2":"type-product","3":"status-publish","5":"product_cat-anlati","6":"product_cat-edebiyat","7":"pa_cilt-ciltsiz","8":"pa_tur-kitap","9":"pa_yayinevi-dus-sozcukleri","10":"pa_yazar-ayla-nese-soykan","12":"first","13":"instock","14":"sale","15":"shipping-taxable","16":"purchasable","17":"product-type-simple"},"_links":{"self":[{"href":"https:\/\/roveyayinevi.com.tr\/index.php\/wp-json\/wp\/v2\/product\/771427","targetHints":{"allow":["GET"]}}],"collection":[{"href":"https:\/\/roveyayinevi.com.tr\/index.php\/wp-json\/wp\/v2\/product"}],"about":[{"href":"https:\/\/roveyayinevi.com.tr\/index.php\/wp-json\/wp\/v2\/types\/product"}],"wp:attachment":[{"href":"https:\/\/roveyayinevi.com.tr\/index.php\/wp-json\/wp\/v2\/media?parent=771427"}],"wp:term":[{"taxonomy":"product_brand","embeddable":true,"href":"https:\/\/roveyayinevi.com.tr\/index.php\/wp-json\/wp\/v2\/product_brand?post=771427"},{"taxonomy":"product_cat","embeddable":true,"href":"https:\/\/roveyayinevi.com.tr\/index.php\/wp-json\/wp\/v2\/product_cat?post=771427"},{"taxonomy":"product_tag","embeddable":true,"href":"https:\/\/roveyayinevi.com.tr\/index.php\/wp-json\/wp\/v2\/product_tag?post=771427"}],"curies":[{"name":"wp","href":"https:\/\/api.w.org\/{rel}","templated":true}]}}