{"id":771421,"date":"2025-08-28T15:04:20","date_gmt":"2025-08-28T12:04:20","guid":{"rendered":"https:\/\/roveyayinevi.com.tr\/index.php\/urun\/iki-kaya-dibiyiz-uzagimiz-bile-ayni\/"},"modified":"2026-04-15T03:37:45","modified_gmt":"2026-04-15T00:37:45","slug":"iki-kaya-dibiyiz-uzagimiz-bile-ayni","status":"publish","type":"product","link":"https:\/\/roveyayinevi.com.tr\/index.php\/urun\/iki-kaya-dibiyiz-uzagimiz-bile-ayni\/","title":{"rendered":"\u0130ki Kaya Dibiyiz Uza\u011f\u0131m\u0131z Bile Ayn\u0131"},"content":{"rendered":"<p>tanr\u0131m bu benim utanc\u0131m suya bak\u0131nca ku\u015flar\u0131 g\u00f6r\u00fcyorum g\u00f6\u011fe bak\u0131nca kendimi<\/p>\n","protected":false},"excerpt":{"rendered":"<p>tanr\u0131m bu benim utanc\u0131m suya bak\u0131nca ku\u015flar\u0131 g\u00f6r\u00fcyorum g\u00f6\u011fe bak\u0131nca kendimi<\/p>\n","protected":false},"featured_media":0,"template":"","meta":{"_monsterinsights_skip_tracking":false,"_monsterinsights_sitenote_active":false,"_monsterinsights_sitenote_note":"","_monsterinsights_sitenote_category":0},"product_brand":[],"product_cat":[12291,12509],"product_tag":[],"class_list":{"0":"post-771421","1":"product","2":"type-product","3":"status-publish","5":"product_cat-edebiyat","6":"product_cat-siir","7":"pa_cilt-ciltsiz","8":"pa_tur-kitap","9":"pa_yayinevi-kuytu-yayinlari","10":"pa_yazar-gulseren-alkan","12":"first","13":"instock","14":"sale","15":"shipping-taxable","16":"purchasable","17":"product-type-simple"},"_links":{"self":[{"href":"https:\/\/roveyayinevi.com.tr\/index.php\/wp-json\/wp\/v2\/product\/771421","targetHints":{"allow":["GET"]}}],"collection":[{"href":"https:\/\/roveyayinevi.com.tr\/index.php\/wp-json\/wp\/v2\/product"}],"about":[{"href":"https:\/\/roveyayinevi.com.tr\/index.php\/wp-json\/wp\/v2\/types\/product"}],"wp:attachment":[{"href":"https:\/\/roveyayinevi.com.tr\/index.php\/wp-json\/wp\/v2\/media?parent=771421"}],"wp:term":[{"taxonomy":"product_brand","embeddable":true,"href":"https:\/\/roveyayinevi.com.tr\/index.php\/wp-json\/wp\/v2\/product_brand?post=771421"},{"taxonomy":"product_cat","embeddable":true,"href":"https:\/\/roveyayinevi.com.tr\/index.php\/wp-json\/wp\/v2\/product_cat?post=771421"},{"taxonomy":"product_tag","embeddable":true,"href":"https:\/\/roveyayinevi.com.tr\/index.php\/wp-json\/wp\/v2\/product_tag?post=771421"}],"curies":[{"name":"wp","href":"https:\/\/api.w.org\/{rel}","templated":true}]}}