{"id":771420,"date":"2025-08-28T15:04:18","date_gmt":"2025-08-28T12:04:18","guid":{"rendered":"https:\/\/roveyayinevi.com.tr\/index.php\/urun\/gul-demi\/"},"modified":"2026-04-15T03:37:45","modified_gmt":"2026-04-15T00:37:45","slug":"gul-demi","status":"publish","type":"product","link":"https:\/\/roveyayinevi.com.tr\/index.php\/urun\/gul-demi\/","title":{"rendered":"G\u00fcl Demi"},"content":{"rendered":"<p>Bir ku\u015fun kanad\u0131 kadar hafifti oysa D\u00fc\u015flerin r\u00fcyalar\u0131nda Kimse bilmez! Bir ku\u015fun kanad\u0131 ka\u00e7 k\u0131rat k\u00fcld\u00fc O, do\u011fumunca&#8230; U\u00e7amazsa bilinmezdi y\u00fcre\u011fin Ka\u00e7 k\u0131raat sesiydi t\u00fcylerin Sessizli\u011fi, g\u00f6lgesi s\u0131\u011fas\u0131nca&#8230;<\/p>\n","protected":false},"excerpt":{"rendered":"<p>Bir ku\u015fun kanad\u0131 kadar hafifti oysa D\u00fc\u015flerin r\u00fcyalar\u0131nda Kimse bilmez! Bir ku\u015fun kanad\u0131 ka\u00e7 k\u0131rat k\u00fcld\u00fc O, do\u011fumunca&#8230; U\u00e7amazsa bilinmezdi y\u00fcre\u011fin Ka\u00e7 k\u0131raat sesiydi t\u00fcylerin Sessizli\u011fi,<span class=\"excerpt-hellip\"> [\u2026]<\/span><\/p>\n","protected":false},"featured_media":0,"template":"","meta":{"_monsterinsights_skip_tracking":false,"_monsterinsights_sitenote_active":false,"_monsterinsights_sitenote_note":"","_monsterinsights_sitenote_category":0},"product_brand":[],"product_cat":[12291,12509],"product_tag":[],"class_list":{"0":"post-771420","1":"product","2":"type-product","3":"status-publish","5":"product_cat-edebiyat","6":"product_cat-siir","7":"pa_cilt-ciltsiz","8":"pa_tur-kitap","9":"pa_yayinevi-kuytu-yayinlari","10":"pa_yazar-figen-korkut","12":"first","13":"instock","14":"sale","15":"shipping-taxable","16":"purchasable","17":"product-type-simple"},"_links":{"self":[{"href":"https:\/\/roveyayinevi.com.tr\/index.php\/wp-json\/wp\/v2\/product\/771420","targetHints":{"allow":["GET"]}}],"collection":[{"href":"https:\/\/roveyayinevi.com.tr\/index.php\/wp-json\/wp\/v2\/product"}],"about":[{"href":"https:\/\/roveyayinevi.com.tr\/index.php\/wp-json\/wp\/v2\/types\/product"}],"wp:attachment":[{"href":"https:\/\/roveyayinevi.com.tr\/index.php\/wp-json\/wp\/v2\/media?parent=771420"}],"wp:term":[{"taxonomy":"product_brand","embeddable":true,"href":"https:\/\/roveyayinevi.com.tr\/index.php\/wp-json\/wp\/v2\/product_brand?post=771420"},{"taxonomy":"product_cat","embeddable":true,"href":"https:\/\/roveyayinevi.com.tr\/index.php\/wp-json\/wp\/v2\/product_cat?post=771420"},{"taxonomy":"product_tag","embeddable":true,"href":"https:\/\/roveyayinevi.com.tr\/index.php\/wp-json\/wp\/v2\/product_tag?post=771420"}],"curies":[{"name":"wp","href":"https:\/\/api.w.org\/{rel}","templated":true}]}}