{"id":771412,"date":"2025-08-28T15:04:09","date_gmt":"2025-08-28T12:04:09","guid":{"rendered":"https:\/\/roveyayinevi.com.tr\/index.php\/urun\/alt-orta-paleolitik-okumalari-ve-kahramanmarasta-insanlik-tarihinin-ilk-izler\/"},"modified":"2026-04-15T03:37:45","modified_gmt":"2026-04-15T00:37:45","slug":"alt-orta-paleolitik-okumalari-ve-kahramanmarasta-insanlik-tarihinin-ilk-izler","status":"publish","type":"product","link":"https:\/\/roveyayinevi.com.tr\/index.php\/urun\/alt-orta-paleolitik-okumalari-ve-kahramanmarasta-insanlik-tarihinin-ilk-izler\/","title":{"rendered":"Alt-Orta Paleolitik Okumalar\u0131 ve Kahramanmara\u015f\u2019ta \u0130nsanl\u0131k Tarihinin \u0130lk \u0130zler"},"content":{"rendered":"<p>Bu kitab\u0131 yazmaktaki amac\u0131m, son otuz y\u0131lda biriktirdi\u011fim bilgilerin ve ara\u015ft\u0131rma sonu\u00e7lar\u0131n\u0131n bir k\u0131sm\u0131n\u0131, tarih\u00f6ncesini okumak ve anlamak isteyenlerle payla\u015fmak, onlara bir bak\u0131\u015f a\u00e7\u0131s\u0131 sunmakt\u0131r. Bu payla\u015f\u0131mda Tarih\u00f6ncesi Arkeolojisi biliminin \u00f6nce daha a\u00e7\u0131k olarak anla\u015f\u0131lmas\u0131 i\u00e7in baz\u0131 kavramlara yer vermeyi ve ard\u0131ndan da Kahramanmara\u015f ilinde yapt\u0131\u011f\u0131m y\u00fczey ara\u015ft\u0131rmas\u0131 sonu\u00e7lar\u0131yla ili\u015fkilendirmeyi hedefledim. Bu hedef i\u00e7in haz\u0131rlam\u0131\u015f oldu\u011fum kitapta farkl\u0131 zamanlarda \u00fcretilmi\u015f ve farkl\u0131 kaynaklara ait olan bilgilere de yer verdim. Sonu\u00e7ta baz\u0131 temel bilgiler konusunda kabul g\u00f6rm\u00fc\u015f do\u011frular\u0131n de\u011fi\u015ftirilmesi veya farkl\u0131 \u015fekillerde anlat\u0131lmas\u0131 sonucu de\u011fi\u015ftirmeyecektir. Bilim felsefesi a\u00e7\u0131s\u0131ndan bak\u0131ld\u0131\u011f\u0131nda, bilimin ger\u00e7ek\u00e7i ya da pozitif taraf\u0131ndan bak\u0131lmas\u0131 gereklili\u011finden \u00e7ok uzakla\u015fmadan tarih\u00f6ncesini Paleolitik \u00c7a\u011f\u2019\u0131n ba\u015flang\u0131c\u0131yla ifade etmeye \u00e7al\u0131\u015fman\u0131n, kitab\u0131 okuyanlara bir art\u0131 de\u011fer kataca\u011f\u0131na inanmaktay\u0131m (Cevdet Merih Erek). <\/p>\n","protected":false},"excerpt":{"rendered":"<p>Bu kitab\u0131 yazmaktaki amac\u0131m, son otuz y\u0131lda biriktirdi\u011fim bilgilerin ve ara\u015ft\u0131rma sonu\u00e7lar\u0131n\u0131n bir k\u0131sm\u0131n\u0131, tarih\u00f6ncesini okumak ve anlamak isteyenlerle payla\u015fmak, onlara bir bak\u0131\u015f a\u00e7\u0131s\u0131 sunmakt\u0131r. Bu<span class=\"excerpt-hellip\"> [\u2026]<\/span><\/p>\n","protected":false},"featured_media":0,"template":"","meta":{"_monsterinsights_skip_tracking":false,"_monsterinsights_sitenote_active":false,"_monsterinsights_sitenote_note":"","_monsterinsights_sitenote_category":0},"product_brand":[],"product_cat":[52477,52478],"product_tag":[],"class_list":{"0":"post-771412","1":"product","2":"type-product","3":"status-publish","5":"product_cat-arastirma","6":"product_cat-arkeoloji","7":"pa_cilt-ciltsiz","8":"pa_tur-kitap","9":"pa_yayinevi-myrina-yayinlari","10":"pa_yazar-cevdet-merih-erek","12":"first","13":"instock","14":"sale","15":"shipping-taxable","16":"purchasable","17":"product-type-simple"},"_links":{"self":[{"href":"https:\/\/roveyayinevi.com.tr\/index.php\/wp-json\/wp\/v2\/product\/771412","targetHints":{"allow":["GET"]}}],"collection":[{"href":"https:\/\/roveyayinevi.com.tr\/index.php\/wp-json\/wp\/v2\/product"}],"about":[{"href":"https:\/\/roveyayinevi.com.tr\/index.php\/wp-json\/wp\/v2\/types\/product"}],"wp:attachment":[{"href":"https:\/\/roveyayinevi.com.tr\/index.php\/wp-json\/wp\/v2\/media?parent=771412"}],"wp:term":[{"taxonomy":"product_brand","embeddable":true,"href":"https:\/\/roveyayinevi.com.tr\/index.php\/wp-json\/wp\/v2\/product_brand?post=771412"},{"taxonomy":"product_cat","embeddable":true,"href":"https:\/\/roveyayinevi.com.tr\/index.php\/wp-json\/wp\/v2\/product_cat?post=771412"},{"taxonomy":"product_tag","embeddable":true,"href":"https:\/\/roveyayinevi.com.tr\/index.php\/wp-json\/wp\/v2\/product_tag?post=771412"}],"curies":[{"name":"wp","href":"https:\/\/api.w.org\/{rel}","templated":true}]}}